{"id":54752,"date":"2022-02-28T13:46:45","date_gmt":"2022-02-28T13:46:45","guid":{"rendered":"https:\/\/dotorbus.com\/de-compras\/"},"modified":"2022-10-11T14:02:31","modified_gmt":"2022-10-11T14:02:31","slug":"shopping","status":"publish","type":"page","link":"https:\/\/dotorbus.com\/en\/shopping\/","title":{"rendered":"Shopping"},"content":{"rendered":"<div class=\"wpb-content-wrapper\"><p>[vc_row][vc_column][vc_column_text]Dotorbus takes you shopping! If you love shopping, get your group together and we will take care of the transfer. Here are some suggestions: from traditional markets to luxury outlets.[\/vc_column_text][\/vc_column][\/vc_row][vc_row equal_height=&#8221;yes&#8221; content_placement=&#8221;middle&#8221; bg_type=&#8221;bg_color&#8221; bg_override=&#8221;ex-full&#8221; type=&#8221;vc_default&#8221; bg_color_value=&#8221;#f4f4f4&#8243;][vc_column width=&#8221;1\/2&#8243; css=&#8221;.vc_custom_1664465308465{margin-left: -60% !important;padding-top: 45% !important;padding-bottom: 45% !important;background-image: url(https:\/\/dotorbus.com\/wp-content\/uploads\/centros-comerciales.jpg?id=54573) !important;background-position: center !important;background-repeat: no-repeat !important;background-size: cover !important;}&#8221;][\/vc_column][vc_column width=&#8221;1\/2&#8243; css=&#8221;.vc_custom_1649068548482{padding-top: 90px !important;padding-right: 30px !important;padding-bottom: 90px !important;padding-left: 60px !important;}&#8221;]<div id=\"ultimate-heading-369f1d48250ac1\" class=\"uvc-heading ult-adjust-bottom-margin ultimate-heading-369f1d48250ac1 uvc-4293 accent-subtitle-color\" data-hspacer=\"no_spacer\"  data-halign=\"left\" style=\"text-align:left\"><div class=\"uvc-heading-spacer no_spacer\" style=\"top\"><\/div><div class=\"uvc-main-heading ult-responsive\"  data-ultimate-target='.uvc-heading.ultimate-heading-369f1d48250ac1 h2'  data-responsive-json-new='{\"font-size\":\"desktop:36px;\",\"line-height\":\"desktop:46px;\"}' ><h2 style=\"font-weight:bold;margin-bottom:10px;\">Shopping malls<\/h2><\/div><\/div>[vc_column_text]Where you will find stores of different brands, restaurants, parking, leisure and entertainment. Some of them are, for example, the Maremagnum, the Splau, the Diagonal Mar, the Maquinista, the Illa Diagonal, the Gran Via 2, Las Arenas, the M\u00e0gic Badalona, Gl\u00f2ries and the Espai Giron\u00e8s&#8230;[\/vc_column_text][\/vc_column][\/vc_row][vc_row equal_height=&#8221;yes&#8221; content_placement=&#8221;middle&#8221; type=&#8221;vc_default&#8221;][vc_column width=&#8221;1\/2&#8243; css=&#8221;.vc_custom_1649068586866{padding-top: 90px !important;padding-right: 60px !important;padding-bottom: 90px !important;padding-left: 30px !important;}&#8221;]<div id=\"ultimate-heading-843969f1d48250b6f\" class=\"uvc-heading ult-adjust-bottom-margin ultimate-heading-843969f1d48250b6f uvc-9489 accent-subtitle-color\" data-hspacer=\"no_spacer\"  data-halign=\"left\" style=\"text-align:left\"><div class=\"uvc-heading-spacer no_spacer\" style=\"top\"><\/div><div class=\"uvc-main-heading ult-responsive\"  data-ultimate-target='.uvc-heading.ultimate-heading-843969f1d48250b6f h2'  data-responsive-json-new='{\"font-size\":\"desktop:36px;\",\"line-height\":\"desktop:46px;\"}' ><h2 style=\"font-weight:bold;margin-bottom:10px;\">La Roca Village, luxury Outlet<\/h2><\/div><\/div>[vc_column_text]Shopping destination with more than 160 <em>boutiques<\/em> with discounts of up to 60% off the original price. Located 40 minutes from Barcelona, La Roca Village hosts the best national and international brands with great discounts throughout the year.[\/vc_column_text][\/vc_column][vc_column width=&#8221;1\/2&#8243; css=&#8221;.vc_custom_1663603311978{margin-right: -60% !important;padding-top: 45% !important;padding-bottom: 45% !important;background-image: url(https:\/\/dotorbus.com\/wp-content\/uploads\/shopping-la-roca-village01.jpg?id=2507) !important;background-position: center !important;background-repeat: no-repeat !important;background-size: cover !important;}&#8221;][\/vc_column][\/vc_row][vc_row equal_height=&#8221;yes&#8221; content_placement=&#8221;middle&#8221; bg_type=&#8221;bg_color&#8221; bg_override=&#8221;ex-full&#8221; type=&#8221;vc_default&#8221; bg_color_value=&#8221;#f4f4f4&#8243;][vc_column width=&#8221;1\/2&#8243; css=&#8221;.vc_custom_1663603274727{margin-left: -60% !important;padding-top: 45% !important;padding-bottom: 45% !important;background-image: url(https:\/\/dotorbus.com\/wp-content\/uploads\/shopping-navidad-bcn.jpg?id=2488) !important;background-position: center !important;background-repeat: no-repeat !important;background-size: cover !important;}&#8221;][\/vc_column][vc_column width=&#8221;1\/2&#8243; css=&#8221;.vc_custom_1649068531971{padding-top: 90px !important;padding-right: 30px !important;padding-bottom: 90px !important;padding-left: 60px !important;}&#8221;]<div id=\"ultimate-heading-868869f1d48250bda\" class=\"uvc-heading ult-adjust-bottom-margin ultimate-heading-868869f1d48250bda uvc-8001 accent-subtitle-color\" data-hspacer=\"no_spacer\"  data-halign=\"left\" style=\"text-align:left\"><div class=\"uvc-heading-spacer no_spacer\" style=\"top\"><\/div><div class=\"uvc-main-heading ult-responsive\"  data-ultimate-target='.uvc-heading.ultimate-heading-868869f1d48250bda h2'  data-responsive-json-new='{\"font-size\":\"desktop:36px;\",\"line-height\":\"desktop:46px;\"}' ><h2 style=\"font-weight:bold;margin-bottom:10px;\">Santa Ll\u00facia Fair, Barcelona<\/h2><\/div><\/div>[vc_column_text]It&#8217;s one of the most popular fairs in the city and has been organized since 1786 in front of the Cathedral. You can find handicraft products and typical elements of the Christmas festivities.<\/p>\n<p>The fair is set up at the end of November or the beginning of December -always before the 13th, Santa Ll\u00facia- and is held during the days of Christmas.<\/p>\n<p>While the Fair lasts, you can enjoy shows and activities also related to Christmas customs, such as courses organized by the Association of Fishmongers of Barcelona, a giant <em>ti\u00f3<\/em>, the parade of the traditional <em>Carassa de Nadal<\/em>, <em>esbarts<\/em> dances and musical performances.[\/vc_column_text][\/vc_column][\/vc_row][vc_row equal_height=&#8221;yes&#8221; content_placement=&#8221;middle&#8221; type=&#8221;vc_default&#8221;][vc_column width=&#8221;1\/2&#8243; css=&#8221;.vc_custom_1649068586866{padding-top: 90px !important;padding-right: 60px !important;padding-bottom: 90px !important;padding-left: 30px !important;}&#8221;]<div id=\"ultimate-heading-17169f1d48250c3c\" class=\"uvc-heading ult-adjust-bottom-margin ultimate-heading-17169f1d48250c3c uvc-8684 accent-subtitle-color\" data-hspacer=\"no_spacer\"  data-halign=\"left\" style=\"text-align:left\"><div class=\"uvc-heading-spacer no_spacer\" style=\"top\"><\/div><div class=\"uvc-main-heading ult-responsive\"  data-ultimate-target='.uvc-heading.ultimate-heading-17169f1d48250c3c h2'  data-responsive-json-new='{\"font-size\":\"desktop:36px;\",\"line-height\":\"desktop:46px;\"}' ><h2 style=\"font-weight:bold;margin-bottom:10px;\">Passeig de Gr\u00e0cia, Barcelona<\/h2><\/div><\/div>[vc_column_text]Passeig de Gr\u00e0cia is one of the most famous shopping streets in Barcelona. It links Avenida Diagonal with Pla\u00e7a de Catalunya and is home to renowned fashion brands such as Chanel, Hermes, Prada, Bulgari&#8230;[\/vc_column_text][\/vc_column][vc_column width=&#8221;1\/2&#8243; css=&#8221;.vc_custom_1665407732703{margin-right: -60% !important;padding-top: 45% !important;padding-bottom: 45% !important;background-image: url(https:\/\/dotorbus.com\/wp-content\/uploads\/passeig-de-gracia.jpg?id=54579) !important;background-position: center !important;background-repeat: no-repeat !important;background-size: cover !important;}&#8221;][\/vc_column][\/vc_row][vc_row full_width=&#8221;stretch_row&#8221; equal_height=&#8221;yes&#8221; css=&#8221;.vc_custom_1664358547361{padding-top: 60px !important;padding-bottom: 30px !important;background-color: #f4f4f4 !important;}&#8221;][vc_column width=&#8221;2\/3&#8243;]<div id=\"ultimate-heading-916069f1d48250c96\" class=\"uvc-heading ult-adjust-bottom-margin ultimate-heading-916069f1d48250c96 uvc-9919 \" data-hspacer=\"no_spacer\"  data-halign=\"left\" style=\"text-align:left\"><div class=\"uvc-heading-spacer no_spacer\" style=\"top\"><\/div><div class=\"uvc-main-heading ult-responsive\"  data-ultimate-target='.uvc-heading.ultimate-heading-916069f1d48250c96 h3'  data-responsive-json-new='{\"font-size\":\"mobile_landscape:24px;\",\"line-height\":\"mobile_landscape:34px;\"}' ><h3 style=\"--font-weight:theme;color:#293084;\">ONLINE BUDGET REQUEST<\/h3><\/div><\/div>[vc_column_text]<span style=\"color: #293084;\">Request a no-obligation quote. Click the button to access the form.<\/span>[\/vc_column_text][\/vc_column][vc_column width=&#8221;1\/3&#8243;]<style type=\"text\/css\" data-type=\"the7_shortcodes-inline-css\">#default-btn-7cfcb30c4f3f1e78bcd68374c6389122 {\n  border-radius: 0px;\n  font-size: 20px;\n  line-height: 22px;\n}\n.btn-shadow#default-btn-7cfcb30c4f3f1e78bcd68374c6389122 {\n  box-shadow: 0 1px 6px rgba(0,0,0,0.12);\n  transition: box-shadow 0.2s ease-out, opacity 0.45s;\n}\n.btn-shadow#default-btn-7cfcb30c4f3f1e78bcd68374c6389122:hover {\n  box-shadow: 0 5px 11px 0 rgba(0,0,0,0.18), 0 4px 15px 0 rgba(0,0,0,0.15);\n}\n.btn-3d#default-btn-7cfcb30c4f3f1e78bcd68374c6389122:hover {\n  box-shadow: 0px 2px 0px 0px #26284a;\n}\n.btn-flat#default-btn-7cfcb30c4f3f1e78bcd68374c6389122 {\n  box-shadow: none;\n}\n.btn-flat#default-btn-7cfcb30c4f3f1e78bcd68374c6389122:hover {\n  box-shadow: none;\n}\n#default-btn-7cfcb30c4f3f1e78bcd68374c6389122.ico-right-side > i {\n  margin-right: 0px;\n  margin-left: 15px;\n}\n#default-btn-7cfcb30c4f3f1e78bcd68374c6389122 > i {\n  margin-right: 15px;\n  font-size: 24px;\n}\n#default-btn-7cfcb30c4f3f1e78bcd68374c6389122:not(:hover) {\n  border-width: 3px;\n  border-color: #293084 !important;\n  color: #293084;\n  background: none !important;\n  padding: 18px 10px 18px 10px;\n}\n#default-btn-7cfcb30c4f3f1e78bcd68374c6389122:not(:hover) * {\n  color: #293084;\n}\n#default-btn-7cfcb30c4f3f1e78bcd68374c6389122:hover {\n  border-width: 0px;\n  color: #ffffff;\n  background: #293084 !important;\n  padding: 21px 13px 21px 13px;\n}\n#default-btn-7cfcb30c4f3f1e78bcd68374c6389122:hover * {\n  color: #ffffff;\n}\n#default-btn-7cfcb30c4f3f1e78bcd68374c6389122.ico-right-side > i {\n  margin-right: 0px;\n  margin-left: 15px;\n}\n#default-btn-7cfcb30c4f3f1e78bcd68374c6389122 > i {\n  margin-right: 15px;\n}<\/style><div class=\"btn-align-center\"><a href=\"https:\/\/dotorbus.com\/en\/budget\/\" class=\"default-btn-shortcode dt-btn link-hover-off ico-right-side full-width-btn btn-flat \" id=\"default-btn-7cfcb30c4f3f1e78bcd68374c6389122\" title=\"Butget request\"><span>Online Budget<\/span><i class=\"fas fa-comments-dollar\"><\/i><\/a><\/div>[\/vc_column][\/vc_row]<\/p>\n<\/div>","protected":false},"excerpt":{"rendered":"<p>[vc_row][vc_column][vc_column_text]Dotorbus takes you shopping! If you love shopping, get your group together and we will take care of the transfer. Here are some suggestions: from traditional markets to luxury outlets.[\/vc_column_text][\/vc_column][\/vc_row][vc_row equal_height=&#8221;yes&#8221; content_placement=&#8221;middle&#8221; bg_type=&#8221;bg_color&#8221; bg_override=&#8221;ex-full&#8221; type=&#8221;vc_default&#8221; bg_color_value=&#8221;#f4f4f4&#8243;][vc_column width=&#8221;1\/2&#8243; css=&#8221;.vc_custom_1664465308465{margin-left: -60% !important;padding-top: 45% !important;padding-bottom: 45% !important;background-image: url(https:\/\/dotorbus.com\/wp-content\/uploads\/centros-comerciales.jpg?id=54573) !important;background-position: center !important;background-repeat: no-repeat !important;background-size: cover !important;}&#8221;][\/vc_column][vc_column width=&#8221;1\/2&#8243; css=&#8221;.vc_custom_1649068548482{padding-top: 90px&hellip;<\/p>\n","protected":false},"author":1,"featured_media":54578,"parent":0,"menu_order":0,"comment_status":"closed","ping_status":"closed","template":"","meta":{"footnotes":""},"class_list":["post-54752","page","type-page","status-publish","has-post-thumbnail","hentry","description-off"],"yoast_head":"<!-- This site is optimized with the Yoast SEO plugin v26.3 - https:\/\/yoast.com\/wordpress\/plugins\/seo\/ -->\n<title>Shopping - Dotorbus<\/title>\n<meta name=\"robots\" content=\"index, follow, max-snippet:-1, max-image-preview:large, max-video-preview:-1\" \/>\n<link rel=\"canonical\" href=\"https:\/\/dotorbus.com\/en\/shopping\/\" \/>\n<meta property=\"og:locale\" content=\"en_US\" \/>\n<meta property=\"og:type\" content=\"article\" \/>\n<meta property=\"og:title\" content=\"Shopping - Dotorbus\" \/>\n<meta property=\"og:description\" content=\"[vc_row][vc_column][vc_column_text]Dotorbus takes you shopping! If you love shopping, get your group together and we will take care of the transfer. Here are some suggestions: from traditional markets to luxury outlets.[\/vc_column_text][\/vc_column][\/vc_row][vc_row equal_height=&#8221;yes&#8221; content_placement=&#8221;middle&#8221; bg_type=&#8221;bg_color&#8221; bg_override=&#8221;ex-full&#8221; type=&#8221;vc_default&#8221; bg_color_value=&#8221;#f4f4f4&#8243;][vc_column width=&#8221;1\/2&#8243; css=&#8221;.vc_custom_1664465308465{margin-left: -60% !important;padding-top: 45% !important;padding-bottom: 45% !important;background-image: url(https:\/\/dotorbus.com\/wp-content\/uploads\/centros-comerciales.jpg?id=54573) !important;background-position: center !important;background-repeat: no-repeat !important;background-size: cover !important;}&#8221;][\/vc_column][vc_column width=&#8221;1\/2&#8243; css=&#8221;.vc_custom_1649068548482{padding-top: 90px&hellip;\" \/>\n<meta property=\"og:url\" content=\"https:\/\/dotorbus.com\/en\/shopping\/\" \/>\n<meta property=\"og:site_name\" content=\"Dotorbus\" \/>\n<meta property=\"article:modified_time\" content=\"2022-10-11T14:02:31+00:00\" \/>\n<script type=\"application\/ld+json\" class=\"yoast-schema-graph\">{\"@context\":\"https:\/\/schema.org\",\"@graph\":[{\"@type\":\"WebPage\",\"@id\":\"https:\/\/dotorbus.com\/en\/shopping\/\",\"url\":\"https:\/\/dotorbus.com\/en\/shopping\/\",\"name\":\"Shopping - Dotorbus\",\"isPartOf\":{\"@id\":\"https:\/\/dotorbus.com\/en\/#website\"},\"primaryImageOfPage\":{\"@id\":\"https:\/\/dotorbus.com\/en\/shopping\/#primaryimage\"},\"image\":{\"@id\":\"https:\/\/dotorbus.com\/en\/shopping\/#primaryimage\"},\"thumbnailUrl\":\"https:\/\/dotorbus.com\/wp-content\/uploads\/experiencias-de-compras.jpg\",\"datePublished\":\"2022-02-28T13:46:45+00:00\",\"dateModified\":\"2022-10-11T14:02:31+00:00\",\"breadcrumb\":{\"@id\":\"https:\/\/dotorbus.com\/en\/shopping\/#breadcrumb\"},\"inLanguage\":\"en-US\",\"potentialAction\":[{\"@type\":\"ReadAction\",\"target\":[\"https:\/\/dotorbus.com\/en\/shopping\/\"]}]},{\"@type\":\"ImageObject\",\"inLanguage\":\"en-US\",\"@id\":\"https:\/\/dotorbus.com\/en\/shopping\/#primaryimage\",\"url\":\"https:\/\/dotorbus.com\/wp-content\/uploads\/experiencias-de-compras.jpg\",\"contentUrl\":\"https:\/\/dotorbus.com\/wp-content\/uploads\/experiencias-de-compras.jpg\",\"width\":1920,\"height\":900},{\"@type\":\"BreadcrumbList\",\"@id\":\"https:\/\/dotorbus.com\/en\/shopping\/#breadcrumb\",\"itemListElement\":[{\"@type\":\"ListItem\",\"position\":1,\"name\":\"Portada\",\"item\":\"https:\/\/dotorbus.com\/en\/\"},{\"@type\":\"ListItem\",\"position\":2,\"name\":\"De compras\"}]},{\"@type\":\"WebSite\",\"@id\":\"https:\/\/dotorbus.com\/en\/#website\",\"url\":\"https:\/\/dotorbus.com\/en\/\",\"name\":\"Dotorbus\",\"description\":\"Coach &amp; Car Services\",\"publisher\":{\"@id\":\"https:\/\/dotorbus.com\/en\/#organization\"},\"potentialAction\":[{\"@type\":\"SearchAction\",\"target\":{\"@type\":\"EntryPoint\",\"urlTemplate\":\"https:\/\/dotorbus.com\/en\/?s={search_term_string}\"},\"query-input\":{\"@type\":\"PropertyValueSpecification\",\"valueRequired\":true,\"valueName\":\"search_term_string\"}}],\"inLanguage\":\"en-US\"},{\"@type\":\"Organization\",\"@id\":\"https:\/\/dotorbus.com\/en\/#organization\",\"name\":\"Dotorbus\",\"url\":\"https:\/\/dotorbus.com\/en\/\",\"logo\":{\"@type\":\"ImageObject\",\"inLanguage\":\"en-US\",\"@id\":\"https:\/\/dotorbus.com\/en\/#\/schema\/logo\/image\/\",\"url\":\"https:\/\/dotorbus.com\/wp-content\/uploads\/autocars-dotor-logo.png\",\"contentUrl\":\"https:\/\/dotorbus.com\/wp-content\/uploads\/autocars-dotor-logo.png\",\"width\":308,\"height\":80,\"caption\":\"Dotorbus\"},\"image\":{\"@id\":\"https:\/\/dotorbus.com\/en\/#\/schema\/logo\/image\/\"}}]}<\/script>\n<!-- \/ Yoast SEO plugin. -->","yoast_head_json":{"title":"Shopping - Dotorbus","robots":{"index":"index","follow":"follow","max-snippet":"max-snippet:-1","max-image-preview":"max-image-preview:large","max-video-preview":"max-video-preview:-1"},"canonical":"https:\/\/dotorbus.com\/en\/shopping\/","og_locale":"en_US","og_type":"article","og_title":"Shopping - Dotorbus","og_description":"[vc_row][vc_column][vc_column_text]Dotorbus takes you shopping! If you love shopping, get your group together and we will take care of the transfer. Here are some suggestions: from traditional markets to luxury outlets.[\/vc_column_text][\/vc_column][\/vc_row][vc_row equal_height=&#8221;yes&#8221; content_placement=&#8221;middle&#8221; bg_type=&#8221;bg_color&#8221; bg_override=&#8221;ex-full&#8221; type=&#8221;vc_default&#8221; bg_color_value=&#8221;#f4f4f4&#8243;][vc_column width=&#8221;1\/2&#8243; css=&#8221;.vc_custom_1664465308465{margin-left: -60% !important;padding-top: 45% !important;padding-bottom: 45% !important;background-image: url(https:\/\/dotorbus.com\/wp-content\/uploads\/centros-comerciales.jpg?id=54573) !important;background-position: center !important;background-repeat: no-repeat !important;background-size: cover !important;}&#8221;][\/vc_column][vc_column width=&#8221;1\/2&#8243; css=&#8221;.vc_custom_1649068548482{padding-top: 90px&hellip;","og_url":"https:\/\/dotorbus.com\/en\/shopping\/","og_site_name":"Dotorbus","article_modified_time":"2022-10-11T14:02:31+00:00","schema":{"@context":"https:\/\/schema.org","@graph":[{"@type":"WebPage","@id":"https:\/\/dotorbus.com\/en\/shopping\/","url":"https:\/\/dotorbus.com\/en\/shopping\/","name":"Shopping - Dotorbus","isPartOf":{"@id":"https:\/\/dotorbus.com\/en\/#website"},"primaryImageOfPage":{"@id":"https:\/\/dotorbus.com\/en\/shopping\/#primaryimage"},"image":{"@id":"https:\/\/dotorbus.com\/en\/shopping\/#primaryimage"},"thumbnailUrl":"https:\/\/dotorbus.com\/wp-content\/uploads\/experiencias-de-compras.jpg","datePublished":"2022-02-28T13:46:45+00:00","dateModified":"2022-10-11T14:02:31+00:00","breadcrumb":{"@id":"https:\/\/dotorbus.com\/en\/shopping\/#breadcrumb"},"inLanguage":"en-US","potentialAction":[{"@type":"ReadAction","target":["https:\/\/dotorbus.com\/en\/shopping\/"]}]},{"@type":"ImageObject","inLanguage":"en-US","@id":"https:\/\/dotorbus.com\/en\/shopping\/#primaryimage","url":"https:\/\/dotorbus.com\/wp-content\/uploads\/experiencias-de-compras.jpg","contentUrl":"https:\/\/dotorbus.com\/wp-content\/uploads\/experiencias-de-compras.jpg","width":1920,"height":900},{"@type":"BreadcrumbList","@id":"https:\/\/dotorbus.com\/en\/shopping\/#breadcrumb","itemListElement":[{"@type":"ListItem","position":1,"name":"Portada","item":"https:\/\/dotorbus.com\/en\/"},{"@type":"ListItem","position":2,"name":"De compras"}]},{"@type":"WebSite","@id":"https:\/\/dotorbus.com\/en\/#website","url":"https:\/\/dotorbus.com\/en\/","name":"Dotorbus","description":"Coach &amp; Car Services","publisher":{"@id":"https:\/\/dotorbus.com\/en\/#organization"},"potentialAction":[{"@type":"SearchAction","target":{"@type":"EntryPoint","urlTemplate":"https:\/\/dotorbus.com\/en\/?s={search_term_string}"},"query-input":{"@type":"PropertyValueSpecification","valueRequired":true,"valueName":"search_term_string"}}],"inLanguage":"en-US"},{"@type":"Organization","@id":"https:\/\/dotorbus.com\/en\/#organization","name":"Dotorbus","url":"https:\/\/dotorbus.com\/en\/","logo":{"@type":"ImageObject","inLanguage":"en-US","@id":"https:\/\/dotorbus.com\/en\/#\/schema\/logo\/image\/","url":"https:\/\/dotorbus.com\/wp-content\/uploads\/autocars-dotor-logo.png","contentUrl":"https:\/\/dotorbus.com\/wp-content\/uploads\/autocars-dotor-logo.png","width":308,"height":80,"caption":"Dotorbus"},"image":{"@id":"https:\/\/dotorbus.com\/en\/#\/schema\/logo\/image\/"}}]}},"_links":{"self":[{"href":"https:\/\/dotorbus.com\/en\/wp-json\/wp\/v2\/pages\/54752","targetHints":{"allow":["GET"]}}],"collection":[{"href":"https:\/\/dotorbus.com\/en\/wp-json\/wp\/v2\/pages"}],"about":[{"href":"https:\/\/dotorbus.com\/en\/wp-json\/wp\/v2\/types\/page"}],"author":[{"embeddable":true,"href":"https:\/\/dotorbus.com\/en\/wp-json\/wp\/v2\/users\/1"}],"replies":[{"embeddable":true,"href":"https:\/\/dotorbus.com\/en\/wp-json\/wp\/v2\/comments?post=54752"}],"version-history":[{"count":5,"href":"https:\/\/dotorbus.com\/en\/wp-json\/wp\/v2\/pages\/54752\/revisions"}],"predecessor-version":[{"id":54811,"href":"https:\/\/dotorbus.com\/en\/wp-json\/wp\/v2\/pages\/54752\/revisions\/54811"}],"wp:featuredmedia":[{"embeddable":true,"href":"https:\/\/dotorbus.com\/en\/wp-json\/wp\/v2\/media\/54578"}],"wp:attachment":[{"href":"https:\/\/dotorbus.com\/en\/wp-json\/wp\/v2\/media?parent=54752"}],"curies":[{"name":"wp","href":"https:\/\/api.w.org\/{rel}","templated":true}]}}