{"id":54451,"date":"2022-02-24T15:20:44","date_gmt":"2022-02-24T15:20:44","guid":{"rendered":"https:\/\/dotorbus.com\/colaboraciones\/"},"modified":"2022-10-06T10:19:39","modified_gmt":"2022-10-06T10:19:39","slug":"collaborations","status":"publish","type":"page","link":"https:\/\/dotorbus.com\/en\/collaborations\/","title":{"rendered":"Sponsorship and Collaborations"},"content":{"rendered":"<div class=\"wpb-content-wrapper\"><p>[vc_row][vc_column][vc_column_text]At Dotor we support and collaborate with sport clubs and social organizations in the territory.[\/vc_column_text][\/vc_column][\/vc_row][vc_row equal_height=&#8221;yes&#8221; content_placement=&#8221;middle&#8221; bg_type=&#8221;bg_color&#8221; bg_override=&#8221;ex-full&#8221; type=&#8221;vc_default&#8221; bg_color_value=&#8221;#f4f4f4&#8243;][vc_column width=&#8221;1\/2&#8243; css=&#8221;.vc_custom_1663252605422{margin-left: -60% !important;padding-top: 45% !important;padding-bottom: 45% !important;background-image: url(https:\/\/dotorbus.com\/wp-content\/uploads\/basquet-sama.jpg?id=3227) !important;background-position: center !important;background-repeat: no-repeat !important;background-size: cover !important;}&#8221;][\/vc_column][vc_column width=&#8221;1\/2&#8243; css=&#8221;.vc_custom_1649068548482{padding-top: 90px !important;padding-right: 30px !important;padding-bottom: 90px !important;padding-left: 60px !important;}&#8221;][vc_column_text]<\/p>\n<h3>B\u00e0squet Sam\u00e0<\/h3>\n<p>[\/vc_column_text][vc_column_text]Club made up of male and female players of all ages and sexes who participate in the leagues organized by the Garraf Sports Council and by the Catalan Basketball Federation.<\/p>\n<p>The Sam\u00e0 Vilanova Basketball Club works every day to teach, transmit and share its Identity Values: EFFORT, RESPECT, COMPANIONSHIP and ASPIRATION.[\/vc_column_text][\/vc_column][\/vc_row][vc_row equal_height=&#8221;yes&#8221; content_placement=&#8221;middle&#8221; type=&#8221;vc_default&#8221;][vc_column width=&#8221;1\/2&#8243; css=&#8221;.vc_custom_1649068586866{padding-top: 90px !important;padding-right: 60px !important;padding-bottom: 90px !important;padding-left: 30px !important;}&#8221;][vc_column_text]<\/p>\n<h3>Xamba<\/h3>\n<p>[\/vc_column_text][vc_column_text]It is a well-known and recognized organization in the sports field, by the basketball federation and by the entities of all the places in Catalonia where they have traveled.<\/p>\n<p>They are a benchmark in women&#8217;s basketball in the Alt Pened\u00e8s region.[\/vc_column_text][\/vc_column][vc_column width=&#8221;1\/2&#8243; css=&#8221;.vc_custom_1663252648326{margin-right: -60% !important;padding-top: 45% !important;padding-bottom: 45% !important;background-image: url(https:\/\/dotorbus.com\/wp-content\/uploads\/basquet-xamba.jpg?id=3230) !important;background-position: center !important;background-repeat: no-repeat !important;background-size: cover !important;}&#8221;][\/vc_column][\/vc_row][vc_row equal_height=&#8221;yes&#8221; content_placement=&#8221;middle&#8221; bg_type=&#8221;bg_color&#8221; bg_override=&#8221;ex-full&#8221; type=&#8221;vc_default&#8221; bg_color_value=&#8221;#f4f4f4&#8243;][vc_column width=&#8221;1\/2&#8243; css=&#8221;.vc_custom_1664440239228{margin-left: -60% !important;padding-top: 45% !important;padding-bottom: 45% !important;background-image: url(https:\/\/dotorbus.com\/wp-content\/uploads\/associacio-excursionista-st-pau.jpg?id=54520) !important;background-position: center !important;background-repeat: no-repeat !important;background-size: cover !important;}&#8221;][\/vc_column][vc_column width=&#8221;1\/2&#8243; css=&#8221;.vc_custom_1649068531971{padding-top: 90px !important;padding-right: 30px !important;padding-bottom: 90px !important;padding-left: 60px !important;}&#8221;][vc_column_text]<\/p>\n<h3>Associaci\u00f3 excursionista St. Pau<\/h3>\n<p>[\/vc_column_text][vc_column_text]It is a non-profit organization in charge of organizing activities related to the natural environment.[\/vc_column_text][\/vc_column][\/vc_row][vc_row equal_height=&#8221;yes&#8221; content_placement=&#8221;middle&#8221; type=&#8221;vc_default&#8221;][vc_column width=&#8221;1\/2&#8243; css=&#8221;.vc_custom_1649068522626{padding-top: 90px !important;padding-right: 60px !important;padding-bottom: 90px !important;padding-left: 30px !important;}&#8221;][vc_column_text]<\/p>\n<h3>Aula d&#8217;extensi\u00f3 gent gran<\/h3>\n<p>[\/vc_column_text][vc_column_text]Association of curious and proactive people with a desire to learn and expand culture through the organization of recreational and educational activities.<\/p>\n<p>Among them walks and cultural excursions to which Dotorbus has the pleasure of taking them out.[\/vc_column_text][\/vc_column][vc_column width=&#8221;1\/2&#8243; css=&#8221;.vc_custom_1663668980296{margin-right: -60% !important;padding-top: 45% !important;padding-bottom: 45% !important;background-image: url(https:\/\/dotorbus.com\/wp-content\/uploads\/aula-extensio-universitaria-gent-gran.jpg?id=54223) !important;background-position: center !important;background-repeat: no-repeat !important;background-size: cover !important;}&#8221;][\/vc_column][\/vc_row][vc_row equal_height=&#8221;yes&#8221; content_placement=&#8221;middle&#8221; bg_type=&#8221;bg_color&#8221; bg_override=&#8221;ex-full&#8221; type=&#8221;vc_default&#8221; bg_color_value=&#8221;#f4f4f4&#8243;][vc_column width=&#8221;1\/2&#8243; css=&#8221;.vc_custom_1663252774335{margin-left: -60% !important;padding-top: 45% !important;padding-bottom: 45% !important;background-image: url(https:\/\/dotorbus.com\/wp-content\/uploads\/mas-alborna.jpg?id=3236) !important;background-position: center !important;background-repeat: no-repeat !important;background-size: cover !important;}&#8221;][\/vc_column][vc_column width=&#8221;1\/2&#8243; css=&#8221;.vc_custom_1649068512213{padding-top: 90px !important;padding-right: 30px !important;padding-bottom: 90px !important;padding-left: 60px !important;}&#8221;][vc_column_text]<\/p>\n<h3>Mas Alborn\u00e0<\/h3>\n<p>[\/vc_column_text][vc_column_text]The Fundaci\u00f3 Mas Alborn\u00e0 is a non-profit organization, rooted in the Pened\u00e8s, which enhances the capacities of people with disabilities, mental disorders and other groups at risk of exclusion, creating opportunities for community and labor insertion. To achieve this, they offer a wide range of services to companies and municipalities and personalized support to people.[\/vc_column_text][\/vc_column][\/vc_row][vc_row full_width=&#8221;stretch_row&#8221; equal_height=&#8221;yes&#8221; css=&#8221;.vc_custom_1664358547361{padding-top: 60px !important;padding-bottom: 30px !important;background-color: #f4f4f4 !important;}&#8221;][vc_column width=&#8221;2\/3&#8243;]<div id=\"ultimate-heading-837369f1d48133157\" class=\"uvc-heading ult-adjust-bottom-margin ultimate-heading-837369f1d48133157 uvc-7259 \" data-hspacer=\"no_spacer\"  data-halign=\"left\" style=\"text-align:left\"><div class=\"uvc-heading-spacer no_spacer\" style=\"top\"><\/div><div class=\"uvc-main-heading ult-responsive\"  data-ultimate-target='.uvc-heading.ultimate-heading-837369f1d48133157 h3'  data-responsive-json-new='{\"font-size\":\"mobile_landscape:24px;\",\"line-height\":\"mobile_landscape:34px;\"}' ><h3 style=\"--font-weight:theme;color:#293084;\">ONLINE BUDGET REQUEST<\/h3><\/div><\/div>[vc_column_text]<span style=\"color: #293084;\">Request a no-obligation quote. Click the button to access the form.<\/span>[\/vc_column_text][\/vc_column][vc_column width=&#8221;1\/3&#8243;]<style type=\"text\/css\" data-type=\"the7_shortcodes-inline-css\">#default-btn-7cfcb30c4f3f1e78bcd68374c6389122 {\n  border-radius: 0px;\n  font-size: 20px;\n  line-height: 22px;\n}\n.btn-shadow#default-btn-7cfcb30c4f3f1e78bcd68374c6389122 {\n  box-shadow: 0 1px 6px rgba(0,0,0,0.12);\n  transition: box-shadow 0.2s ease-out, opacity 0.45s;\n}\n.btn-shadow#default-btn-7cfcb30c4f3f1e78bcd68374c6389122:hover {\n  box-shadow: 0 5px 11px 0 rgba(0,0,0,0.18), 0 4px 15px 0 rgba(0,0,0,0.15);\n}\n.btn-3d#default-btn-7cfcb30c4f3f1e78bcd68374c6389122:hover {\n  box-shadow: 0px 2px 0px 0px #26284a;\n}\n.btn-flat#default-btn-7cfcb30c4f3f1e78bcd68374c6389122 {\n  box-shadow: none;\n}\n.btn-flat#default-btn-7cfcb30c4f3f1e78bcd68374c6389122:hover {\n  box-shadow: none;\n}\n#default-btn-7cfcb30c4f3f1e78bcd68374c6389122.ico-right-side > i {\n  margin-right: 0px;\n  margin-left: 15px;\n}\n#default-btn-7cfcb30c4f3f1e78bcd68374c6389122 > i {\n  margin-right: 15px;\n  font-size: 24px;\n}\n#default-btn-7cfcb30c4f3f1e78bcd68374c6389122:not(:hover) {\n  border-width: 3px;\n  border-color: #293084 !important;\n  color: #293084;\n  background: none !important;\n  padding: 18px 10px 18px 10px;\n}\n#default-btn-7cfcb30c4f3f1e78bcd68374c6389122:not(:hover) * {\n  color: #293084;\n}\n#default-btn-7cfcb30c4f3f1e78bcd68374c6389122:hover {\n  border-width: 0px;\n  color: #ffffff;\n  background: #293084 !important;\n  padding: 21px 13px 21px 13px;\n}\n#default-btn-7cfcb30c4f3f1e78bcd68374c6389122:hover * {\n  color: #ffffff;\n}\n#default-btn-7cfcb30c4f3f1e78bcd68374c6389122.ico-right-side > i {\n  margin-right: 0px;\n  margin-left: 15px;\n}\n#default-btn-7cfcb30c4f3f1e78bcd68374c6389122 > i {\n  margin-right: 15px;\n}<\/style><div class=\"btn-align-center\"><a href=\"https:\/\/dotorbus.com\/en\/budget\/\" class=\"default-btn-shortcode dt-btn link-hover-off ico-right-side full-width-btn btn-flat \" id=\"default-btn-7cfcb30c4f3f1e78bcd68374c6389122\" title=\"Butget request\"><span>Online Budget<\/span><i class=\"fas fa-comments-dollar\"><\/i><\/a><\/div>[\/vc_column][\/vc_row]<\/p>\n<\/div>","protected":false},"excerpt":{"rendered":"<p>[vc_row][vc_column][vc_column_text]At Dotor we support and collaborate with sport clubs and social organizations in the territory.[\/vc_column_text][\/vc_column][\/vc_row][vc_row equal_height=&#8221;yes&#8221; content_placement=&#8221;middle&#8221; bg_type=&#8221;bg_color&#8221; bg_override=&#8221;ex-full&#8221; type=&#8221;vc_default&#8221; bg_color_value=&#8221;#f4f4f4&#8243;][vc_column width=&#8221;1\/2&#8243; css=&#8221;.vc_custom_1663252605422{margin-left: -60% !important;padding-top: 45% !important;padding-bottom: 45% !important;background-image: url(https:\/\/dotorbus.com\/wp-content\/uploads\/basquet-sama.jpg?id=3227) !important;background-position: center !important;background-repeat: no-repeat !important;background-size: cover !important;}&#8221;][\/vc_column][vc_column width=&#8221;1\/2&#8243; css=&#8221;.vc_custom_1649068548482{padding-top: 90px !important;padding-right: 30px !important;padding-bottom: 90px !important;padding-left: 60px !important;}&#8221;][vc_column_text] B\u00e0squet Sam\u00e0 [\/vc_column_text][vc_column_text]Club made up of male and&hellip;<\/p>\n","protected":false},"author":1,"featured_media":2138,"parent":0,"menu_order":0,"comment_status":"closed","ping_status":"closed","template":"","meta":{"footnotes":""},"class_list":["post-54451","page","type-page","status-publish","has-post-thumbnail","hentry","description-off"],"yoast_head":"<!-- This site is optimized with the Yoast SEO plugin v26.3 - https:\/\/yoast.com\/wordpress\/plugins\/seo\/ -->\n<title>Sponsorship and Collaborations - Dotorbus<\/title>\n<meta name=\"robots\" content=\"index, follow, max-snippet:-1, max-image-preview:large, max-video-preview:-1\" \/>\n<link rel=\"canonical\" href=\"https:\/\/dotorbus.com\/en\/collaborations\/\" \/>\n<meta property=\"og:locale\" content=\"en_US\" \/>\n<meta property=\"og:type\" content=\"article\" \/>\n<meta property=\"og:title\" content=\"Sponsorship and Collaborations - Dotorbus\" \/>\n<meta property=\"og:description\" content=\"[vc_row][vc_column][vc_column_text]At Dotor we support and collaborate with sport clubs and social organizations in the territory.[\/vc_column_text][\/vc_column][\/vc_row][vc_row equal_height=&#8221;yes&#8221; content_placement=&#8221;middle&#8221; bg_type=&#8221;bg_color&#8221; bg_override=&#8221;ex-full&#8221; type=&#8221;vc_default&#8221; bg_color_value=&#8221;#f4f4f4&#8243;][vc_column width=&#8221;1\/2&#8243; css=&#8221;.vc_custom_1663252605422{margin-left: -60% !important;padding-top: 45% !important;padding-bottom: 45% !important;background-image: url(https:\/\/dotorbus.com\/wp-content\/uploads\/basquet-sama.jpg?id=3227) !important;background-position: center !important;background-repeat: no-repeat !important;background-size: cover !important;}&#8221;][\/vc_column][vc_column width=&#8221;1\/2&#8243; css=&#8221;.vc_custom_1649068548482{padding-top: 90px !important;padding-right: 30px !important;padding-bottom: 90px !important;padding-left: 60px !important;}&#8221;][vc_column_text] B\u00e0squet Sam\u00e0 [\/vc_column_text][vc_column_text]Club made up of male and&hellip;\" \/>\n<meta property=\"og:url\" content=\"https:\/\/dotorbus.com\/en\/collaborations\/\" \/>\n<meta property=\"og:site_name\" content=\"Dotorbus\" \/>\n<meta property=\"article:modified_time\" content=\"2022-10-06T10:19:39+00:00\" \/>\n<script type=\"application\/ld+json\" class=\"yoast-schema-graph\">{\"@context\":\"https:\/\/schema.org\",\"@graph\":[{\"@type\":\"WebPage\",\"@id\":\"https:\/\/dotorbus.com\/en\/collaborations\/\",\"url\":\"https:\/\/dotorbus.com\/en\/collaborations\/\",\"name\":\"Sponsorship and Collaborations - Dotorbus\",\"isPartOf\":{\"@id\":\"https:\/\/dotorbus.com\/en\/#website\"},\"primaryImageOfPage\":{\"@id\":\"https:\/\/dotorbus.com\/en\/collaborations\/#primaryimage\"},\"image\":{\"@id\":\"https:\/\/dotorbus.com\/en\/collaborations\/#primaryimage\"},\"thumbnailUrl\":\"https:\/\/dotorbus.com\/wp-content\/uploads\/2015\/12\/60-plazas.jpg\",\"datePublished\":\"2022-02-24T15:20:44+00:00\",\"dateModified\":\"2022-10-06T10:19:39+00:00\",\"breadcrumb\":{\"@id\":\"https:\/\/dotorbus.com\/en\/collaborations\/#breadcrumb\"},\"inLanguage\":\"en-US\",\"potentialAction\":[{\"@type\":\"ReadAction\",\"target\":[\"https:\/\/dotorbus.com\/en\/collaborations\/\"]}]},{\"@type\":\"ImageObject\",\"inLanguage\":\"en-US\",\"@id\":\"https:\/\/dotorbus.com\/en\/collaborations\/#primaryimage\",\"url\":\"https:\/\/dotorbus.com\/wp-content\/uploads\/2015\/12\/60-plazas.jpg\",\"contentUrl\":\"https:\/\/dotorbus.com\/wp-content\/uploads\/2015\/12\/60-plazas.jpg\",\"width\":1903,\"height\":550},{\"@type\":\"BreadcrumbList\",\"@id\":\"https:\/\/dotorbus.com\/en\/collaborations\/#breadcrumb\",\"itemListElement\":[{\"@type\":\"ListItem\",\"position\":1,\"name\":\"Portada\",\"item\":\"https:\/\/dotorbus.com\/en\/\"},{\"@type\":\"ListItem\",\"position\":2,\"name\":\"Patrocinio y Colaboraciones\"}]},{\"@type\":\"WebSite\",\"@id\":\"https:\/\/dotorbus.com\/en\/#website\",\"url\":\"https:\/\/dotorbus.com\/en\/\",\"name\":\"Dotorbus\",\"description\":\"Coach &amp; Car Services\",\"publisher\":{\"@id\":\"https:\/\/dotorbus.com\/en\/#organization\"},\"potentialAction\":[{\"@type\":\"SearchAction\",\"target\":{\"@type\":\"EntryPoint\",\"urlTemplate\":\"https:\/\/dotorbus.com\/en\/?s={search_term_string}\"},\"query-input\":{\"@type\":\"PropertyValueSpecification\",\"valueRequired\":true,\"valueName\":\"search_term_string\"}}],\"inLanguage\":\"en-US\"},{\"@type\":\"Organization\",\"@id\":\"https:\/\/dotorbus.com\/en\/#organization\",\"name\":\"Dotorbus\",\"url\":\"https:\/\/dotorbus.com\/en\/\",\"logo\":{\"@type\":\"ImageObject\",\"inLanguage\":\"en-US\",\"@id\":\"https:\/\/dotorbus.com\/en\/#\/schema\/logo\/image\/\",\"url\":\"https:\/\/dotorbus.com\/wp-content\/uploads\/autocars-dotor-logo.png\",\"contentUrl\":\"https:\/\/dotorbus.com\/wp-content\/uploads\/autocars-dotor-logo.png\",\"width\":308,\"height\":80,\"caption\":\"Dotorbus\"},\"image\":{\"@id\":\"https:\/\/dotorbus.com\/en\/#\/schema\/logo\/image\/\"}}]}<\/script>\n<!-- \/ Yoast SEO plugin. -->","yoast_head_json":{"title":"Sponsorship and Collaborations - Dotorbus","robots":{"index":"index","follow":"follow","max-snippet":"max-snippet:-1","max-image-preview":"max-image-preview:large","max-video-preview":"max-video-preview:-1"},"canonical":"https:\/\/dotorbus.com\/en\/collaborations\/","og_locale":"en_US","og_type":"article","og_title":"Sponsorship and Collaborations - Dotorbus","og_description":"[vc_row][vc_column][vc_column_text]At Dotor we support and collaborate with sport clubs and social organizations in the territory.[\/vc_column_text][\/vc_column][\/vc_row][vc_row equal_height=&#8221;yes&#8221; content_placement=&#8221;middle&#8221; bg_type=&#8221;bg_color&#8221; bg_override=&#8221;ex-full&#8221; type=&#8221;vc_default&#8221; bg_color_value=&#8221;#f4f4f4&#8243;][vc_column width=&#8221;1\/2&#8243; css=&#8221;.vc_custom_1663252605422{margin-left: -60% !important;padding-top: 45% !important;padding-bottom: 45% !important;background-image: url(https:\/\/dotorbus.com\/wp-content\/uploads\/basquet-sama.jpg?id=3227) !important;background-position: center !important;background-repeat: no-repeat !important;background-size: cover !important;}&#8221;][\/vc_column][vc_column width=&#8221;1\/2&#8243; css=&#8221;.vc_custom_1649068548482{padding-top: 90px !important;padding-right: 30px !important;padding-bottom: 90px !important;padding-left: 60px !important;}&#8221;][vc_column_text] B\u00e0squet Sam\u00e0 [\/vc_column_text][vc_column_text]Club made up of male and&hellip;","og_url":"https:\/\/dotorbus.com\/en\/collaborations\/","og_site_name":"Dotorbus","article_modified_time":"2022-10-06T10:19:39+00:00","schema":{"@context":"https:\/\/schema.org","@graph":[{"@type":"WebPage","@id":"https:\/\/dotorbus.com\/en\/collaborations\/","url":"https:\/\/dotorbus.com\/en\/collaborations\/","name":"Sponsorship and Collaborations - Dotorbus","isPartOf":{"@id":"https:\/\/dotorbus.com\/en\/#website"},"primaryImageOfPage":{"@id":"https:\/\/dotorbus.com\/en\/collaborations\/#primaryimage"},"image":{"@id":"https:\/\/dotorbus.com\/en\/collaborations\/#primaryimage"},"thumbnailUrl":"https:\/\/dotorbus.com\/wp-content\/uploads\/2015\/12\/60-plazas.jpg","datePublished":"2022-02-24T15:20:44+00:00","dateModified":"2022-10-06T10:19:39+00:00","breadcrumb":{"@id":"https:\/\/dotorbus.com\/en\/collaborations\/#breadcrumb"},"inLanguage":"en-US","potentialAction":[{"@type":"ReadAction","target":["https:\/\/dotorbus.com\/en\/collaborations\/"]}]},{"@type":"ImageObject","inLanguage":"en-US","@id":"https:\/\/dotorbus.com\/en\/collaborations\/#primaryimage","url":"https:\/\/dotorbus.com\/wp-content\/uploads\/2015\/12\/60-plazas.jpg","contentUrl":"https:\/\/dotorbus.com\/wp-content\/uploads\/2015\/12\/60-plazas.jpg","width":1903,"height":550},{"@type":"BreadcrumbList","@id":"https:\/\/dotorbus.com\/en\/collaborations\/#breadcrumb","itemListElement":[{"@type":"ListItem","position":1,"name":"Portada","item":"https:\/\/dotorbus.com\/en\/"},{"@type":"ListItem","position":2,"name":"Patrocinio y Colaboraciones"}]},{"@type":"WebSite","@id":"https:\/\/dotorbus.com\/en\/#website","url":"https:\/\/dotorbus.com\/en\/","name":"Dotorbus","description":"Coach &amp; Car Services","publisher":{"@id":"https:\/\/dotorbus.com\/en\/#organization"},"potentialAction":[{"@type":"SearchAction","target":{"@type":"EntryPoint","urlTemplate":"https:\/\/dotorbus.com\/en\/?s={search_term_string}"},"query-input":{"@type":"PropertyValueSpecification","valueRequired":true,"valueName":"search_term_string"}}],"inLanguage":"en-US"},{"@type":"Organization","@id":"https:\/\/dotorbus.com\/en\/#organization","name":"Dotorbus","url":"https:\/\/dotorbus.com\/en\/","logo":{"@type":"ImageObject","inLanguage":"en-US","@id":"https:\/\/dotorbus.com\/en\/#\/schema\/logo\/image\/","url":"https:\/\/dotorbus.com\/wp-content\/uploads\/autocars-dotor-logo.png","contentUrl":"https:\/\/dotorbus.com\/wp-content\/uploads\/autocars-dotor-logo.png","width":308,"height":80,"caption":"Dotorbus"},"image":{"@id":"https:\/\/dotorbus.com\/en\/#\/schema\/logo\/image\/"}}]}},"_links":{"self":[{"href":"https:\/\/dotorbus.com\/en\/wp-json\/wp\/v2\/pages\/54451","targetHints":{"allow":["GET"]}}],"collection":[{"href":"https:\/\/dotorbus.com\/en\/wp-json\/wp\/v2\/pages"}],"about":[{"href":"https:\/\/dotorbus.com\/en\/wp-json\/wp\/v2\/types\/page"}],"author":[{"embeddable":true,"href":"https:\/\/dotorbus.com\/en\/wp-json\/wp\/v2\/users\/1"}],"replies":[{"embeddable":true,"href":"https:\/\/dotorbus.com\/en\/wp-json\/wp\/v2\/comments?post=54451"}],"version-history":[{"count":5,"href":"https:\/\/dotorbus.com\/en\/wp-json\/wp\/v2\/pages\/54451\/revisions"}],"predecessor-version":[{"id":54609,"href":"https:\/\/dotorbus.com\/en\/wp-json\/wp\/v2\/pages\/54451\/revisions\/54609"}],"wp:featuredmedia":[{"embeddable":true,"href":"https:\/\/dotorbus.com\/en\/wp-json\/wp\/v2\/media\/2138"}],"wp:attachment":[{"href":"https:\/\/dotorbus.com\/en\/wp-json\/wp\/v2\/media?parent=54451"}],"curies":[{"name":"wp","href":"https:\/\/api.w.org\/{rel}","templated":true}]}}