{"id":54751,"date":"2022-02-28T13:46:45","date_gmt":"2022-02-28T13:46:45","guid":{"rendered":"https:\/\/dotorbus.com\/de-compras\/"},"modified":"2022-10-11T13:56:00","modified_gmt":"2022-10-11T13:56:00","slug":"de-compres","status":"publish","type":"page","link":"https:\/\/dotorbus.com\/ca\/de-compres\/","title":{"rendered":"De compres"},"content":{"rendered":"<div class=\"wpb-content-wrapper\"><p>[vc_row][vc_column][vc_column_text]Dotorbus us porta de <em>shopping<\/em>! Si t&#8217;agraden les compres reuneix el teu grup i nosaltres ens encarreguem del trasllat. Aqu\u00ed us deixem uns suggeriments: des de mercats tradicionals a <em>outlets<\/em> de luxe.[\/vc_column_text][\/vc_column][\/vc_row][vc_row equal_height=&#8221;yes&#8221; content_placement=&#8221;middle&#8221; bg_type=&#8221;bg_color&#8221; bg_override=&#8221;ex-full&#8221; type=&#8221;vc_default&#8221; bg_color_value=&#8221;#f4f4f4&#8243;][vc_column width=&#8221;1\/2&#8243; css=&#8221;.vc_custom_1664465308465{margin-left: -60% !important;padding-top: 45% !important;padding-bottom: 45% !important;background-image: url(https:\/\/dotorbus.com\/wp-content\/uploads\/centros-comerciales.jpg?id=54573) !important;background-position: center !important;background-repeat: no-repeat !important;background-size: cover !important;}&#8221;][\/vc_column][vc_column width=&#8221;1\/2&#8243; css=&#8221;.vc_custom_1649068548482{padding-top: 90px !important;padding-right: 30px !important;padding-bottom: 90px !important;padding-left: 60px !important;}&#8221;]<div id=\"ultimate-heading-421269f1df45a2078\" class=\"uvc-heading ult-adjust-bottom-margin ultimate-heading-421269f1df45a2078 uvc-9284 accent-subtitle-color\" data-hspacer=\"no_spacer\"  data-halign=\"left\" style=\"text-align:left\"><div class=\"uvc-heading-spacer no_spacer\" style=\"top\"><\/div><div class=\"uvc-main-heading ult-responsive\"  data-ultimate-target='.uvc-heading.ultimate-heading-421269f1df45a2078 h2'  data-responsive-json-new='{\"font-size\":\"desktop:36px;\",\"line-height\":\"desktop:46px;\"}' ><h2 style=\"font-weight:bold;margin-bottom:10px;\">Centres comercials<\/h2><\/div><\/div>[vc_column_text]On trobareu botigues de diferents marques, servei de restauraci\u00f3, p\u00e0rquing, oci i entreteniment. Alguns d&#8217;ells s\u00f3n, per exemple, el Marem\u00e0gnum, l\u2019Splau, el Diagonal Mar, la Maquinista, l\u2019Illa Diagonal, el Gran Via 2, Les Sorres, el M\u00e0gic Badalona, Gl\u00f2ries i l\u2019Espai Giron\u00e8s\u2026[\/vc_column_text][\/vc_column][\/vc_row][vc_row equal_height=&#8221;yes&#8221; content_placement=&#8221;middle&#8221; type=&#8221;vc_default&#8221;][vc_column width=&#8221;1\/2&#8243; css=&#8221;.vc_custom_1649068586866{padding-top: 90px !important;padding-right: 60px !important;padding-bottom: 90px !important;padding-left: 30px !important;}&#8221;]<div id=\"ultimate-heading-155269f1df45a2120\" class=\"uvc-heading ult-adjust-bottom-margin ultimate-heading-155269f1df45a2120 uvc-3995 accent-subtitle-color\" data-hspacer=\"no_spacer\"  data-halign=\"left\" style=\"text-align:left\"><div class=\"uvc-heading-spacer no_spacer\" style=\"top\"><\/div><div class=\"uvc-main-heading ult-responsive\"  data-ultimate-target='.uvc-heading.ultimate-heading-155269f1df45a2120 h2'  data-responsive-json-new='{\"font-size\":\"desktop:36px;\",\"line-height\":\"desktop:46px;\"}' ><h2 style=\"font-weight:bold;margin-bottom:10px;\">La Roca Village, Outlet de luxe<\/h2><\/div><\/div>[vc_column_text]Dest\u00ed de compres amb m\u00e9s de 160 <em>boutiques<\/em> amb descomptes de fins al 60% sobre el preu original. Situat a 40 minuts de Barcelona, La Roca Village acull\u00a0les millors marques nacionals i internacionals amb grans descomptes durant tot l&#8217;any.[\/vc_column_text][\/vc_column][vc_column width=&#8221;1\/2&#8243; css=&#8221;.vc_custom_1663603311978{margin-right: -60% !important;padding-top: 45% !important;padding-bottom: 45% !important;background-image: url(https:\/\/dotorbus.com\/wp-content\/uploads\/shopping-la-roca-village01.jpg?id=2507) !important;background-position: center !important;background-repeat: no-repeat !important;background-size: cover !important;}&#8221;][\/vc_column][\/vc_row][vc_row equal_height=&#8221;yes&#8221; content_placement=&#8221;middle&#8221; bg_type=&#8221;bg_color&#8221; bg_override=&#8221;ex-full&#8221; type=&#8221;vc_default&#8221; bg_color_value=&#8221;#f4f4f4&#8243;][vc_column width=&#8221;1\/2&#8243; css=&#8221;.vc_custom_1663603274727{margin-left: -60% !important;padding-top: 45% !important;padding-bottom: 45% !important;background-image: url(https:\/\/dotorbus.com\/wp-content\/uploads\/shopping-navidad-bcn.jpg?id=2488) !important;background-position: center !important;background-repeat: no-repeat !important;background-size: cover !important;}&#8221;][\/vc_column][vc_column width=&#8221;1\/2&#8243; css=&#8221;.vc_custom_1649068531971{padding-top: 90px !important;padding-right: 30px !important;padding-bottom: 90px !important;padding-left: 60px !important;}&#8221;]<div id=\"ultimate-heading-741569f1df45a218c\" class=\"uvc-heading ult-adjust-bottom-margin ultimate-heading-741569f1df45a218c uvc-4323 accent-subtitle-color\" data-hspacer=\"no_spacer\"  data-halign=\"left\" style=\"text-align:left\"><div class=\"uvc-heading-spacer no_spacer\" style=\"top\"><\/div><div class=\"uvc-main-heading ult-responsive\"  data-ultimate-target='.uvc-heading.ultimate-heading-741569f1df45a218c h2'  data-responsive-json-new='{\"font-size\":\"desktop:36px;\",\"line-height\":\"desktop:46px;\"}' ><h2 style=\"font-weight:bold;margin-bottom:10px;\">Fira de Santa Ll\u00facia, Barcelona<\/h2><\/div><\/div>[vc_column_text]\u00c9s una de les fires m\u00e9s populars de la ciutat i s&#8217;organitza des de 1786 davant de la Catedral. Es poden trobar productes d&#8217;artesania i elements t\u00edpics de les festes de Nadal. La fira s&#8217;instal\u00b7la a finals de novembre o principis de desembre \u2015sempre abans del dia 13, Santa Ll\u00facia\u2015 i es mant\u00e9 durant els dies de Nadal. Mentre dura la fira es pot gaudir d&#8217;espectacles i d&#8217;activitats relacionats tamb\u00e9 amb els costums de Nadal, com a cursets organitzats per l&#8217;Associaci\u00f3 de Pesebristas de Barcelona, un ti\u00f3 gegant, la cercavila de la tradicional Carassa de Nadal, balls d\u2019esbarts i actuacions musicals.[\/vc_column_text][\/vc_column][\/vc_row][vc_row equal_height=&#8221;yes&#8221; content_placement=&#8221;middle&#8221; type=&#8221;vc_default&#8221;][vc_column width=&#8221;1\/2&#8243; css=&#8221;.vc_custom_1649068586866{padding-top: 90px !important;padding-right: 60px !important;padding-bottom: 90px !important;padding-left: 30px !important;}&#8221;]<div id=\"ultimate-heading-356669f1df45a21ed\" class=\"uvc-heading ult-adjust-bottom-margin ultimate-heading-356669f1df45a21ed uvc-997 accent-subtitle-color\" data-hspacer=\"no_spacer\"  data-halign=\"left\" style=\"text-align:left\"><div class=\"uvc-heading-spacer no_spacer\" style=\"top\"><\/div><div class=\"uvc-main-heading ult-responsive\"  data-ultimate-target='.uvc-heading.ultimate-heading-356669f1df45a21ed h2'  data-responsive-json-new='{\"font-size\":\"desktop:36px;\",\"line-height\":\"desktop:46px;\"}' ><h2 style=\"font-weight:bold;margin-bottom:10px;\">Passeig de Gr\u00e0cia, Barcelona<\/h2><\/div><\/div>[vc_column_text]Passeig de Gr\u00e0cia \u00e9s una dels carrers comercials m\u00e9s famosos de Barcelona. Aquest enlla\u00e7a l&#8217;Avinguda Diagonal amb Pla\u00e7a de Catalunya i \u00e9s la llar de signatures de moda de renom com Chanel, Hermes, Prada, Bulgari\u2026[\/vc_column_text][\/vc_column][vc_column width=&#8221;1\/2&#8243; css=&#8221;.vc_custom_1665407732703{margin-right: -60% !important;padding-top: 45% !important;padding-bottom: 45% !important;background-image: url(https:\/\/dotorbus.com\/wp-content\/uploads\/passeig-de-gracia.jpg?id=54579) !important;background-position: center !important;background-repeat: no-repeat !important;background-size: cover !important;}&#8221;][\/vc_column][\/vc_row][vc_row full_width=&#8221;stretch_row&#8221; equal_height=&#8221;yes&#8221; css=&#8221;.vc_custom_1664358547361{padding-top: 60px !important;padding-bottom: 30px !important;background-color: #f4f4f4 !important;}&#8221;][vc_column width=&#8221;2\/3&#8243;]<div id=\"ultimate-heading-985469f1df45a2248\" class=\"uvc-heading ult-adjust-bottom-margin ultimate-heading-985469f1df45a2248 uvc-1696 \" data-hspacer=\"no_spacer\"  data-halign=\"left\" style=\"text-align:left\"><div class=\"uvc-heading-spacer no_spacer\" style=\"top\"><\/div><div class=\"uvc-main-heading ult-responsive\"  data-ultimate-target='.uvc-heading.ultimate-heading-985469f1df45a2248 h3'  data-responsive-json-new='{\"font-size\":\"mobile_landscape:24px;\",\"line-height\":\"mobile_landscape:34px;\"}' ><h3 style=\"--font-weight:theme;color:#293084;\">SOL\u00b7LICITA EL TEU PRESSUPOST SENSE COMPROM\u00cdS<\/h3><\/div><\/div>[vc_column_text]<span style=\"color: #293084;\">T&#8217;oferim la possibilitat de sol\u00b7licitar un pressupost en l\u00ednia. Fes clic al bot\u00f3 per accedir al formulari.<\/span>[\/vc_column_text][\/vc_column][vc_column width=&#8221;1\/3&#8243;]<style type=\"text\/css\" data-type=\"the7_shortcodes-inline-css\">#default-btn-1d12505c050998fa7df3a74279216175 {\n  border-radius: 0px;\n  font-size: 20px;\n  line-height: 22px;\n}\n.btn-shadow#default-btn-1d12505c050998fa7df3a74279216175 {\n  box-shadow: 0 1px 6px rgba(0,0,0,0.12);\n  transition: box-shadow 0.2s ease-out, opacity 0.45s;\n}\n.btn-shadow#default-btn-1d12505c050998fa7df3a74279216175:hover {\n  box-shadow: 0 5px 11px 0 rgba(0,0,0,0.18), 0 4px 15px 0 rgba(0,0,0,0.15);\n}\n.btn-3d#default-btn-1d12505c050998fa7df3a74279216175:hover {\n  box-shadow: 0px 2px 0px 0px #26284a;\n}\n.btn-flat#default-btn-1d12505c050998fa7df3a74279216175 {\n  box-shadow: none;\n}\n.btn-flat#default-btn-1d12505c050998fa7df3a74279216175:hover {\n  box-shadow: none;\n}\n#default-btn-1d12505c050998fa7df3a74279216175.ico-right-side > i {\n  margin-right: 0px;\n  margin-left: 15px;\n}\n#default-btn-1d12505c050998fa7df3a74279216175 > i {\n  margin-right: 15px;\n  font-size: 24px;\n}\n#default-btn-1d12505c050998fa7df3a74279216175:not(:hover) {\n  border-width: 3px;\n  border-color: #293084 !important;\n  color: #293084;\n  background: none !important;\n  padding: 18px 10px 18px 10px;\n}\n#default-btn-1d12505c050998fa7df3a74279216175:not(:hover) * {\n  color: #293084;\n}\n#default-btn-1d12505c050998fa7df3a74279216175:hover {\n  border-width: 0px;\n  color: #ffffff;\n  background: #293084 !important;\n  padding: 21px 13px 21px 13px;\n}\n#default-btn-1d12505c050998fa7df3a74279216175:hover * {\n  color: #ffffff;\n}\n#default-btn-1d12505c050998fa7df3a74279216175.ico-right-side > i {\n  margin-right: 0px;\n  margin-left: 15px;\n}\n#default-btn-1d12505c050998fa7df3a74279216175 > i {\n  margin-right: 15px;\n}<\/style><div class=\"btn-align-center\"><a href=\"https:\/\/dotorbus.com\/ca\/pressupost\/\" class=\"default-btn-shortcode dt-btn link-hover-off ico-right-side full-width-btn btn-flat \" id=\"default-btn-1d12505c050998fa7df3a74279216175\" title=\"Sol\u00b7licita pressupost\"><span>Sol\u00b7licita pressupost<\/span><i class=\"fas fa-comments-dollar\"><\/i><\/a><\/div>[\/vc_column][\/vc_row]<\/p>\n<\/div>","protected":false},"excerpt":{"rendered":"<p>[vc_row][vc_column][vc_column_text]Dotorbus us porta de shopping! Si t&#8217;agraden les compres reuneix el teu grup i nosaltres ens encarreguem del trasllat. Aqu\u00ed us deixem uns suggeriments: des de mercats tradicionals a outlets de luxe.[\/vc_column_text][\/vc_column][\/vc_row][vc_row equal_height=&#8221;yes&#8221; content_placement=&#8221;middle&#8221; bg_type=&#8221;bg_color&#8221; bg_override=&#8221;ex-full&#8221; type=&#8221;vc_default&#8221; bg_color_value=&#8221;#f4f4f4&#8243;][vc_column width=&#8221;1\/2&#8243; css=&#8221;.vc_custom_1664465308465{margin-left: -60% !important;padding-top: 45% !important;padding-bottom: 45% !important;background-image: url(https:\/\/dotorbus.com\/wp-content\/uploads\/centros-comerciales.jpg?id=54573) !important;background-position: center !important;background-repeat: no-repeat !important;background-size: cover !important;}&#8221;][\/vc_column][vc_column width=&#8221;1\/2&#8243;&hellip;<\/p>\n","protected":false},"author":1,"featured_media":54577,"parent":0,"menu_order":0,"comment_status":"closed","ping_status":"closed","template":"","meta":{"footnotes":""},"class_list":["post-54751","page","type-page","status-publish","has-post-thumbnail","hentry","description-off"],"yoast_head":"<!-- This site is optimized with the Yoast SEO plugin v26.3 - https:\/\/yoast.com\/wordpress\/plugins\/seo\/ -->\n<title>De compres - Dotorbus<\/title>\n<meta name=\"robots\" content=\"index, follow, max-snippet:-1, max-image-preview:large, max-video-preview:-1\" \/>\n<link rel=\"canonical\" href=\"https:\/\/dotorbus.com\/ca\/de-compres\/\" \/>\n<meta property=\"og:locale\" content=\"ca_ES\" \/>\n<meta property=\"og:type\" content=\"article\" \/>\n<meta property=\"og:title\" content=\"De compres - Dotorbus\" \/>\n<meta property=\"og:description\" content=\"[vc_row][vc_column][vc_column_text]Dotorbus us porta de shopping! Si t&#8217;agraden les compres reuneix el teu grup i nosaltres ens encarreguem del trasllat. Aqu\u00ed us deixem uns suggeriments: des de mercats tradicionals a outlets de luxe.[\/vc_column_text][\/vc_column][\/vc_row][vc_row equal_height=&#8221;yes&#8221; content_placement=&#8221;middle&#8221; bg_type=&#8221;bg_color&#8221; bg_override=&#8221;ex-full&#8221; type=&#8221;vc_default&#8221; bg_color_value=&#8221;#f4f4f4&#8243;][vc_column width=&#8221;1\/2&#8243; css=&#8221;.vc_custom_1664465308465{margin-left: -60% !important;padding-top: 45% !important;padding-bottom: 45% !important;background-image: url(https:\/\/dotorbus.com\/wp-content\/uploads\/centros-comerciales.jpg?id=54573) !important;background-position: center !important;background-repeat: no-repeat !important;background-size: cover !important;}&#8221;][\/vc_column][vc_column width=&#8221;1\/2&#8243;&hellip;\" \/>\n<meta property=\"og:url\" content=\"https:\/\/dotorbus.com\/ca\/de-compres\/\" \/>\n<meta property=\"og:site_name\" content=\"Dotorbus\" \/>\n<meta property=\"article:modified_time\" content=\"2022-10-11T13:56:00+00:00\" \/>\n<meta property=\"og:image\" content=\"https:\/\/dotorbus.com\/wp-content\/uploads\/experiencias-de-compras.jpg\" \/>\n\t<meta property=\"og:image:width\" content=\"1920\" \/>\n\t<meta property=\"og:image:height\" content=\"900\" \/>\n\t<meta property=\"og:image:type\" content=\"image\/jpeg\" \/>\n<meta name=\"twitter:label1\" content=\"Temps estimat de lectura\" \/>\n\t<meta name=\"twitter:data1\" content=\"3 minuts\" \/>\n<script type=\"application\/ld+json\" class=\"yoast-schema-graph\">{\"@context\":\"https:\/\/schema.org\",\"@graph\":[{\"@type\":\"WebPage\",\"@id\":\"https:\/\/dotorbus.com\/ca\/de-compres\/\",\"url\":\"https:\/\/dotorbus.com\/ca\/de-compres\/\",\"name\":\"De compres - Dotorbus\",\"isPartOf\":{\"@id\":\"https:\/\/dotorbus.com\/ca\/#website\"},\"primaryImageOfPage\":{\"@id\":\"https:\/\/dotorbus.com\/ca\/de-compres\/#primaryimage\"},\"image\":{\"@id\":\"https:\/\/dotorbus.com\/ca\/de-compres\/#primaryimage\"},\"thumbnailUrl\":\"https:\/\/dotorbus.com\/wp-content\/uploads\/experiencias-de-compras.jpg\",\"datePublished\":\"2022-02-28T13:46:45+00:00\",\"dateModified\":\"2022-10-11T13:56:00+00:00\",\"breadcrumb\":{\"@id\":\"https:\/\/dotorbus.com\/ca\/de-compres\/#breadcrumb\"},\"inLanguage\":\"ca\",\"potentialAction\":[{\"@type\":\"ReadAction\",\"target\":[\"https:\/\/dotorbus.com\/ca\/de-compres\/\"]}]},{\"@type\":\"ImageObject\",\"inLanguage\":\"ca\",\"@id\":\"https:\/\/dotorbus.com\/ca\/de-compres\/#primaryimage\",\"url\":\"https:\/\/dotorbus.com\/wp-content\/uploads\/experiencias-de-compras.jpg\",\"contentUrl\":\"https:\/\/dotorbus.com\/wp-content\/uploads\/experiencias-de-compras.jpg\",\"width\":1920,\"height\":900},{\"@type\":\"BreadcrumbList\",\"@id\":\"https:\/\/dotorbus.com\/ca\/de-compres\/#breadcrumb\",\"itemListElement\":[{\"@type\":\"ListItem\",\"position\":1,\"name\":\"Portada\",\"item\":\"https:\/\/dotorbus.com\/ca\/\"},{\"@type\":\"ListItem\",\"position\":2,\"name\":\"De compres\"}]},{\"@type\":\"WebSite\",\"@id\":\"https:\/\/dotorbus.com\/ca\/#website\",\"url\":\"https:\/\/dotorbus.com\/ca\/\",\"name\":\"Dotorbus\",\"description\":\"Coach &amp; Car Services\",\"publisher\":{\"@id\":\"https:\/\/dotorbus.com\/ca\/#organization\"},\"potentialAction\":[{\"@type\":\"SearchAction\",\"target\":{\"@type\":\"EntryPoint\",\"urlTemplate\":\"https:\/\/dotorbus.com\/ca\/?s={search_term_string}\"},\"query-input\":{\"@type\":\"PropertyValueSpecification\",\"valueRequired\":true,\"valueName\":\"search_term_string\"}}],\"inLanguage\":\"ca\"},{\"@type\":\"Organization\",\"@id\":\"https:\/\/dotorbus.com\/ca\/#organization\",\"name\":\"Dotorbus\",\"url\":\"https:\/\/dotorbus.com\/ca\/\",\"logo\":{\"@type\":\"ImageObject\",\"inLanguage\":\"ca\",\"@id\":\"https:\/\/dotorbus.com\/ca\/#\/schema\/logo\/image\/\",\"url\":\"https:\/\/dotorbus.com\/wp-content\/uploads\/autocars-dotor-logo.png\",\"contentUrl\":\"https:\/\/dotorbus.com\/wp-content\/uploads\/autocars-dotor-logo.png\",\"width\":308,\"height\":80,\"caption\":\"Dotorbus\"},\"image\":{\"@id\":\"https:\/\/dotorbus.com\/ca\/#\/schema\/logo\/image\/\"}}]}<\/script>\n<!-- \/ Yoast SEO plugin. -->","yoast_head_json":{"title":"De compres - Dotorbus","robots":{"index":"index","follow":"follow","max-snippet":"max-snippet:-1","max-image-preview":"max-image-preview:large","max-video-preview":"max-video-preview:-1"},"canonical":"https:\/\/dotorbus.com\/ca\/de-compres\/","og_locale":"ca_ES","og_type":"article","og_title":"De compres - Dotorbus","og_description":"[vc_row][vc_column][vc_column_text]Dotorbus us porta de shopping! Si t&#8217;agraden les compres reuneix el teu grup i nosaltres ens encarreguem del trasllat. Aqu\u00ed us deixem uns suggeriments: des de mercats tradicionals a outlets de luxe.[\/vc_column_text][\/vc_column][\/vc_row][vc_row equal_height=&#8221;yes&#8221; content_placement=&#8221;middle&#8221; bg_type=&#8221;bg_color&#8221; bg_override=&#8221;ex-full&#8221; type=&#8221;vc_default&#8221; bg_color_value=&#8221;#f4f4f4&#8243;][vc_column width=&#8221;1\/2&#8243; css=&#8221;.vc_custom_1664465308465{margin-left: -60% !important;padding-top: 45% !important;padding-bottom: 45% !important;background-image: url(https:\/\/dotorbus.com\/wp-content\/uploads\/centros-comerciales.jpg?id=54573) !important;background-position: center !important;background-repeat: no-repeat !important;background-size: cover !important;}&#8221;][\/vc_column][vc_column width=&#8221;1\/2&#8243;&hellip;","og_url":"https:\/\/dotorbus.com\/ca\/de-compres\/","og_site_name":"Dotorbus","article_modified_time":"2022-10-11T13:56:00+00:00","og_image":[{"width":1920,"height":900,"url":"https:\/\/dotorbus.com\/wp-content\/uploads\/experiencias-de-compras.jpg","type":"image\/jpeg"}],"twitter_misc":{"Temps estimat de lectura":"3 minuts"},"schema":{"@context":"https:\/\/schema.org","@graph":[{"@type":"WebPage","@id":"https:\/\/dotorbus.com\/ca\/de-compres\/","url":"https:\/\/dotorbus.com\/ca\/de-compres\/","name":"De compres - Dotorbus","isPartOf":{"@id":"https:\/\/dotorbus.com\/ca\/#website"},"primaryImageOfPage":{"@id":"https:\/\/dotorbus.com\/ca\/de-compres\/#primaryimage"},"image":{"@id":"https:\/\/dotorbus.com\/ca\/de-compres\/#primaryimage"},"thumbnailUrl":"https:\/\/dotorbus.com\/wp-content\/uploads\/experiencias-de-compras.jpg","datePublished":"2022-02-28T13:46:45+00:00","dateModified":"2022-10-11T13:56:00+00:00","breadcrumb":{"@id":"https:\/\/dotorbus.com\/ca\/de-compres\/#breadcrumb"},"inLanguage":"ca","potentialAction":[{"@type":"ReadAction","target":["https:\/\/dotorbus.com\/ca\/de-compres\/"]}]},{"@type":"ImageObject","inLanguage":"ca","@id":"https:\/\/dotorbus.com\/ca\/de-compres\/#primaryimage","url":"https:\/\/dotorbus.com\/wp-content\/uploads\/experiencias-de-compras.jpg","contentUrl":"https:\/\/dotorbus.com\/wp-content\/uploads\/experiencias-de-compras.jpg","width":1920,"height":900},{"@type":"BreadcrumbList","@id":"https:\/\/dotorbus.com\/ca\/de-compres\/#breadcrumb","itemListElement":[{"@type":"ListItem","position":1,"name":"Portada","item":"https:\/\/dotorbus.com\/ca\/"},{"@type":"ListItem","position":2,"name":"De compres"}]},{"@type":"WebSite","@id":"https:\/\/dotorbus.com\/ca\/#website","url":"https:\/\/dotorbus.com\/ca\/","name":"Dotorbus","description":"Coach &amp; Car Services","publisher":{"@id":"https:\/\/dotorbus.com\/ca\/#organization"},"potentialAction":[{"@type":"SearchAction","target":{"@type":"EntryPoint","urlTemplate":"https:\/\/dotorbus.com\/ca\/?s={search_term_string}"},"query-input":{"@type":"PropertyValueSpecification","valueRequired":true,"valueName":"search_term_string"}}],"inLanguage":"ca"},{"@type":"Organization","@id":"https:\/\/dotorbus.com\/ca\/#organization","name":"Dotorbus","url":"https:\/\/dotorbus.com\/ca\/","logo":{"@type":"ImageObject","inLanguage":"ca","@id":"https:\/\/dotorbus.com\/ca\/#\/schema\/logo\/image\/","url":"https:\/\/dotorbus.com\/wp-content\/uploads\/autocars-dotor-logo.png","contentUrl":"https:\/\/dotorbus.com\/wp-content\/uploads\/autocars-dotor-logo.png","width":308,"height":80,"caption":"Dotorbus"},"image":{"@id":"https:\/\/dotorbus.com\/ca\/#\/schema\/logo\/image\/"}}]}},"_links":{"self":[{"href":"https:\/\/dotorbus.com\/ca\/wp-json\/wp\/v2\/pages\/54751","targetHints":{"allow":["GET"]}}],"collection":[{"href":"https:\/\/dotorbus.com\/ca\/wp-json\/wp\/v2\/pages"}],"about":[{"href":"https:\/\/dotorbus.com\/ca\/wp-json\/wp\/v2\/types\/page"}],"author":[{"embeddable":true,"href":"https:\/\/dotorbus.com\/ca\/wp-json\/wp\/v2\/users\/1"}],"replies":[{"embeddable":true,"href":"https:\/\/dotorbus.com\/ca\/wp-json\/wp\/v2\/comments?post=54751"}],"version-history":[{"count":4,"href":"https:\/\/dotorbus.com\/ca\/wp-json\/wp\/v2\/pages\/54751\/revisions"}],"predecessor-version":[{"id":54808,"href":"https:\/\/dotorbus.com\/ca\/wp-json\/wp\/v2\/pages\/54751\/revisions\/54808"}],"wp:featuredmedia":[{"embeddable":true,"href":"https:\/\/dotorbus.com\/ca\/wp-json\/wp\/v2\/media\/54577"}],"wp:attachment":[{"href":"https:\/\/dotorbus.com\/ca\/wp-json\/wp\/v2\/media?parent=54751"}],"curies":[{"name":"wp","href":"https:\/\/api.w.org\/{rel}","templated":true}]}}