{"id":54560,"date":"2022-02-24T15:23:30","date_gmt":"2022-02-24T15:23:30","guid":{"rendered":"https:\/\/dotorbus.com\/bodas-y-eventos\/"},"modified":"2022-10-07T10:38:33","modified_gmt":"2022-10-07T10:38:33","slug":"bodes-i-esdeveniments","status":"publish","type":"page","link":"https:\/\/dotorbus.com\/ca\/bodes-i-esdeveniments\/","title":{"rendered":"Bodes i esdeveniments"},"content":{"rendered":"<div class=\"wpb-content-wrapper\"><p>[vc_row equal_height=&#8221;yes&#8221; content_placement=&#8221;middle&#8221; bg_type=&#8221;bg_color&#8221; bg_override=&#8221;ex-full&#8221; type=&#8221;vc_default&#8221; bg_color_value=&#8221;#f4f4f4&#8243;][vc_column width=&#8221;1\/2&#8243; css=&#8221;.vc_custom_1663840603945{margin-left: -60% !important;padding-top: 45% !important;padding-bottom: 45% !important;background-image: url(https:\/\/dotorbus.com\/wp-content\/uploads\/al-elmes-ULHxWq8reao-unsplash.jpg?id=3017) !important;background-position: center !important;background-repeat: no-repeat !important;background-size: cover !important;}&#8221;][\/vc_column][vc_column width=&#8221;1\/2&#8243; css=&#8221;.vc_custom_1649068548482{padding-top: 90px !important;padding-right: 30px !important;padding-bottom: 90px !important;padding-left: 60px !important;}&#8221;]<div id=\"ultimate-heading-44286a04866c1561d\" class=\"uvc-heading ult-adjust-bottom-margin ultimate-heading-44286a04866c1561d uvc-4727 accent-subtitle-color\" data-hspacer=\"no_spacer\"  data-halign=\"left\" style=\"text-align:left\"><div class=\"uvc-heading-spacer no_spacer\" style=\"top\"><\/div><div class=\"uvc-main-heading ult-responsive\"  data-ultimate-target='.uvc-heading.ultimate-heading-44286a04866c1561d h2'  data-responsive-json-new='{\"font-size\":\"desktop:36px;\",\"line-height\":\"desktop:46px;\"}' ><h2 style=\"font-weight:bold;margin-bottom:10px;\">Gaudeix del teu event<\/h2><\/div><\/div>[vc_column_text]Amb el nostre servei de trasllats podreu gaudir dels vostres esdeveniments sense preocupar-vos pel trajecte.<\/p>\n<p>La nostra professionalitat i els vehicles equipats amb les m\u00e0ximes prestacions faran que el trajecte sigui tranquil, segur i confortable.[\/vc_column_text][\/vc_column][\/vc_row][vc_row equal_height=&#8221;yes&#8221; content_placement=&#8221;middle&#8221; type=&#8221;vc_default&#8221;][vc_column width=&#8221;1\/2&#8243; css=&#8221;.vc_custom_1649068586866{padding-top: 90px !important;padding-right: 60px !important;padding-bottom: 90px !important;padding-left: 30px !important;}&#8221;]<div id=\"ultimate-heading-38226a04866c156e7\" class=\"uvc-heading ult-adjust-bottom-margin ultimate-heading-38226a04866c156e7 uvc-9207 accent-subtitle-color\" data-hspacer=\"no_spacer\"  data-halign=\"left\" style=\"text-align:left\"><div class=\"uvc-heading-spacer no_spacer\" style=\"top\"><\/div><div class=\"uvc-main-heading ult-responsive\"  data-ultimate-target='.uvc-heading.ultimate-heading-38226a04866c156e7 h2'  data-responsive-json-new='{\"font-size\":\"desktop:36px;\",\"line-height\":\"desktop:46px;\"}' ><h2 style=\"font-weight:bold;margin-bottom:10px;\">Bodes i celebracions<\/h2><\/div><\/div>[vc_column_text]A Dotor sabem que el dia del teu casament \u00e9s molt important i tot ha de sortir perfecte. Apropem els vostres familiars i amics perqu\u00e8 gaudiu junts sense importar la dist\u00e0ncia.[\/vc_column_text][\/vc_column][vc_column width=&#8221;1\/2&#8243; css=&#8221;.vc_custom_1663840590623{margin-right: -60% !important;padding-top: 45% !important;padding-bottom: 45% !important;background-image: url(https:\/\/dotorbus.com\/wp-content\/uploads\/carlo-buttinoni-lKCpUYu2TDk-unsplash.jpg?id=3023) !important;background-position: center !important;background-repeat: no-repeat !important;background-size: cover !important;}&#8221;][\/vc_column][\/vc_row][vc_row equal_height=&#8221;yes&#8221; content_placement=&#8221;middle&#8221; bg_type=&#8221;bg_color&#8221; bg_override=&#8221;ex-full&#8221; type=&#8221;vc_default&#8221; bg_color_value=&#8221;#f4f4f4&#8243;][vc_column width=&#8221;1\/2&#8243; css=&#8221;.vc_custom_1663840870710{margin-left: -60% !important;padding-top: 45% !important;padding-bottom: 45% !important;background-image: url(https:\/\/dotorbus.com\/wp-content\/uploads\/mitchell-orr-LyFIjXoFY-unsplash-1.jpg?id=3029) !important;background-position: center !important;background-repeat: no-repeat !important;background-size: cover !important;}&#8221;][\/vc_column][vc_column width=&#8221;1\/2&#8243; css=&#8221;.vc_custom_1649068512213{padding-top: 90px !important;padding-right: 30px !important;padding-bottom: 90px !important;padding-left: 60px !important;}&#8221;]<div id=\"ultimate-heading-54926a04866c15756\" class=\"uvc-heading ult-adjust-bottom-margin ultimate-heading-54926a04866c15756 uvc-7113 accent-subtitle-color\" data-hspacer=\"no_spacer\"  data-halign=\"left\" style=\"text-align:left\"><div class=\"uvc-heading-spacer no_spacer\" style=\"top\"><\/div><div class=\"uvc-main-heading ult-responsive\"  data-ultimate-target='.uvc-heading.ultimate-heading-54926a04866c15756 h2'  data-responsive-json-new='{\"font-size\":\"desktop:36px;\",\"line-height\":\"desktop:46px;\"}' ><h2 style=\"font-weight:bold;margin-bottom:10px;\">Que no pari la festa!<\/h2><\/div><\/div>[vc_column_text]El teu esdeveniment o celebraci\u00f3 \u00e9s a la nit o acaba a la matinada?<\/p>\n<p>Contacta&#8217;ns i t&#8217;informarem dels nostres horaris per adaptar-nos a les teves necessitats.[\/vc_column_text][\/vc_column][\/vc_row][vc_row full_width=&#8221;stretch_row&#8221; equal_height=&#8221;yes&#8221; css=&#8221;.vc_custom_1664358547361{padding-top: 60px !important;padding-bottom: 30px !important;background-color: #f4f4f4 !important;}&#8221;][vc_column width=&#8221;2\/3&#8243;]<div id=\"ultimate-heading-9726a04866c157b7\" class=\"uvc-heading ult-adjust-bottom-margin ultimate-heading-9726a04866c157b7 uvc-4359 \" data-hspacer=\"no_spacer\"  data-halign=\"left\" style=\"text-align:left\"><div class=\"uvc-heading-spacer no_spacer\" style=\"top\"><\/div><div class=\"uvc-main-heading ult-responsive\"  data-ultimate-target='.uvc-heading.ultimate-heading-9726a04866c157b7 h3'  data-responsive-json-new='{\"font-size\":\"mobile_landscape:24px;\",\"line-height\":\"mobile_landscape:34px;\"}' ><h3 style=\"--font-weight:theme;color:#293084;\">SOL\u00b7LICITA EL TEU PRESSUPOST SENSE COMPROM\u00cdS<\/h3><\/div><\/div>[vc_column_text]<span style=\"color: #293084;\">T&#8217;oferim la possibilitat de sol\u00b7licitar un pressupost en l\u00ednia. Fes clic al bot\u00f3 per accedir al formulari.<\/span>[\/vc_column_text][\/vc_column][vc_column width=&#8221;1\/3&#8243;]<style type=\"text\/css\" data-type=\"the7_shortcodes-inline-css\">#default-btn-1d12505c050998fa7df3a74279216175 {\n  border-radius: 0px;\n  font-size: 20px;\n  line-height: 22px;\n}\n.btn-shadow#default-btn-1d12505c050998fa7df3a74279216175 {\n  box-shadow: 0 1px 6px rgba(0,0,0,0.12);\n  transition: box-shadow 0.2s ease-out, opacity 0.45s;\n}\n.btn-shadow#default-btn-1d12505c050998fa7df3a74279216175:hover {\n  box-shadow: 0 5px 11px 0 rgba(0,0,0,0.18), 0 4px 15px 0 rgba(0,0,0,0.15);\n}\n.btn-3d#default-btn-1d12505c050998fa7df3a74279216175:hover {\n  box-shadow: 0px 2px 0px 0px #26284a;\n}\n.btn-flat#default-btn-1d12505c050998fa7df3a74279216175 {\n  box-shadow: none;\n}\n.btn-flat#default-btn-1d12505c050998fa7df3a74279216175:hover {\n  box-shadow: none;\n}\n#default-btn-1d12505c050998fa7df3a74279216175.ico-right-side > i {\n  margin-right: 0px;\n  margin-left: 15px;\n}\n#default-btn-1d12505c050998fa7df3a74279216175 > i {\n  margin-right: 15px;\n  font-size: 24px;\n}\n#default-btn-1d12505c050998fa7df3a74279216175:not(:hover) {\n  border-width: 3px;\n  border-color: #293084 !important;\n  color: #293084;\n  background: none !important;\n  padding: 18px 10px 18px 10px;\n}\n#default-btn-1d12505c050998fa7df3a74279216175:not(:hover) * {\n  color: #293084;\n}\n#default-btn-1d12505c050998fa7df3a74279216175:hover {\n  border-width: 0px;\n  color: #ffffff;\n  background: #293084 !important;\n  padding: 21px 13px 21px 13px;\n}\n#default-btn-1d12505c050998fa7df3a74279216175:hover * {\n  color: #ffffff;\n}\n#default-btn-1d12505c050998fa7df3a74279216175.ico-right-side > i {\n  margin-right: 0px;\n  margin-left: 15px;\n}\n#default-btn-1d12505c050998fa7df3a74279216175 > i {\n  margin-right: 15px;\n}<\/style><div class=\"btn-align-center\"><a href=\"https:\/\/dotorbus.com\/ca\/pressupost\/\" class=\"default-btn-shortcode dt-btn link-hover-off ico-right-side full-width-btn btn-flat \" id=\"default-btn-1d12505c050998fa7df3a74279216175\" title=\"Sol\u00b7licita pressupost\"><span>Sol\u00b7licita pressupost<\/span><i class=\"fas fa-comments-dollar\"><\/i><\/a><\/div>[\/vc_column][\/vc_row]<\/p>\n<\/div>","protected":false},"excerpt":{"rendered":"<p>[vc_row equal_height=&#8221;yes&#8221; content_placement=&#8221;middle&#8221; bg_type=&#8221;bg_color&#8221; bg_override=&#8221;ex-full&#8221; type=&#8221;vc_default&#8221; bg_color_value=&#8221;#f4f4f4&#8243;][vc_column width=&#8221;1\/2&#8243; css=&#8221;.vc_custom_1663840603945{margin-left: -60% !important;padding-top: 45% !important;padding-bottom: 45% !important;background-image: url(https:\/\/dotorbus.com\/wp-content\/uploads\/al-elmes-ULHxWq8reao-unsplash.jpg?id=3017) !important;background-position: center !important;background-repeat: no-repeat !important;background-size: cover !important;}&#8221;][\/vc_column][vc_column width=&#8221;1\/2&#8243; css=&#8221;.vc_custom_1649068548482{padding-top: 90px !important;padding-right: 30px !important;padding-bottom: 90px !important;padding-left: 60px !important;}&#8221;][vc_column_text]Amb el nostre servei de trasllats podreu gaudir dels vostres esdeveniments sense preocupar-vos pel trajecte. La nostra professionalitat i els vehicles equipats amb&hellip;<\/p>\n","protected":false},"author":1,"featured_media":3015,"parent":0,"menu_order":0,"comment_status":"closed","ping_status":"closed","template":"","meta":{"footnotes":""},"class_list":["post-54560","page","type-page","status-publish","has-post-thumbnail","hentry","description-off"],"yoast_head":"<!-- This site is optimized with the Yoast SEO plugin v26.3 - https:\/\/yoast.com\/wordpress\/plugins\/seo\/ -->\n<title>Bodes i esdeveniments - Dotorbus<\/title>\n<meta name=\"robots\" content=\"index, follow, max-snippet:-1, max-image-preview:large, max-video-preview:-1\" \/>\n<link rel=\"canonical\" href=\"https:\/\/dotorbus.com\/ca\/bodes-i-esdeveniments\/\" \/>\n<meta property=\"og:locale\" content=\"ca_ES\" \/>\n<meta property=\"og:type\" content=\"article\" \/>\n<meta property=\"og:title\" content=\"Bodes i esdeveniments - Dotorbus\" \/>\n<meta property=\"og:description\" content=\"[vc_row equal_height=&#8221;yes&#8221; content_placement=&#8221;middle&#8221; bg_type=&#8221;bg_color&#8221; bg_override=&#8221;ex-full&#8221; type=&#8221;vc_default&#8221; bg_color_value=&#8221;#f4f4f4&#8243;][vc_column width=&#8221;1\/2&#8243; css=&#8221;.vc_custom_1663840603945{margin-left: -60% !important;padding-top: 45% !important;padding-bottom: 45% !important;background-image: url(https:\/\/dotorbus.com\/wp-content\/uploads\/al-elmes-ULHxWq8reao-unsplash.jpg?id=3017) !important;background-position: center !important;background-repeat: no-repeat !important;background-size: cover !important;}&#8221;][\/vc_column][vc_column width=&#8221;1\/2&#8243; css=&#8221;.vc_custom_1649068548482{padding-top: 90px !important;padding-right: 30px !important;padding-bottom: 90px !important;padding-left: 60px !important;}&#8221;][vc_column_text]Amb el nostre servei de trasllats podreu gaudir dels vostres esdeveniments sense preocupar-vos pel trajecte. La nostra professionalitat i els vehicles equipats amb&hellip;\" \/>\n<meta property=\"og:url\" content=\"https:\/\/dotorbus.com\/ca\/bodes-i-esdeveniments\/\" \/>\n<meta property=\"og:site_name\" content=\"Dotorbus\" \/>\n<meta property=\"article:modified_time\" content=\"2022-10-07T10:38:33+00:00\" \/>\n<meta property=\"og:image\" content=\"https:\/\/dotorbus.com\/wp-content\/uploads\/Destacada-2.jpg\" \/>\n\t<meta property=\"og:image:width\" content=\"1903\" \/>\n\t<meta property=\"og:image:height\" content=\"700\" \/>\n\t<meta property=\"og:image:type\" content=\"image\/jpeg\" \/>\n<script type=\"application\/ld+json\" class=\"yoast-schema-graph\">{\"@context\":\"https:\/\/schema.org\",\"@graph\":[{\"@type\":\"WebPage\",\"@id\":\"https:\/\/dotorbus.com\/ca\/bodes-i-esdeveniments\/\",\"url\":\"https:\/\/dotorbus.com\/ca\/bodes-i-esdeveniments\/\",\"name\":\"Bodes i esdeveniments - Dotorbus\",\"isPartOf\":{\"@id\":\"https:\/\/dotorbus.com\/ca\/#website\"},\"primaryImageOfPage\":{\"@id\":\"https:\/\/dotorbus.com\/ca\/bodes-i-esdeveniments\/#primaryimage\"},\"image\":{\"@id\":\"https:\/\/dotorbus.com\/ca\/bodes-i-esdeveniments\/#primaryimage\"},\"thumbnailUrl\":\"https:\/\/dotorbus.com\/wp-content\/uploads\/Destacada-2.jpg\",\"datePublished\":\"2022-02-24T15:23:30+00:00\",\"dateModified\":\"2022-10-07T10:38:33+00:00\",\"breadcrumb\":{\"@id\":\"https:\/\/dotorbus.com\/ca\/bodes-i-esdeveniments\/#breadcrumb\"},\"inLanguage\":\"ca\",\"potentialAction\":[{\"@type\":\"ReadAction\",\"target\":[\"https:\/\/dotorbus.com\/ca\/bodes-i-esdeveniments\/\"]}]},{\"@type\":\"ImageObject\",\"inLanguage\":\"ca\",\"@id\":\"https:\/\/dotorbus.com\/ca\/bodes-i-esdeveniments\/#primaryimage\",\"url\":\"https:\/\/dotorbus.com\/wp-content\/uploads\/Destacada-2.jpg\",\"contentUrl\":\"https:\/\/dotorbus.com\/wp-content\/uploads\/Destacada-2.jpg\",\"width\":1903,\"height\":700},{\"@type\":\"BreadcrumbList\",\"@id\":\"https:\/\/dotorbus.com\/ca\/bodes-i-esdeveniments\/#breadcrumb\",\"itemListElement\":[{\"@type\":\"ListItem\",\"position\":1,\"name\":\"Portada\",\"item\":\"https:\/\/dotorbus.com\/ca\/\"},{\"@type\":\"ListItem\",\"position\":2,\"name\":\"Bodas y eventos\"}]},{\"@type\":\"WebSite\",\"@id\":\"https:\/\/dotorbus.com\/ca\/#website\",\"url\":\"https:\/\/dotorbus.com\/ca\/\",\"name\":\"Dotorbus\",\"description\":\"Coach &amp; Car Services\",\"publisher\":{\"@id\":\"https:\/\/dotorbus.com\/ca\/#organization\"},\"potentialAction\":[{\"@type\":\"SearchAction\",\"target\":{\"@type\":\"EntryPoint\",\"urlTemplate\":\"https:\/\/dotorbus.com\/ca\/?s={search_term_string}\"},\"query-input\":{\"@type\":\"PropertyValueSpecification\",\"valueRequired\":true,\"valueName\":\"search_term_string\"}}],\"inLanguage\":\"ca\"},{\"@type\":\"Organization\",\"@id\":\"https:\/\/dotorbus.com\/ca\/#organization\",\"name\":\"Dotorbus\",\"url\":\"https:\/\/dotorbus.com\/ca\/\",\"logo\":{\"@type\":\"ImageObject\",\"inLanguage\":\"ca\",\"@id\":\"https:\/\/dotorbus.com\/ca\/#\/schema\/logo\/image\/\",\"url\":\"https:\/\/dotorbus.com\/wp-content\/uploads\/autocars-dotor-logo.png\",\"contentUrl\":\"https:\/\/dotorbus.com\/wp-content\/uploads\/autocars-dotor-logo.png\",\"width\":308,\"height\":80,\"caption\":\"Dotorbus\"},\"image\":{\"@id\":\"https:\/\/dotorbus.com\/ca\/#\/schema\/logo\/image\/\"}}]}<\/script>\n<!-- \/ Yoast SEO plugin. -->","yoast_head_json":{"title":"Bodes i esdeveniments - Dotorbus","robots":{"index":"index","follow":"follow","max-snippet":"max-snippet:-1","max-image-preview":"max-image-preview:large","max-video-preview":"max-video-preview:-1"},"canonical":"https:\/\/dotorbus.com\/ca\/bodes-i-esdeveniments\/","og_locale":"ca_ES","og_type":"article","og_title":"Bodes i esdeveniments - Dotorbus","og_description":"[vc_row equal_height=&#8221;yes&#8221; content_placement=&#8221;middle&#8221; bg_type=&#8221;bg_color&#8221; bg_override=&#8221;ex-full&#8221; type=&#8221;vc_default&#8221; bg_color_value=&#8221;#f4f4f4&#8243;][vc_column width=&#8221;1\/2&#8243; css=&#8221;.vc_custom_1663840603945{margin-left: -60% !important;padding-top: 45% !important;padding-bottom: 45% !important;background-image: url(https:\/\/dotorbus.com\/wp-content\/uploads\/al-elmes-ULHxWq8reao-unsplash.jpg?id=3017) !important;background-position: center !important;background-repeat: no-repeat !important;background-size: cover !important;}&#8221;][\/vc_column][vc_column width=&#8221;1\/2&#8243; css=&#8221;.vc_custom_1649068548482{padding-top: 90px !important;padding-right: 30px !important;padding-bottom: 90px !important;padding-left: 60px !important;}&#8221;][vc_column_text]Amb el nostre servei de trasllats podreu gaudir dels vostres esdeveniments sense preocupar-vos pel trajecte. La nostra professionalitat i els vehicles equipats amb&hellip;","og_url":"https:\/\/dotorbus.com\/ca\/bodes-i-esdeveniments\/","og_site_name":"Dotorbus","article_modified_time":"2022-10-07T10:38:33+00:00","og_image":[{"width":1903,"height":700,"url":"https:\/\/dotorbus.com\/wp-content\/uploads\/Destacada-2.jpg","type":"image\/jpeg"}],"schema":{"@context":"https:\/\/schema.org","@graph":[{"@type":"WebPage","@id":"https:\/\/dotorbus.com\/ca\/bodes-i-esdeveniments\/","url":"https:\/\/dotorbus.com\/ca\/bodes-i-esdeveniments\/","name":"Bodes i esdeveniments - Dotorbus","isPartOf":{"@id":"https:\/\/dotorbus.com\/ca\/#website"},"primaryImageOfPage":{"@id":"https:\/\/dotorbus.com\/ca\/bodes-i-esdeveniments\/#primaryimage"},"image":{"@id":"https:\/\/dotorbus.com\/ca\/bodes-i-esdeveniments\/#primaryimage"},"thumbnailUrl":"https:\/\/dotorbus.com\/wp-content\/uploads\/Destacada-2.jpg","datePublished":"2022-02-24T15:23:30+00:00","dateModified":"2022-10-07T10:38:33+00:00","breadcrumb":{"@id":"https:\/\/dotorbus.com\/ca\/bodes-i-esdeveniments\/#breadcrumb"},"inLanguage":"ca","potentialAction":[{"@type":"ReadAction","target":["https:\/\/dotorbus.com\/ca\/bodes-i-esdeveniments\/"]}]},{"@type":"ImageObject","inLanguage":"ca","@id":"https:\/\/dotorbus.com\/ca\/bodes-i-esdeveniments\/#primaryimage","url":"https:\/\/dotorbus.com\/wp-content\/uploads\/Destacada-2.jpg","contentUrl":"https:\/\/dotorbus.com\/wp-content\/uploads\/Destacada-2.jpg","width":1903,"height":700},{"@type":"BreadcrumbList","@id":"https:\/\/dotorbus.com\/ca\/bodes-i-esdeveniments\/#breadcrumb","itemListElement":[{"@type":"ListItem","position":1,"name":"Portada","item":"https:\/\/dotorbus.com\/ca\/"},{"@type":"ListItem","position":2,"name":"Bodas y eventos"}]},{"@type":"WebSite","@id":"https:\/\/dotorbus.com\/ca\/#website","url":"https:\/\/dotorbus.com\/ca\/","name":"Dotorbus","description":"Coach &amp; Car Services","publisher":{"@id":"https:\/\/dotorbus.com\/ca\/#organization"},"potentialAction":[{"@type":"SearchAction","target":{"@type":"EntryPoint","urlTemplate":"https:\/\/dotorbus.com\/ca\/?s={search_term_string}"},"query-input":{"@type":"PropertyValueSpecification","valueRequired":true,"valueName":"search_term_string"}}],"inLanguage":"ca"},{"@type":"Organization","@id":"https:\/\/dotorbus.com\/ca\/#organization","name":"Dotorbus","url":"https:\/\/dotorbus.com\/ca\/","logo":{"@type":"ImageObject","inLanguage":"ca","@id":"https:\/\/dotorbus.com\/ca\/#\/schema\/logo\/image\/","url":"https:\/\/dotorbus.com\/wp-content\/uploads\/autocars-dotor-logo.png","contentUrl":"https:\/\/dotorbus.com\/wp-content\/uploads\/autocars-dotor-logo.png","width":308,"height":80,"caption":"Dotorbus"},"image":{"@id":"https:\/\/dotorbus.com\/ca\/#\/schema\/logo\/image\/"}}]}},"_links":{"self":[{"href":"https:\/\/dotorbus.com\/ca\/wp-json\/wp\/v2\/pages\/54560","targetHints":{"allow":["GET"]}}],"collection":[{"href":"https:\/\/dotorbus.com\/ca\/wp-json\/wp\/v2\/pages"}],"about":[{"href":"https:\/\/dotorbus.com\/ca\/wp-json\/wp\/v2\/types\/page"}],"author":[{"embeddable":true,"href":"https:\/\/dotorbus.com\/ca\/wp-json\/wp\/v2\/users\/1"}],"replies":[{"embeddable":true,"href":"https:\/\/dotorbus.com\/ca\/wp-json\/wp\/v2\/comments?post=54560"}],"version-history":[{"count":3,"href":"https:\/\/dotorbus.com\/ca\/wp-json\/wp\/v2\/pages\/54560\/revisions"}],"predecessor-version":[{"id":54655,"href":"https:\/\/dotorbus.com\/ca\/wp-json\/wp\/v2\/pages\/54560\/revisions\/54655"}],"wp:featuredmedia":[{"embeddable":true,"href":"https:\/\/dotorbus.com\/ca\/wp-json\/wp\/v2\/media\/3015"}],"wp:attachment":[{"href":"https:\/\/dotorbus.com\/ca\/wp-json\/wp\/v2\/media?parent=54560"}],"curies":[{"name":"wp","href":"https:\/\/api.w.org\/{rel}","templated":true}]}}