{"id":1502,"date":"2015-03-10T10:25:52","date_gmt":"2015-03-10T10:25:52","guid":{"rendered":"http:\/\/dotorbus.com\/cuestionario-de-calidad-2\/"},"modified":"2022-09-19T11:05:12","modified_gmt":"2022-09-19T11:05:12","slug":"questionari-de-qualitat","status":"publish","type":"page","link":"https:\/\/dotorbus.com\/ca\/questionari-de-qualitat\/","title":{"rendered":"Q\u00fcestionari de qualitat"},"content":{"rendered":"<p style=\"text-align: justify;\">A Autocars Dotor ens agrada saber la teva opini\u00f3, tenir en compte els teus suggeriments i poder millorar en tot el possible per aconseguir el millor servei i qualitat durant el teu trajecte. Valora les seg\u00fcents q\u00fcestions i podrem tenir en compte la teva opini\u00f3.<\/p>\n<p style=\"text-align: justify;\">\n<div class=\"wpcf7 no-js\" id=\"wpcf7-f1524-o1\" lang=\"es-ES\" dir=\"ltr\" data-wpcf7-id=\"1524\">\n<div class=\"screen-reader-response\"><p role=\"status\" aria-live=\"polite\" aria-atomic=\"true\"><\/p> <ul><\/ul><\/div>\n<form action=\"\/ca\/wp-json\/wp\/v2\/pages\/1502#wpcf7-f1524-o1\" method=\"post\" class=\"wpcf7-form init wpcf7-acceptance-as-validation\" aria-label=\"Formulario de contacto\" novalidate=\"novalidate\" data-status=\"init\">\n<fieldset class=\"hidden-fields-container\"><input type=\"hidden\" name=\"_wpcf7\" value=\"1524\" \/><input type=\"hidden\" name=\"_wpcf7_version\" value=\"6.1.3\" \/><input type=\"hidden\" name=\"_wpcf7_locale\" value=\"es_ES\" \/><input type=\"hidden\" name=\"_wpcf7_unit_tag\" value=\"wpcf7-f1524-o1\" \/><input type=\"hidden\" name=\"_wpcf7_container_post\" value=\"0\" \/><input type=\"hidden\" name=\"_wpcf7_posted_data_hash\" value=\"\" \/><input type=\"hidden\" name=\"_wpcf7_recaptcha_response\" value=\"\" \/>\n<\/fieldset>\n<div style=\"padding:20px;\">\n\t<h3>Dades b\u00e0siques\n\t<\/h3>\n\t<p>Nom*<span class=\"wpcf7-form-control-wrap\" data-name=\"your-name\"><input size=\"40\" maxlength=\"400\" class=\"wpcf7-form-control wpcf7-text wpcf7-validates-as-required\" aria-required=\"true\" aria-invalid=\"false\" value=\"\" type=\"text\" name=\"your-name\" \/><\/span>\n\t<\/p>\n\t<p>Cognoms*<span class=\"wpcf7-form-control-wrap\" data-name=\"apellidos\"><input size=\"40\" maxlength=\"400\" class=\"wpcf7-form-control wpcf7-text wpcf7-validates-as-required\" aria-required=\"true\" aria-invalid=\"false\" value=\"\" type=\"text\" name=\"apellidos\" \/><\/span>\n\t<\/p>\n\t<p>E-mail*<span class=\"wpcf7-form-control-wrap\" data-name=\"your-email\"><input size=\"40\" maxlength=\"400\" class=\"wpcf7-form-control wpcf7-email wpcf7-validates-as-required wpcf7-text wpcf7-validates-as-email\" aria-required=\"true\" aria-invalid=\"false\" value=\"\" type=\"email\" name=\"your-email\" \/><\/span>\n\t<\/p>\n\t<p>Dia del viatge*<span class=\"wpcf7-form-control-wrap\" data-name=\"date-130\"><input class=\"wpcf7-form-control wpcf7-date wpcf7-validates-as-required wpcf7-validates-as-date\" aria-required=\"true\" aria-invalid=\"false\" placeholder=\"dd\/mm\/aaaa\" value=\"\" type=\"date\" name=\"date-130\" \/><\/span>\n\t<\/p>\n\t<p>Trajecte realitzat*<span class=\"wpcf7-form-control-wrap\" data-name=\"trayecto\"><input size=\"40\" maxlength=\"400\" class=\"wpcf7-form-control wpcf7-text wpcf7-validates-as-required\" aria-required=\"true\" aria-invalid=\"false\" value=\"\" type=\"text\" name=\"trayecto\" \/><\/span><br \/>\n<label>N\u00fam. de pressupost*<\/label><span class=\"wpcf7-form-control-wrap\" data-name=\"presupuesto\"><input size=\"40\" maxlength=\"400\" class=\"wpcf7-form-control wpcf7-text wpcf7-validates-as-required\" aria-required=\"true\" aria-invalid=\"false\" value=\"\" type=\"text\" name=\"presupuesto\" \/><\/span>\n\t<\/p>\n<\/div>\n<div style=\"background-color:#f5f5f5; padding:20px;\">\n\t<h3>Atenci\u00f3 al client\n\t<\/h3>\n\t<p>L'han at\u00e8s correctament per tel\u00e8fon?*\n\t<\/p>\n\t<p><span class=\"wpcf7-form-control-wrap\" data-name=\"checkbox-493\"><span class=\"wpcf7-form-control wpcf7-checkbox wpcf7-validates-as-required wpcf7-exclusive-checkbox\"><span class=\"wpcf7-list-item first\"><input type=\"checkbox\" name=\"checkbox-493\" value=\"S\u00ed\" \/><span class=\"wpcf7-list-item-label\">S\u00ed<\/span><\/span><span class=\"wpcf7-list-item last\"><input type=\"checkbox\" name=\"checkbox-493\" value=\"No\" \/><span class=\"wpcf7-list-item-label\">No<\/span><\/span><\/span><\/span>\n\t<\/p>\n\t<p><span class=\"wpcf7-form-control-wrap\" data-name=\"porque-telefono\"><input size=\"40\" maxlength=\"400\" class=\"wpcf7-form-control wpcf7-text\" aria-invalid=\"false\" placeholder=\"Per qu\u00e8?\" value=\"\" type=\"text\" name=\"porque-telefono\" \/><\/span>\n\t<\/p>\n\t<p>Ha rebut suficient informaci\u00f3?*\n\t<\/p>\n\t<p><span class=\"wpcf7-form-control-wrap\" data-name=\"checkbox-494\"><span class=\"wpcf7-form-control wpcf7-checkbox wpcf7-validates-as-required wpcf7-exclusive-checkbox\"><span class=\"wpcf7-list-item first\"><input type=\"checkbox\" name=\"checkbox-494\" value=\"S\u00ed\" \/><span class=\"wpcf7-list-item-label\">S\u00ed<\/span><\/span><span class=\"wpcf7-list-item last\"><input type=\"checkbox\" name=\"checkbox-494\" value=\"No\" \/><span class=\"wpcf7-list-item-label\">No<\/span><\/span><\/span><\/span>\n\t<\/p>\n\t<p><span class=\"wpcf7-form-control-wrap\" data-name=\"porque-informacion\"><input size=\"40\" maxlength=\"400\" class=\"wpcf7-form-control wpcf7-text\" aria-invalid=\"false\" placeholder=\"Per qu\u00e8?\" value=\"\" type=\"text\" name=\"porque-informacion\" \/><\/span>\n\t<\/p>\n\t<p>Est\u00e0 correctament detallat el pressupost?*\n\t<\/p>\n\t<p><span class=\"wpcf7-form-control-wrap\" data-name=\"checkbox-495\"><span class=\"wpcf7-form-control wpcf7-checkbox wpcf7-validates-as-required wpcf7-exclusive-checkbox\"><span class=\"wpcf7-list-item first\"><input type=\"checkbox\" name=\"checkbox-495\" value=\"S\u00ed\" \/><span class=\"wpcf7-list-item-label\">S\u00ed<\/span><\/span><span class=\"wpcf7-list-item last\"><input type=\"checkbox\" name=\"checkbox-495\" value=\"No\" \/><span class=\"wpcf7-list-item-label\">No<\/span><\/span><\/span><\/span>\n\t<\/p>\n\t<p><span class=\"wpcf7-form-control-wrap\" data-name=\"porque-presupuesto\"><input size=\"40\" maxlength=\"400\" class=\"wpcf7-form-control wpcf7-text\" aria-invalid=\"false\" placeholder=\"Per qu\u00e8?\" value=\"\" type=\"text\" name=\"porque-presupuesto\" \/><\/span>\n\t<\/p>\n<\/div>\n<div style=\"padding:20px;\">\n\t<h3>Tracte amb el conductor\n\t<\/h3>\n\t<p>Com ha sigut la pres\u00e8ncia del conductor?*\n\t<\/p>\n\t<p><span class=\"wpcf7-form-control-wrap\" data-name=\"checkbox-496\"><span class=\"wpcf7-form-control wpcf7-checkbox wpcf7-validates-as-required wpcf7-exclusive-checkbox\"><span class=\"wpcf7-list-item first\"><input type=\"checkbox\" name=\"checkbox-496\" value=\"Correcta\" \/><span class=\"wpcf7-list-item-label\">Correcta<\/span><\/span><span class=\"wpcf7-list-item last\"><input type=\"checkbox\" name=\"checkbox-496\" value=\"Incorrecta\" \/><span class=\"wpcf7-list-item-label\">Incorrecta<\/span><\/span><\/span><\/span>\n\t<\/p>\n\t<p><span class=\"wpcf7-form-control-wrap\" data-name=\"porque-presencia\"><input size=\"40\" maxlength=\"400\" class=\"wpcf7-form-control wpcf7-text\" aria-invalid=\"false\" placeholder=\"Per qu\u00e8?\" value=\"\" type=\"text\" name=\"porque-presencia\" \/><\/span>\n\t<\/p>\n\t<p>Ha tingut una bona atenci\u00f3 per part del conductor?*\n\t<\/p>\n\t<p><span class=\"wpcf7-form-control-wrap\" data-name=\"checkbox-497\"><span class=\"wpcf7-form-control wpcf7-checkbox wpcf7-validates-as-required wpcf7-exclusive-checkbox\"><span class=\"wpcf7-list-item first\"><input type=\"checkbox\" name=\"checkbox-497\" value=\"S\u00ed\" \/><span class=\"wpcf7-list-item-label\">S\u00ed<\/span><\/span><span class=\"wpcf7-list-item last\"><input type=\"checkbox\" name=\"checkbox-497\" value=\"No\" \/><span class=\"wpcf7-list-item-label\">No<\/span><\/span><\/span><\/span>\n\t<\/p>\n\t<p><span class=\"wpcf7-form-control-wrap\" data-name=\"porque-informacion-conductor\"><input size=\"40\" maxlength=\"400\" class=\"wpcf7-form-control wpcf7-text\" aria-invalid=\"false\" placeholder=\"Per qu\u00e8?\" value=\"\" type=\"text\" name=\"porque-informacion-conductor\" \/><\/span>\n\t<\/p>\n\t<p>L'ha informat correctament de les mesures de seguretat del vehicle?*\n\t<\/p>\n\t<p><span class=\"wpcf7-form-control-wrap\" data-name=\"checkbox-498\"><span class=\"wpcf7-form-control wpcf7-checkbox wpcf7-validates-as-required wpcf7-exclusive-checkbox\"><span class=\"wpcf7-list-item first\"><input type=\"checkbox\" name=\"checkbox-498\" value=\"S\u00ed\" \/><span class=\"wpcf7-list-item-label\">S\u00ed<\/span><\/span><span class=\"wpcf7-list-item last\"><input type=\"checkbox\" name=\"checkbox-498\" value=\"No\" \/><span class=\"wpcf7-list-item-label\">No<\/span><\/span><\/span><\/span>\n\t<\/p>\n\t<p><span class=\"wpcf7-form-control-wrap\" data-name=\"porque-seguridad\"><input size=\"40\" maxlength=\"400\" class=\"wpcf7-form-control wpcf7-text\" aria-invalid=\"false\" placeholder=\"Per qu\u00e8?\" value=\"\" type=\"text\" name=\"porque-seguridad\" \/><\/span>\n\t<\/p>\n\t<p>Ha realitzat correctament el trajecte?*\n\t<\/p>\n\t<p><span class=\"wpcf7-form-control-wrap\" data-name=\"checkbox-499\"><span class=\"wpcf7-form-control wpcf7-checkbox wpcf7-validates-as-required wpcf7-exclusive-checkbox\"><span class=\"wpcf7-list-item first\"><input type=\"checkbox\" name=\"checkbox-499\" value=\"S\u00ed\" \/><span class=\"wpcf7-list-item-label\">S\u00ed<\/span><\/span><span class=\"wpcf7-list-item last\"><input type=\"checkbox\" name=\"checkbox-499\" value=\"No\" \/><span class=\"wpcf7-list-item-label\">No<\/span><\/span><\/span><\/span>\n\t<\/p>\n\t<p><span class=\"wpcf7-form-control-wrap\" data-name=\"porque-trayecto\"><input size=\"40\" maxlength=\"400\" class=\"wpcf7-form-control wpcf7-text\" aria-invalid=\"false\" placeholder=\"Per qu\u00e8\" value=\"\" type=\"text\" name=\"porque-trayecto\" \/><\/span>\n\t<\/p>\n\t<p>Ha estat puntual en les hores d'arribada i de sortida?*\n\t<\/p>\n\t<p><span class=\"wpcf7-form-control-wrap\" data-name=\"checkbox-500\"><span class=\"wpcf7-form-control wpcf7-checkbox wpcf7-validates-as-required wpcf7-exclusive-checkbox\"><span class=\"wpcf7-list-item first\"><input type=\"checkbox\" name=\"checkbox-500\" value=\"S\u00ed\" \/><span class=\"wpcf7-list-item-label\">S\u00ed<\/span><\/span><span class=\"wpcf7-list-item last\"><input type=\"checkbox\" name=\"checkbox-500\" value=\"No\" \/><span class=\"wpcf7-list-item-label\">No<\/span><\/span><\/span><\/span>\n\t<\/p>\n\t<p><span class=\"wpcf7-form-control-wrap\" data-name=\"porque-puntual\"><input size=\"40\" maxlength=\"400\" class=\"wpcf7-form-control wpcf7-text\" aria-invalid=\"false\" placeholder=\"Per qu\u00e8?\" value=\"\" type=\"text\" name=\"porque-puntual\" \/><\/span>\n\t<\/p>\n<\/div>\n<div style=\"background-color:#f5f5f5; padding:20px;\">\n\t<h3>El vehicle\n\t<\/h3>\n\t<p>L'estat general del vehicle \u00e9s:*\n\t<\/p>\n\t<p><span class=\"wpcf7-form-control-wrap\" data-name=\"checkbox-501\"><span class=\"wpcf7-form-control wpcf7-checkbox wpcf7-validates-as-required wpcf7-exclusive-checkbox\"><span class=\"wpcf7-list-item first\"><input type=\"checkbox\" name=\"checkbox-501\" value=\"Correcte\" \/><span class=\"wpcf7-list-item-label\">Correcte<\/span><\/span><span class=\"wpcf7-list-item last\"><input type=\"checkbox\" name=\"checkbox-501\" value=\"Incorrecte\" \/><span class=\"wpcf7-list-item-label\">Incorrecte<\/span><\/span><\/span><\/span>\n\t<\/p>\n\t<p><span class=\"wpcf7-form-control-wrap\" data-name=\"porque-vehiculo\"><input size=\"40\" maxlength=\"400\" class=\"wpcf7-form-control wpcf7-text\" aria-invalid=\"false\" placeholder=\"Per qu\u00e8?\" value=\"\" type=\"text\" name=\"porque-vehiculo\" \/><\/span>\n\t<\/p>\n\t<p>La neteja del vehicle \u00e9s:*\n\t<\/p>\n\t<p><span class=\"wpcf7-form-control-wrap\" data-name=\"checkbox-502\"><span class=\"wpcf7-form-control wpcf7-checkbox wpcf7-validates-as-required wpcf7-exclusive-checkbox\"><span class=\"wpcf7-list-item first\"><input type=\"checkbox\" name=\"checkbox-502\" value=\"Correcta\" \/><span class=\"wpcf7-list-item-label\">Correcta<\/span><\/span><span class=\"wpcf7-list-item last\"><input type=\"checkbox\" name=\"checkbox-502\" value=\"Incorrecta\" \/><span class=\"wpcf7-list-item-label\">Incorrecta<\/span><\/span><\/span><\/span>\n\t<\/p>\n\t<p><span class=\"wpcf7-form-control-wrap\" data-name=\"porque-limpieza\"><input size=\"40\" maxlength=\"400\" class=\"wpcf7-form-control wpcf7-text\" aria-invalid=\"false\" placeholder=\"Per qu\u00e8?\" value=\"\" type=\"text\" name=\"porque-limpieza\" \/><\/span>\n\t<\/p>\n<\/div>\n<div style=\"padding:20px;\">\n\t<h3>Altres\n\t<\/h3>\n\t<p>Valora el servei general obtingut:*\n\t<\/p>\n\t<p><span class=\"wpcf7-form-control-wrap\" data-name=\"checkbox-503\"><span class=\"wpcf7-form-control wpcf7-checkbox wpcf7-validates-as-required wpcf7-exclusive-checkbox\"><span class=\"wpcf7-list-item first\"><input type=\"checkbox\" name=\"checkbox-503\" value=\"Correcte\" \/><span class=\"wpcf7-list-item-label\">Correcte<\/span><\/span><span class=\"wpcf7-list-item last\"><input type=\"checkbox\" name=\"checkbox-503\" value=\"Incorrecte\" \/><span class=\"wpcf7-list-item-label\">Incorrecte<\/span><\/span><\/span><\/span>\n\t<\/p>\n\t<p><span class=\"wpcf7-form-control-wrap\" data-name=\"porque-servicio\"><input size=\"40\" maxlength=\"400\" class=\"wpcf7-form-control wpcf7-text\" aria-invalid=\"false\" placeholder=\"Per qu\u00e8?\" value=\"\" type=\"text\" name=\"porque-servicio\" \/><\/span>\n\t<\/p>\n\t<p>Sugger\u00e8ncies, aspectes a millorar:\n\t<\/p>\n\t<p><span class=\"wpcf7-form-control-wrap\" data-name=\"textarea-442\"><textarea cols=\"40\" rows=\"10\" maxlength=\"2000\" class=\"wpcf7-form-control wpcf7-textarea\" aria-invalid=\"false\" name=\"textarea-442\"><\/textarea><\/span>\n\t<\/p>\n\t<p><span class=\"wpcf7-form-control-wrap\" data-name=\"acceptance-625\"><span class=\"wpcf7-form-control wpcf7-acceptance\"><span class=\"wpcf7-list-item\"><label><input type=\"checkbox\" name=\"acceptance-625\" value=\"1\" aria-invalid=\"false\" \/><span class=\"wpcf7-list-item-label\">He llegit i accepto la <a href=\"http:\/\/dotorbus.com\/ca\/politica-de-privacitat\/\" target=\"_blank\">Pol\u00edtica de Privacitat i Protecci\u00f3 de Dades<\/a>*<\/span><\/label><\/span><\/span><\/span>\n\t<\/p>\n\t<p><input class=\"wpcf7-form-control wpcf7-submit has-spinner\" type=\"submit\" value=\"Enviar\" \/>\n\t<\/p>\n\t<p>*Camps obligatoris\n\t<\/p>\n<\/div><div class=\"wpcf7-response-output\" aria-hidden=\"true\"><\/div>\n<\/form>\n<\/div>\n","protected":false},"excerpt":{"rendered":"<p>A Autocars Dotor ens agrada saber la teva opini\u00f3, tenir en compte els teus suggeriments i poder millorar en tot el possible per aconseguir el millor servei i qualitat durant el teu trajecte. Valora les seg\u00fcents q\u00fcestions i podrem tenir en compte la teva opini\u00f3.<\/p>\n","protected":false},"author":1,"featured_media":0,"parent":0,"menu_order":0,"comment_status":"closed","ping_status":"open","template":"","meta":{"footnotes":""},"class_list":["post-1502","page","type-page","status-publish","hentry","description-off"],"yoast_head":"<!-- This site is optimized with the Yoast SEO plugin v26.3 - https:\/\/yoast.com\/wordpress\/plugins\/seo\/ -->\n<title>Q\u00fcestionari de qualitat - Dotorbus<\/title>\n<meta name=\"robots\" content=\"index, follow, max-snippet:-1, max-image-preview:large, max-video-preview:-1\" \/>\n<link rel=\"canonical\" href=\"https:\/\/dotorbus.com\/ca\/questionari-de-qualitat\/\" \/>\n<meta property=\"og:locale\" content=\"ca_ES\" \/>\n<meta property=\"og:type\" content=\"article\" \/>\n<meta property=\"og:title\" content=\"Q\u00fcestionari de qualitat - Dotorbus\" \/>\n<meta property=\"og:description\" content=\"A Autocars Dotor ens agrada saber la teva opini\u00f3, tenir en compte els teus suggeriments i poder millorar en tot el possible per aconseguir el millor servei i qualitat durant el teu trajecte. Valora les seg\u00fcents q\u00fcestions i podrem tenir en compte la teva opini\u00f3.\" \/>\n<meta property=\"og:url\" content=\"https:\/\/dotorbus.com\/ca\/questionari-de-qualitat\/\" \/>\n<meta property=\"og:site_name\" content=\"Dotorbus\" \/>\n<meta property=\"article:modified_time\" content=\"2022-09-19T11:05:12+00:00\" \/>\n<script type=\"application\/ld+json\" class=\"yoast-schema-graph\">{\"@context\":\"https:\/\/schema.org\",\"@graph\":[{\"@type\":\"WebPage\",\"@id\":\"https:\/\/dotorbus.com\/ca\/questionari-de-qualitat\/\",\"url\":\"https:\/\/dotorbus.com\/ca\/questionari-de-qualitat\/\",\"name\":\"Q\u00fcestionari de qualitat - Dotorbus\",\"isPartOf\":{\"@id\":\"https:\/\/dotorbus.com\/ca\/#website\"},\"datePublished\":\"2015-03-10T10:25:52+00:00\",\"dateModified\":\"2022-09-19T11:05:12+00:00\",\"breadcrumb\":{\"@id\":\"https:\/\/dotorbus.com\/ca\/questionari-de-qualitat\/#breadcrumb\"},\"inLanguage\":\"ca\",\"potentialAction\":[{\"@type\":\"ReadAction\",\"target\":[\"https:\/\/dotorbus.com\/ca\/questionari-de-qualitat\/\"]}]},{\"@type\":\"BreadcrumbList\",\"@id\":\"https:\/\/dotorbus.com\/ca\/questionari-de-qualitat\/#breadcrumb\",\"itemListElement\":[{\"@type\":\"ListItem\",\"position\":1,\"name\":\"Portada\",\"item\":\"https:\/\/dotorbus.com\/ca\/\"},{\"@type\":\"ListItem\",\"position\":2,\"name\":\"Q\u00fcestionari de qualitat\"}]},{\"@type\":\"WebSite\",\"@id\":\"https:\/\/dotorbus.com\/ca\/#website\",\"url\":\"https:\/\/dotorbus.com\/ca\/\",\"name\":\"Dotorbus\",\"description\":\"Coach &amp; Car Services\",\"publisher\":{\"@id\":\"https:\/\/dotorbus.com\/ca\/#organization\"},\"potentialAction\":[{\"@type\":\"SearchAction\",\"target\":{\"@type\":\"EntryPoint\",\"urlTemplate\":\"https:\/\/dotorbus.com\/ca\/?s={search_term_string}\"},\"query-input\":{\"@type\":\"PropertyValueSpecification\",\"valueRequired\":true,\"valueName\":\"search_term_string\"}}],\"inLanguage\":\"ca\"},{\"@type\":\"Organization\",\"@id\":\"https:\/\/dotorbus.com\/ca\/#organization\",\"name\":\"Dotorbus\",\"url\":\"https:\/\/dotorbus.com\/ca\/\",\"logo\":{\"@type\":\"ImageObject\",\"inLanguage\":\"ca\",\"@id\":\"https:\/\/dotorbus.com\/ca\/#\/schema\/logo\/image\/\",\"url\":\"https:\/\/dotorbus.com\/wp-content\/uploads\/autocars-dotor-logo.png\",\"contentUrl\":\"https:\/\/dotorbus.com\/wp-content\/uploads\/autocars-dotor-logo.png\",\"width\":308,\"height\":80,\"caption\":\"Dotorbus\"},\"image\":{\"@id\":\"https:\/\/dotorbus.com\/ca\/#\/schema\/logo\/image\/\"}}]}<\/script>\n<!-- \/ Yoast SEO plugin. -->","yoast_head_json":{"title":"Q\u00fcestionari de qualitat - Dotorbus","robots":{"index":"index","follow":"follow","max-snippet":"max-snippet:-1","max-image-preview":"max-image-preview:large","max-video-preview":"max-video-preview:-1"},"canonical":"https:\/\/dotorbus.com\/ca\/questionari-de-qualitat\/","og_locale":"ca_ES","og_type":"article","og_title":"Q\u00fcestionari de qualitat - Dotorbus","og_description":"A Autocars Dotor ens agrada saber la teva opini\u00f3, tenir en compte els teus suggeriments i poder millorar en tot el possible per aconseguir el millor servei i qualitat durant el teu trajecte. Valora les seg\u00fcents q\u00fcestions i podrem tenir en compte la teva opini\u00f3.","og_url":"https:\/\/dotorbus.com\/ca\/questionari-de-qualitat\/","og_site_name":"Dotorbus","article_modified_time":"2022-09-19T11:05:12+00:00","schema":{"@context":"https:\/\/schema.org","@graph":[{"@type":"WebPage","@id":"https:\/\/dotorbus.com\/ca\/questionari-de-qualitat\/","url":"https:\/\/dotorbus.com\/ca\/questionari-de-qualitat\/","name":"Q\u00fcestionari de qualitat - Dotorbus","isPartOf":{"@id":"https:\/\/dotorbus.com\/ca\/#website"},"datePublished":"2015-03-10T10:25:52+00:00","dateModified":"2022-09-19T11:05:12+00:00","breadcrumb":{"@id":"https:\/\/dotorbus.com\/ca\/questionari-de-qualitat\/#breadcrumb"},"inLanguage":"ca","potentialAction":[{"@type":"ReadAction","target":["https:\/\/dotorbus.com\/ca\/questionari-de-qualitat\/"]}]},{"@type":"BreadcrumbList","@id":"https:\/\/dotorbus.com\/ca\/questionari-de-qualitat\/#breadcrumb","itemListElement":[{"@type":"ListItem","position":1,"name":"Portada","item":"https:\/\/dotorbus.com\/ca\/"},{"@type":"ListItem","position":2,"name":"Q\u00fcestionari de qualitat"}]},{"@type":"WebSite","@id":"https:\/\/dotorbus.com\/ca\/#website","url":"https:\/\/dotorbus.com\/ca\/","name":"Dotorbus","description":"Coach &amp; Car Services","publisher":{"@id":"https:\/\/dotorbus.com\/ca\/#organization"},"potentialAction":[{"@type":"SearchAction","target":{"@type":"EntryPoint","urlTemplate":"https:\/\/dotorbus.com\/ca\/?s={search_term_string}"},"query-input":{"@type":"PropertyValueSpecification","valueRequired":true,"valueName":"search_term_string"}}],"inLanguage":"ca"},{"@type":"Organization","@id":"https:\/\/dotorbus.com\/ca\/#organization","name":"Dotorbus","url":"https:\/\/dotorbus.com\/ca\/","logo":{"@type":"ImageObject","inLanguage":"ca","@id":"https:\/\/dotorbus.com\/ca\/#\/schema\/logo\/image\/","url":"https:\/\/dotorbus.com\/wp-content\/uploads\/autocars-dotor-logo.png","contentUrl":"https:\/\/dotorbus.com\/wp-content\/uploads\/autocars-dotor-logo.png","width":308,"height":80,"caption":"Dotorbus"},"image":{"@id":"https:\/\/dotorbus.com\/ca\/#\/schema\/logo\/image\/"}}]}},"_links":{"self":[{"href":"https:\/\/dotorbus.com\/ca\/wp-json\/wp\/v2\/pages\/1502","targetHints":{"allow":["GET"]}}],"collection":[{"href":"https:\/\/dotorbus.com\/ca\/wp-json\/wp\/v2\/pages"}],"about":[{"href":"https:\/\/dotorbus.com\/ca\/wp-json\/wp\/v2\/types\/page"}],"author":[{"embeddable":true,"href":"https:\/\/dotorbus.com\/ca\/wp-json\/wp\/v2\/users\/1"}],"replies":[{"embeddable":true,"href":"https:\/\/dotorbus.com\/ca\/wp-json\/wp\/v2\/comments?post=1502"}],"version-history":[{"count":3,"href":"https:\/\/dotorbus.com\/ca\/wp-json\/wp\/v2\/pages\/1502\/revisions"}],"predecessor-version":[{"id":1525,"href":"https:\/\/dotorbus.com\/ca\/wp-json\/wp\/v2\/pages\/1502\/revisions\/1525"}],"wp:attachment":[{"href":"https:\/\/dotorbus.com\/ca\/wp-json\/wp\/v2\/media?parent=1502"}],"curies":[{"name":"wp","href":"https:\/\/api.w.org\/{rel}","templated":true}]}}