{"id":1433,"date":"2015-03-19T10:52:37","date_gmt":"2015-03-19T10:52:37","guid":{"rendered":"http:\/\/dotorbus.com\/?page_id=1433"},"modified":"2022-10-07T11:28:45","modified_gmt":"2022-10-07T11:28:45","slug":"transport-escolar","status":"publish","type":"page","link":"https:\/\/dotorbus.com\/ca\/transport-escolar\/","title":{"rendered":"Transport escolar"},"content":{"rendered":"<div class=\"wpb-content-wrapper\"><p>[vc_row equal_height=&#8221;yes&#8221; content_placement=&#8221;middle&#8221; bg_type=&#8221;bg_color&#8221; bg_override=&#8221;ex-full&#8221; type=&#8221;vc_default&#8221; bg_color_value=&#8221;#f4f4f4&#8243;][vc_column width=&#8221;1\/2&#8243; css=&#8221;.vc_custom_1663838839564{margin-left: -60% !important;padding-top: 45% !important;padding-bottom: 45% !important;background-image: url(https:\/\/dotorbus.com\/wp-content\/uploads\/transporte-escolar-slider.jpg?id=1378) !important;background-position: center !important;background-repeat: no-repeat !important;background-size: cover !important;}&#8221;][\/vc_column][vc_column width=&#8221;1\/2&#8243; css=&#8221;.vc_custom_1649068548482{padding-top: 90px !important;padding-right: 30px !important;padding-bottom: 90px !important;padding-left: 60px !important;}&#8221;]<div id=\"ultimate-heading-78616a0486710d92c\" class=\"uvc-heading ult-adjust-bottom-margin ultimate-heading-78616a0486710d92c uvc-627 accent-subtitle-color\" data-hspacer=\"no_spacer\"  data-halign=\"left\" style=\"text-align:left\"><div class=\"uvc-heading-spacer no_spacer\" style=\"top\"><\/div><div class=\"uvc-main-heading ult-responsive\"  data-ultimate-target='.uvc-heading.ultimate-heading-78616a0486710d92c h2'  data-responsive-json-new='{\"font-size\":\"desktop:36px;\",\"line-height\":\"desktop:46px;\"}' ><h2 style=\"font-weight:bold;margin-bottom:10px;\">Trajectes al centre educatiu i excursions<\/h2><\/div><\/div>[vc_column_text]Un dels serveis que desenvolupem amb m\u00e9s cura \u00e9s, naturalment, el transport escolar, en el qual tenim una llargu\u00edssima tradici\u00f3. A diari duem centenars de nens i nenes a escola i a les excursions que s\u2019hi programen.[\/vc_column_text][\/vc_column][\/vc_row][vc_row equal_height=&#8221;yes&#8221; content_placement=&#8221;middle&#8221; type=&#8221;vc_default&#8221;][vc_column width=&#8221;1\/2&#8243; css=&#8221;.vc_custom_1649068522626{padding-top: 90px !important;padding-right: 60px !important;padding-bottom: 90px !important;padding-left: 30px !important;}&#8221;]<div id=\"ultimate-heading-43016a0486710d9cc\" class=\"uvc-heading ult-adjust-bottom-margin ultimate-heading-43016a0486710d9cc uvc-6451 accent-subtitle-color\" data-hspacer=\"no_spacer\"  data-halign=\"left\" style=\"text-align:left\"><div class=\"uvc-heading-spacer no_spacer\" style=\"top\"><\/div><div class=\"uvc-main-heading ult-responsive\"  data-ultimate-target='.uvc-heading.ultimate-heading-43016a0486710d9cc h2'  data-responsive-json-new='{\"font-size\":\"desktop:36px;\",\"line-height\":\"desktop:46px;\"}' ><h2 style=\"font-weight:bold;margin-bottom:10px;\">Atenci\u00f3 personalitzada per a centres escolars<\/h2><\/div><\/div>[vc_column_text]<\/p>\n<p style=\"text-align: justify;\">A Dotor oferim atenci\u00f3 personalitzada als centres escolars per tal de coordinar el millor possible el calendari de sortides, adaptant-nos a la demanda i atenent totes les peticions.<\/p>\n<p>[\/vc_column_text][\/vc_column][vc_column width=&#8221;1\/2&#8243; css=&#8221;.vc_custom_1663837637312{margin-right: -60% !important;padding-top: 45% !important;padding-bottom: 45% !important;background-image: url(https:\/\/dotorbus.com\/wp-content\/uploads\/transporte-escolar-dotorbus.jpg?id=54308) !important;background-position: center !important;background-repeat: no-repeat !important;background-size: cover !important;}&#8221;][\/vc_column][\/vc_row][vc_row equal_height=&#8221;yes&#8221; content_placement=&#8221;middle&#8221; bg_type=&#8221;bg_color&#8221; bg_override=&#8221;ex-full&#8221; type=&#8221;vc_default&#8221; bg_color_value=&#8221;#f4f4f4&#8243;][vc_column width=&#8221;1\/2&#8243; css=&#8221;.vc_custom_1663838310534{margin-left: -60% !important;padding-top: 45% !important;padding-bottom: 45% !important;background-image: url(https:\/\/dotorbus.com\/wp-content\/uploads\/transporte-escolares.jpg?id=3310) !important;background-position: center !important;background-repeat: no-repeat !important;background-size: cover !important;}&#8221;][\/vc_column][vc_column width=&#8221;1\/2&#8243; css=&#8221;.vc_custom_1649068531971{padding-top: 90px !important;padding-right: 30px !important;padding-bottom: 90px !important;padding-left: 60px !important;}&#8221;]<div id=\"ultimate-heading-55926a0486710da36\" class=\"uvc-heading ult-adjust-bottom-margin ultimate-heading-55926a0486710da36 uvc-4386 accent-subtitle-color\" data-hspacer=\"no_spacer\"  data-halign=\"left\" style=\"text-align:left\"><div class=\"uvc-heading-spacer no_spacer\" style=\"top\"><\/div><div class=\"uvc-main-heading ult-responsive\"  data-ultimate-target='.uvc-heading.ultimate-heading-55926a0486710da36 h2'  data-responsive-json-new='{\"font-size\":\"desktop:36px;\",\"line-height\":\"desktop:46px;\"}' ><h2 style=\"font-weight:bold;margin-bottom:10px;\">Experi\u00e8ncies inoblidables<\/h2><\/div><\/div>[vc_column_text]A Autocares Dotor sabem com n&#8217;\u00e9s d&#8217;important que els estudiants combinin la formaci\u00f3 a les aules amb les sortides i estades m\u00e9s llargues (col\u00f2nies, campaments&#8230;) i aix\u00ed fomentin la seva interacci\u00f3 amb la natura i visquin noves experi\u00e8ncies amb els seus companys.<\/p>\n<p>El nostre servei de transport d&#8217;escolars \u00e9s ideal per a qu\u00e8 tant professors com alumnes gaudeixin de la destinaci\u00f3 sense preocupar-se del viatge.[\/vc_column_text][\/vc_column][\/vc_row][vc_row equal_height=&#8221;yes&#8221; content_placement=&#8221;middle&#8221; type=&#8221;vc_default&#8221;][vc_column width=&#8221;1\/2&#8243; css=&#8221;.vc_custom_1649068586866{padding-top: 90px !important;padding-right: 60px !important;padding-bottom: 90px !important;padding-left: 30px !important;}&#8221;]<div id=\"ultimate-heading-47686a0486710daa1\" class=\"uvc-heading ult-adjust-bottom-margin ultimate-heading-47686a0486710daa1 uvc-8757 accent-subtitle-color\" data-hspacer=\"no_spacer\"  data-halign=\"left\" style=\"text-align:left\"><div class=\"uvc-heading-spacer no_spacer\" style=\"top\"><\/div><div class=\"uvc-main-heading ult-responsive\"  data-ultimate-target='.uvc-heading.ultimate-heading-47686a0486710daa1 h2'  data-responsive-json-new='{\"font-size\":\"desktop:36px;\",\"line-height\":\"desktop:46px;\"}' ><h2 style=\"font-weight:bold;margin-bottom:10px;\">Viatges amb total seguretat<\/h2><\/div><\/div>[vc_column_text]En el cas dels nens i nenes, la seguretat \u00e9s un tema prioritari, per aquest motiu\u00a0<strong>tots els nostres vehicles estan equipats amb cinturons de seguretat homologats revisats peri\u00f2dicament a tots els seients<\/strong>. La tecnologia tamb\u00e9 \u00e9s aliada nostra a l\u2019hora de vetllar per la integritat dels infants, ja que els nostres autocars incorporen solucions punteres en aquesta mat\u00e8ria, com ara les c\u00e0meres de visi\u00f3 posterior.<\/p>\n<h3>Arnesos de seguretat<\/h3>\n<p><strong>Sota demanda pr\u00e8via<\/strong> tenim disponibles <strong>arnesos per a nens de mobilitat redu\u00efda<\/strong> (Kidy Bus Harness).<\/p>\n<p>[\/vc_column_text]<style type=\"text\/css\" data-type=\"the7_shortcodes-inline-css\">#default-btn-86bbd8c6ab8c3b6375caa8ab9a49c7f5 {\n  font-size: 14px;\n  line-height: 16px;\n  font-weight: bold;\n  padding: 4px 0px 4px 0px;\n}\n#default-btn-86bbd8c6ab8c3b6375caa8ab9a49c7f5.ico-right-side > i {\n  margin-right: 0px;\n  margin-left: 8px;\n}\n#default-btn-86bbd8c6ab8c3b6375caa8ab9a49c7f5:after {\n  height: 2px;\n}\n#default-btn-86bbd8c6ab8c3b6375caa8ab9a49c7f5 > i {\n  margin-right: 8px;\n  font-size: 11px;\n}\n#default-btn-86bbd8c6ab8c3b6375caa8ab9a49c7f5.ico-right-side > i {\n  margin-right: 0px;\n  margin-left: 8px;\n}\n#default-btn-86bbd8c6ab8c3b6375caa8ab9a49c7f5 > i {\n  margin-right: 8px;\n}<\/style><div class=\"btn-align-left\"><a href=\"https:\/\/dotorbus.com\/ca\/empresa\/seguretat\/\" class=\"default-btn-shortcode dt-btn-link ico-right-side left-to-right-line \" id=\"default-btn-86bbd8c6ab8c3b6375caa8ab9a49c7f5\" title=\"Seguretat\"><span>Saber m\u00e9s sobre seguretat<\/span><i class=\"dt-icon-the7-arrow-0-41\"><\/i><\/a><\/div>[\/vc_column][vc_column width=&#8221;1\/2&#8243; css=&#8221;.vc_custom_1664462870513{margin-right: -60% !important;padding-top: 45% !important;padding-bottom: 45% !important;background-image: url(https:\/\/dotorbus.com\/wp-content\/uploads\/arnes-seguridad-escolares.jpg?id=54106) !important;background-position: center !important;background-repeat: no-repeat !important;background-size: cover !important;}&#8221;][\/vc_column][\/vc_row][vc_row full_width=&#8221;stretch_row&#8221; equal_height=&#8221;yes&#8221; css=&#8221;.vc_custom_1664358547361{padding-top: 60px !important;padding-bottom: 30px !important;background-color: #f4f4f4 !important;}&#8221;][vc_column width=&#8221;2\/3&#8243;]<div id=\"ultimate-heading-91186a0486710dbeb\" class=\"uvc-heading ult-adjust-bottom-margin ultimate-heading-91186a0486710dbeb uvc-1278 \" data-hspacer=\"no_spacer\"  data-halign=\"left\" style=\"text-align:left\"><div class=\"uvc-heading-spacer no_spacer\" style=\"top\"><\/div><div class=\"uvc-main-heading ult-responsive\"  data-ultimate-target='.uvc-heading.ultimate-heading-91186a0486710dbeb h3'  data-responsive-json-new='{\"font-size\":\"mobile_landscape:24px;\",\"line-height\":\"mobile_landscape:34px;\"}' ><h3 style=\"--font-weight:theme;color:#293084;\">SOL\u00b7LICITA EL TEU PRESSUPOST SENSE COMPROM\u00cdS<\/h3><\/div><\/div>[vc_column_text]<span style=\"color: #293084;\">T&#8217;oferim la possibilitat de sol\u00b7licitar un pressupost en l\u00ednia. Fes clic al bot\u00f3 per accedir al formulari.<\/span>[\/vc_column_text][\/vc_column][vc_column width=&#8221;1\/3&#8243;]<style type=\"text\/css\" data-type=\"the7_shortcodes-inline-css\">#default-btn-1d12505c050998fa7df3a74279216175 {\n  border-radius: 0px;\n  font-size: 20px;\n  line-height: 22px;\n}\n.btn-shadow#default-btn-1d12505c050998fa7df3a74279216175 {\n  box-shadow: 0 1px 6px rgba(0,0,0,0.12);\n  transition: box-shadow 0.2s ease-out, opacity 0.45s;\n}\n.btn-shadow#default-btn-1d12505c050998fa7df3a74279216175:hover {\n  box-shadow: 0 5px 11px 0 rgba(0,0,0,0.18), 0 4px 15px 0 rgba(0,0,0,0.15);\n}\n.btn-3d#default-btn-1d12505c050998fa7df3a74279216175:hover {\n  box-shadow: 0px 2px 0px 0px #26284a;\n}\n.btn-flat#default-btn-1d12505c050998fa7df3a74279216175 {\n  box-shadow: none;\n}\n.btn-flat#default-btn-1d12505c050998fa7df3a74279216175:hover {\n  box-shadow: none;\n}\n#default-btn-1d12505c050998fa7df3a74279216175.ico-right-side > i {\n  margin-right: 0px;\n  margin-left: 15px;\n}\n#default-btn-1d12505c050998fa7df3a74279216175 > i {\n  margin-right: 15px;\n  font-size: 24px;\n}\n#default-btn-1d12505c050998fa7df3a74279216175:not(:hover) {\n  border-width: 3px;\n  border-color: #293084 !important;\n  color: #293084;\n  background: none !important;\n  padding: 18px 10px 18px 10px;\n}\n#default-btn-1d12505c050998fa7df3a74279216175:not(:hover) * {\n  color: #293084;\n}\n#default-btn-1d12505c050998fa7df3a74279216175:hover {\n  border-width: 0px;\n  color: #ffffff;\n  background: #293084 !important;\n  padding: 21px 13px 21px 13px;\n}\n#default-btn-1d12505c050998fa7df3a74279216175:hover * {\n  color: #ffffff;\n}\n#default-btn-1d12505c050998fa7df3a74279216175.ico-right-side > i {\n  margin-right: 0px;\n  margin-left: 15px;\n}\n#default-btn-1d12505c050998fa7df3a74279216175 > i {\n  margin-right: 15px;\n}<\/style><div class=\"btn-align-center\"><a href=\"https:\/\/dotorbus.com\/ca\/pressupost\/\" class=\"default-btn-shortcode dt-btn link-hover-off ico-right-side full-width-btn btn-flat \" id=\"default-btn-1d12505c050998fa7df3a74279216175\" title=\"Sol\u00b7licita pressupost\"><span>Sol\u00b7licita pressupost<\/span><i class=\"fas fa-comments-dollar\"><\/i><\/a><\/div>[\/vc_column][\/vc_row]<\/p>\n<\/div>","protected":false},"excerpt":{"rendered":"<p>[vc_row equal_height=&#8221;yes&#8221; content_placement=&#8221;middle&#8221; bg_type=&#8221;bg_color&#8221; bg_override=&#8221;ex-full&#8221; type=&#8221;vc_default&#8221; bg_color_value=&#8221;#f4f4f4&#8243;][vc_column width=&#8221;1\/2&#8243; css=&#8221;.vc_custom_1663838839564{margin-left: -60% !important;padding-top: 45% !important;padding-bottom: 45% !important;background-image: url(https:\/\/dotorbus.com\/wp-content\/uploads\/transporte-escolar-slider.jpg?id=1378) !important;background-position: center !important;background-repeat: no-repeat !important;background-size: cover !important;}&#8221;][\/vc_column][vc_column width=&#8221;1\/2&#8243; css=&#8221;.vc_custom_1649068548482{padding-top: 90px !important;padding-right: 30px !important;padding-bottom: 90px !important;padding-left: 60px !important;}&#8221;][vc_column_text]Un dels serveis que desenvolupem amb m\u00e9s cura \u00e9s, naturalment, el transport escolar, en el qual tenim una llargu\u00edssima tradici\u00f3. A diari duem&hellip;<\/p>\n","protected":false},"author":1,"featured_media":3322,"parent":0,"menu_order":0,"comment_status":"closed","ping_status":"open","template":"","meta":{"footnotes":""},"class_list":["post-1433","page","type-page","status-publish","has-post-thumbnail","hentry","description-off"],"yoast_head":"<!-- This site is optimized with the Yoast SEO plugin v26.3 - https:\/\/yoast.com\/wordpress\/plugins\/seo\/ -->\n<title>Transport escolar - Dotorbus<\/title>\n<meta name=\"robots\" content=\"index, follow, max-snippet:-1, max-image-preview:large, max-video-preview:-1\" \/>\n<link rel=\"canonical\" href=\"https:\/\/dotorbus.com\/ca\/transport-escolar\/\" \/>\n<meta property=\"og:locale\" content=\"ca_ES\" \/>\n<meta property=\"og:type\" content=\"article\" \/>\n<meta property=\"og:title\" content=\"Transport escolar - Dotorbus\" \/>\n<meta property=\"og:description\" content=\"[vc_row equal_height=&#8221;yes&#8221; content_placement=&#8221;middle&#8221; bg_type=&#8221;bg_color&#8221; bg_override=&#8221;ex-full&#8221; type=&#8221;vc_default&#8221; bg_color_value=&#8221;#f4f4f4&#8243;][vc_column width=&#8221;1\/2&#8243; css=&#8221;.vc_custom_1663838839564{margin-left: -60% !important;padding-top: 45% !important;padding-bottom: 45% !important;background-image: url(https:\/\/dotorbus.com\/wp-content\/uploads\/transporte-escolar-slider.jpg?id=1378) !important;background-position: center !important;background-repeat: no-repeat !important;background-size: cover !important;}&#8221;][\/vc_column][vc_column width=&#8221;1\/2&#8243; css=&#8221;.vc_custom_1649068548482{padding-top: 90px !important;padding-right: 30px !important;padding-bottom: 90px !important;padding-left: 60px !important;}&#8221;][vc_column_text]Un dels serveis que desenvolupem amb m\u00e9s cura \u00e9s, naturalment, el transport escolar, en el qual tenim una llargu\u00edssima tradici\u00f3. A diari duem&hellip;\" \/>\n<meta property=\"og:url\" content=\"https:\/\/dotorbus.com\/ca\/transport-escolar\/\" \/>\n<meta property=\"og:site_name\" content=\"Dotorbus\" \/>\n<meta property=\"article:modified_time\" content=\"2022-10-07T11:28:45+00:00\" \/>\n<meta property=\"og:image\" content=\"http:\/\/dotorbus.com\/wp-content\/uploads\/excursiones-dotor.jpg\" \/>\n<script type=\"application\/ld+json\" class=\"yoast-schema-graph\">{\"@context\":\"https:\/\/schema.org\",\"@graph\":[{\"@type\":\"WebPage\",\"@id\":\"https:\/\/dotorbus.com\/ca\/transport-escolar\/\",\"url\":\"https:\/\/dotorbus.com\/ca\/transport-escolar\/\",\"name\":\"Transport escolar - Dotorbus\",\"isPartOf\":{\"@id\":\"https:\/\/dotorbus.com\/ca\/#website\"},\"primaryImageOfPage\":{\"@id\":\"https:\/\/dotorbus.com\/ca\/transport-escolar\/#primaryimage\"},\"image\":{\"@id\":\"https:\/\/dotorbus.com\/ca\/transport-escolar\/#primaryimage\"},\"thumbnailUrl\":\"https:\/\/dotorbus.com\/wp-content\/uploads\/transporte-escolar-1.jpg\",\"datePublished\":\"2015-03-19T10:52:37+00:00\",\"dateModified\":\"2022-10-07T11:28:45+00:00\",\"breadcrumb\":{\"@id\":\"https:\/\/dotorbus.com\/ca\/transport-escolar\/#breadcrumb\"},\"inLanguage\":\"ca\",\"potentialAction\":[{\"@type\":\"ReadAction\",\"target\":[\"https:\/\/dotorbus.com\/ca\/transport-escolar\/\"]}]},{\"@type\":\"ImageObject\",\"inLanguage\":\"ca\",\"@id\":\"https:\/\/dotorbus.com\/ca\/transport-escolar\/#primaryimage\",\"url\":\"https:\/\/dotorbus.com\/wp-content\/uploads\/transporte-escolar-1.jpg\",\"contentUrl\":\"https:\/\/dotorbus.com\/wp-content\/uploads\/transporte-escolar-1.jpg\",\"width\":1920,\"height\":1298},{\"@type\":\"BreadcrumbList\",\"@id\":\"https:\/\/dotorbus.com\/ca\/transport-escolar\/#breadcrumb\",\"itemListElement\":[{\"@type\":\"ListItem\",\"position\":1,\"name\":\"Portada\",\"item\":\"https:\/\/dotorbus.com\/ca\/\"},{\"@type\":\"ListItem\",\"position\":2,\"name\":\"Transport escolar\"}]},{\"@type\":\"WebSite\",\"@id\":\"https:\/\/dotorbus.com\/ca\/#website\",\"url\":\"https:\/\/dotorbus.com\/ca\/\",\"name\":\"Dotorbus\",\"description\":\"Coach &amp; Car Services\",\"publisher\":{\"@id\":\"https:\/\/dotorbus.com\/ca\/#organization\"},\"potentialAction\":[{\"@type\":\"SearchAction\",\"target\":{\"@type\":\"EntryPoint\",\"urlTemplate\":\"https:\/\/dotorbus.com\/ca\/?s={search_term_string}\"},\"query-input\":{\"@type\":\"PropertyValueSpecification\",\"valueRequired\":true,\"valueName\":\"search_term_string\"}}],\"inLanguage\":\"ca\"},{\"@type\":\"Organization\",\"@id\":\"https:\/\/dotorbus.com\/ca\/#organization\",\"name\":\"Dotorbus\",\"url\":\"https:\/\/dotorbus.com\/ca\/\",\"logo\":{\"@type\":\"ImageObject\",\"inLanguage\":\"ca\",\"@id\":\"https:\/\/dotorbus.com\/ca\/#\/schema\/logo\/image\/\",\"url\":\"https:\/\/dotorbus.com\/wp-content\/uploads\/autocars-dotor-logo.png\",\"contentUrl\":\"https:\/\/dotorbus.com\/wp-content\/uploads\/autocars-dotor-logo.png\",\"width\":308,\"height\":80,\"caption\":\"Dotorbus\"},\"image\":{\"@id\":\"https:\/\/dotorbus.com\/ca\/#\/schema\/logo\/image\/\"}}]}<\/script>\n<!-- \/ Yoast SEO plugin. -->","yoast_head_json":{"title":"Transport escolar - Dotorbus","robots":{"index":"index","follow":"follow","max-snippet":"max-snippet:-1","max-image-preview":"max-image-preview:large","max-video-preview":"max-video-preview:-1"},"canonical":"https:\/\/dotorbus.com\/ca\/transport-escolar\/","og_locale":"ca_ES","og_type":"article","og_title":"Transport escolar - Dotorbus","og_description":"[vc_row equal_height=&#8221;yes&#8221; content_placement=&#8221;middle&#8221; bg_type=&#8221;bg_color&#8221; bg_override=&#8221;ex-full&#8221; type=&#8221;vc_default&#8221; bg_color_value=&#8221;#f4f4f4&#8243;][vc_column width=&#8221;1\/2&#8243; css=&#8221;.vc_custom_1663838839564{margin-left: -60% !important;padding-top: 45% !important;padding-bottom: 45% !important;background-image: url(https:\/\/dotorbus.com\/wp-content\/uploads\/transporte-escolar-slider.jpg?id=1378) !important;background-position: center !important;background-repeat: no-repeat !important;background-size: cover !important;}&#8221;][\/vc_column][vc_column width=&#8221;1\/2&#8243; css=&#8221;.vc_custom_1649068548482{padding-top: 90px !important;padding-right: 30px !important;padding-bottom: 90px !important;padding-left: 60px !important;}&#8221;][vc_column_text]Un dels serveis que desenvolupem amb m\u00e9s cura \u00e9s, naturalment, el transport escolar, en el qual tenim una llargu\u00edssima tradici\u00f3. A diari duem&hellip;","og_url":"https:\/\/dotorbus.com\/ca\/transport-escolar\/","og_site_name":"Dotorbus","article_modified_time":"2022-10-07T11:28:45+00:00","og_image":[{"url":"http:\/\/dotorbus.com\/wp-content\/uploads\/excursiones-dotor.jpg","type":"","width":"","height":""}],"schema":{"@context":"https:\/\/schema.org","@graph":[{"@type":"WebPage","@id":"https:\/\/dotorbus.com\/ca\/transport-escolar\/","url":"https:\/\/dotorbus.com\/ca\/transport-escolar\/","name":"Transport escolar - Dotorbus","isPartOf":{"@id":"https:\/\/dotorbus.com\/ca\/#website"},"primaryImageOfPage":{"@id":"https:\/\/dotorbus.com\/ca\/transport-escolar\/#primaryimage"},"image":{"@id":"https:\/\/dotorbus.com\/ca\/transport-escolar\/#primaryimage"},"thumbnailUrl":"https:\/\/dotorbus.com\/wp-content\/uploads\/transporte-escolar-1.jpg","datePublished":"2015-03-19T10:52:37+00:00","dateModified":"2022-10-07T11:28:45+00:00","breadcrumb":{"@id":"https:\/\/dotorbus.com\/ca\/transport-escolar\/#breadcrumb"},"inLanguage":"ca","potentialAction":[{"@type":"ReadAction","target":["https:\/\/dotorbus.com\/ca\/transport-escolar\/"]}]},{"@type":"ImageObject","inLanguage":"ca","@id":"https:\/\/dotorbus.com\/ca\/transport-escolar\/#primaryimage","url":"https:\/\/dotorbus.com\/wp-content\/uploads\/transporte-escolar-1.jpg","contentUrl":"https:\/\/dotorbus.com\/wp-content\/uploads\/transporte-escolar-1.jpg","width":1920,"height":1298},{"@type":"BreadcrumbList","@id":"https:\/\/dotorbus.com\/ca\/transport-escolar\/#breadcrumb","itemListElement":[{"@type":"ListItem","position":1,"name":"Portada","item":"https:\/\/dotorbus.com\/ca\/"},{"@type":"ListItem","position":2,"name":"Transport escolar"}]},{"@type":"WebSite","@id":"https:\/\/dotorbus.com\/ca\/#website","url":"https:\/\/dotorbus.com\/ca\/","name":"Dotorbus","description":"Coach &amp; Car Services","publisher":{"@id":"https:\/\/dotorbus.com\/ca\/#organization"},"potentialAction":[{"@type":"SearchAction","target":{"@type":"EntryPoint","urlTemplate":"https:\/\/dotorbus.com\/ca\/?s={search_term_string}"},"query-input":{"@type":"PropertyValueSpecification","valueRequired":true,"valueName":"search_term_string"}}],"inLanguage":"ca"},{"@type":"Organization","@id":"https:\/\/dotorbus.com\/ca\/#organization","name":"Dotorbus","url":"https:\/\/dotorbus.com\/ca\/","logo":{"@type":"ImageObject","inLanguage":"ca","@id":"https:\/\/dotorbus.com\/ca\/#\/schema\/logo\/image\/","url":"https:\/\/dotorbus.com\/wp-content\/uploads\/autocars-dotor-logo.png","contentUrl":"https:\/\/dotorbus.com\/wp-content\/uploads\/autocars-dotor-logo.png","width":308,"height":80,"caption":"Dotorbus"},"image":{"@id":"https:\/\/dotorbus.com\/ca\/#\/schema\/logo\/image\/"}}]}},"_links":{"self":[{"href":"https:\/\/dotorbus.com\/ca\/wp-json\/wp\/v2\/pages\/1433","targetHints":{"allow":["GET"]}}],"collection":[{"href":"https:\/\/dotorbus.com\/ca\/wp-json\/wp\/v2\/pages"}],"about":[{"href":"https:\/\/dotorbus.com\/ca\/wp-json\/wp\/v2\/types\/page"}],"author":[{"embeddable":true,"href":"https:\/\/dotorbus.com\/ca\/wp-json\/wp\/v2\/users\/1"}],"replies":[{"embeddable":true,"href":"https:\/\/dotorbus.com\/ca\/wp-json\/wp\/v2\/comments?post=1433"}],"version-history":[{"count":12,"href":"https:\/\/dotorbus.com\/ca\/wp-json\/wp\/v2\/pages\/1433\/revisions"}],"predecessor-version":[{"id":54664,"href":"https:\/\/dotorbus.com\/ca\/wp-json\/wp\/v2\/pages\/1433\/revisions\/54664"}],"wp:featuredmedia":[{"embeddable":true,"href":"https:\/\/dotorbus.com\/ca\/wp-json\/wp\/v2\/media\/3322"}],"wp:attachment":[{"href":"https:\/\/dotorbus.com\/ca\/wp-json\/wp\/v2\/media?parent=1433"}],"curies":[{"name":"wp","href":"https:\/\/api.w.org\/{rel}","templated":true}]}}