{"id":1423,"date":"2015-03-25T12:44:15","date_gmt":"2015-03-25T12:44:15","guid":{"rendered":"http:\/\/dotorbus.com\/entidades-deportivas-y-culturales-2\/"},"modified":"2022-10-07T11:05:12","modified_gmt":"2022-10-07T11:05:12","slug":"entitats-esportives","status":"publish","type":"page","link":"https:\/\/dotorbus.com\/ca\/entitats-esportives\/","title":{"rendered":"Entitats esportives"},"content":{"rendered":"<div class=\"wpb-content-wrapper\"><p>[vc_row equal_height=&#8221;yes&#8221; content_placement=&#8221;middle&#8221; bg_type=&#8221;bg_color&#8221; bg_override=&#8221;ex-full&#8221; type=&#8221;vc_default&#8221; bg_color_value=&#8221;#f4f4f4&#8243;][vc_column width=&#8221;1\/2&#8243; css=&#8221;.vc_custom_1663245331457{margin-left: -60% !important;padding-top: 45% !important;padding-bottom: 45% !important;background-image: url(https:\/\/dotorbus.com\/wp-content\/uploads\/team-gf80b2faf7_1920.jpg?id=3036) !important;background-position: center !important;background-repeat: no-repeat !important;background-size: cover !important;}&#8221;][\/vc_column][vc_column width=&#8221;1\/2&#8243; css=&#8221;.vc_custom_1649068548482{padding-top: 90px !important;padding-right: 30px !important;padding-bottom: 90px !important;padding-left: 60px !important;}&#8221;]<div id=\"ultimate-heading-97206a0478c15f2ca\" class=\"uvc-heading ult-adjust-bottom-margin ultimate-heading-97206a0478c15f2ca uvc-3993 accent-subtitle-color\" data-hspacer=\"no_spacer\"  data-halign=\"left\" style=\"text-align:left\"><div class=\"uvc-heading-spacer no_spacer\" style=\"top\"><\/div><div class=\"uvc-main-heading ult-responsive\"  data-ultimate-target='.uvc-heading.ultimate-heading-97206a0478c15f2ca h2'  data-responsive-json-new='{\"font-size\":\"desktop:36px;\",\"line-height\":\"desktop:46px;\"}' ><h2 style=\"font-weight:bold;margin-bottom:10px;\">Planificaci\u00f3 de despla\u00e7aments<\/h2><\/div><\/div>[vc_column_text]Dotor t\u00e9 una \u00e0mplia experi\u00e8ncia en la planificaci\u00f3 dels despla\u00e7aments de nombroses Entitats Esportives.<\/p>\n<p>[\/vc_column_text][\/vc_column][\/vc_row][vc_row equal_height=&#8221;yes&#8221; content_placement=&#8221;middle&#8221; type=&#8221;vc_default&#8221;][vc_column width=&#8221;1\/2&#8243; css=&#8221;.vc_custom_1649068586866{padding-top: 90px !important;padding-right: 60px !important;padding-bottom: 90px !important;padding-left: 30px !important;}&#8221;]<div id=\"ultimate-heading-71996a0478c15f370\" class=\"uvc-heading ult-adjust-bottom-margin ultimate-heading-71996a0478c15f370 uvc-6705 accent-subtitle-color\" data-hspacer=\"no_spacer\"  data-halign=\"left\" style=\"text-align:left\"><div class=\"uvc-heading-spacer no_spacer\" style=\"top\"><\/div><div class=\"uvc-main-heading ult-responsive\"  data-ultimate-target='.uvc-heading.ultimate-heading-71996a0478c15f370 h2'  data-responsive-json-new='{\"font-size\":\"desktop:36px;\",\"line-height\":\"desktop:46px;\"}' ><h2 style=\"font-weight:bold;margin-bottom:10px;\">Assessorament<\/h2><\/div><\/div>[vc_column_text]<\/p>\n<p style=\"text-align: justify;\">Assessorem i donem suport a la planificaci\u00f3 dels despla\u00e7aments en funci\u00f3 dels calendaris de competici\u00f3.<\/p>\n<p>[\/vc_column_text][\/vc_column][vc_column width=&#8221;1\/2&#8243; css=&#8221;.vc_custom_1664462712122{margin-right: -60% !important;padding-top: 45% !important;padding-bottom: 45% !important;background-image: url(https:\/\/dotorbus.com\/wp-content\/uploads\/sports-g83b7ed101_1920.jpg?id=3042) !important;background-position: center !important;background-repeat: no-repeat !important;background-size: cover !important;}&#8221;][\/vc_column][\/vc_row][vc_row equal_height=&#8221;yes&#8221; content_placement=&#8221;middle&#8221; bg_type=&#8221;bg_color&#8221; bg_override=&#8221;ex-full&#8221; type=&#8221;vc_default&#8221; bg_color_value=&#8221;#f4f4f4&#8243;][vc_column width=&#8221;1\/2&#8243; css=&#8221;.vc_custom_1663245318386{margin-left: -60% !important;padding-top: 45% !important;padding-bottom: 45% !important;background-image: url(https:\/\/dotorbus.com\/wp-content\/uploads\/entidades-deportivas-02.jpg?id=3306) !important;background-position: center !important;background-repeat: no-repeat !important;background-size: cover !important;}&#8221;][\/vc_column][vc_column width=&#8221;1\/2&#8243; css=&#8221;.vc_custom_1649068531971{padding-top: 90px !important;padding-right: 30px !important;padding-bottom: 90px !important;padding-left: 60px !important;}&#8221;]<div id=\"ultimate-heading-63086a0478c15f3db\" class=\"uvc-heading ult-adjust-bottom-margin ultimate-heading-63086a0478c15f3db uvc-6804 accent-subtitle-color\" data-hspacer=\"no_spacer\"  data-halign=\"left\" style=\"text-align:left\"><div class=\"uvc-heading-spacer no_spacer\" style=\"top\"><\/div><div class=\"uvc-main-heading ult-responsive\"  data-ultimate-target='.uvc-heading.ultimate-heading-63086a0478c15f3db h2'  data-responsive-json-new='{\"font-size\":\"desktop:36px;\",\"line-height\":\"desktop:46px;\"}' ><h2 style=\"font-weight:bold;margin-bottom:10px;\">Dotor aposta per l'esport<\/h2><\/div><\/div>[vc_column_text]Realitzem els trasllats de diferents grups esportius, ja sigui a partits o sortides que faci el club.<\/p>\n<p>Des de Dotor donem suport a l&#8217;esport, patrocinant i col\u00b7laborant amb diverses entitats esportives del territori Pened\u00e8s-Garraf.[\/vc_column_text]<style type=\"text\/css\" data-type=\"the7_shortcodes-inline-css\">#default-btn-94027e45b7b0d7c31b7e81da61d33f09 {\n  font-size: 14px;\n  line-height: 16px;\n  font-weight: bold;\n  padding: 4px 0px 4px 0px;\n}\n#default-btn-94027e45b7b0d7c31b7e81da61d33f09.ico-right-side > i {\n  margin-right: 0px;\n  margin-left: 8px;\n}\n#default-btn-94027e45b7b0d7c31b7e81da61d33f09:after {\n  height: 2px;\n}\n#default-btn-94027e45b7b0d7c31b7e81da61d33f09 > i {\n  margin-right: 8px;\n  font-size: 11px;\n}\n#default-btn-94027e45b7b0d7c31b7e81da61d33f09.ico-right-side > i {\n  margin-right: 0px;\n  margin-left: 8px;\n}\n#default-btn-94027e45b7b0d7c31b7e81da61d33f09 > i {\n  margin-right: 8px;\n}<\/style><div class=\"btn-align-left\"><a href=\"https:\/\/dotorbus.com\/ca\/colaboracions\/\" class=\"default-btn-shortcode dt-btn-link ico-right-side left-to-right-line \" id=\"default-btn-94027e45b7b0d7c31b7e81da61d33f09\" title=\"Patrocini i Col\u00b7laboracions\"><span>Saber m\u00e9s sobre patrocini<\/span><i class=\"dt-icon-the7-arrow-0-41\"><\/i><\/a><\/div>[\/vc_column][\/vc_row][vc_row equal_height=&#8221;yes&#8221; content_placement=&#8221;middle&#8221; type=&#8221;vc_default&#8221;][vc_column width=&#8221;1\/2&#8243; css=&#8221;.vc_custom_1649068522626{padding-top: 90px !important;padding-right: 60px !important;padding-bottom: 90px !important;padding-left: 30px !important;}&#8221;]<div id=\"ultimate-heading-42706a0478c15f57b\" class=\"uvc-heading ult-adjust-bottom-margin ultimate-heading-42706a0478c15f57b uvc-4062 accent-subtitle-color\" data-hspacer=\"no_spacer\"  data-halign=\"left\" style=\"text-align:left\"><div class=\"uvc-heading-spacer no_spacer\" style=\"top\"><\/div><div class=\"uvc-main-heading ult-responsive\"  data-ultimate-target='.uvc-heading.ultimate-heading-42706a0478c15f57b h2'  data-responsive-json-new='{\"font-size\":\"desktop:36px;\",\"line-height\":\"desktop:46px;\"}' ><h2 style=\"font-weight:bold;margin-bottom:10px;\">Gaudeix del partit sense preocupacions<\/h2><\/div><\/div>[vc_column_text]Valorem les necessitats dels nostres clients per oferir-vos les millors solucions t\u00e8cniques i econ\u00f2miques per al desenvolupament de les vostres activitats.<\/p>\n<p>Gaudiu del partit, del trajecte ens encarreguem nosaltres![\/vc_column_text][\/vc_column][vc_column width=&#8221;1\/2&#8243; css=&#8221;.vc_custom_1663842460962{margin-right: -60% !important;padding-top: 45% !important;padding-bottom: 45% !important;background-image: url(https:\/\/dotorbus.com\/wp-content\/uploads\/entidades-deportivas-basquet-dotor.jpg?id=54341) !important;background-position: center !important;background-repeat: no-repeat !important;background-size: cover !important;}&#8221;][\/vc_column][\/vc_row][vc_row full_width=&#8221;stretch_row&#8221; equal_height=&#8221;yes&#8221; css=&#8221;.vc_custom_1664358547361{padding-top: 60px !important;padding-bottom: 30px !important;background-color: #f4f4f4 !important;}&#8221;][vc_column width=&#8221;2\/3&#8243;]<div id=\"ultimate-heading-95896a0478c15f5f1\" class=\"uvc-heading ult-adjust-bottom-margin ultimate-heading-95896a0478c15f5f1 uvc-3842 \" data-hspacer=\"no_spacer\"  data-halign=\"left\" style=\"text-align:left\"><div class=\"uvc-heading-spacer no_spacer\" style=\"top\"><\/div><div class=\"uvc-main-heading ult-responsive\"  data-ultimate-target='.uvc-heading.ultimate-heading-95896a0478c15f5f1 h3'  data-responsive-json-new='{\"font-size\":\"mobile_landscape:24px;\",\"line-height\":\"mobile_landscape:34px;\"}' ><h3 style=\"--font-weight:theme;color:#293084;\">SOL\u00b7LICITA EL TEU PRESSUPOST SENSE COMPROM\u00cdS<\/h3><\/div><\/div>[vc_column_text]<span style=\"color: #293084;\">T&#8217;oferim la possibilitat de sol\u00b7licitar un pressupost en l\u00ednia. Fes clic al bot\u00f3 per accedir al formulari.<\/span>[\/vc_column_text][\/vc_column][vc_column width=&#8221;1\/3&#8243;]<style type=\"text\/css\" data-type=\"the7_shortcodes-inline-css\">#default-btn-1d12505c050998fa7df3a74279216175 {\n  border-radius: 0px;\n  font-size: 20px;\n  line-height: 22px;\n}\n.btn-shadow#default-btn-1d12505c050998fa7df3a74279216175 {\n  box-shadow: 0 1px 6px rgba(0,0,0,0.12);\n  transition: box-shadow 0.2s ease-out, opacity 0.45s;\n}\n.btn-shadow#default-btn-1d12505c050998fa7df3a74279216175:hover {\n  box-shadow: 0 5px 11px 0 rgba(0,0,0,0.18), 0 4px 15px 0 rgba(0,0,0,0.15);\n}\n.btn-3d#default-btn-1d12505c050998fa7df3a74279216175:hover {\n  box-shadow: 0px 2px 0px 0px #26284a;\n}\n.btn-flat#default-btn-1d12505c050998fa7df3a74279216175 {\n  box-shadow: none;\n}\n.btn-flat#default-btn-1d12505c050998fa7df3a74279216175:hover {\n  box-shadow: none;\n}\n#default-btn-1d12505c050998fa7df3a74279216175.ico-right-side > i {\n  margin-right: 0px;\n  margin-left: 15px;\n}\n#default-btn-1d12505c050998fa7df3a74279216175 > i {\n  margin-right: 15px;\n  font-size: 24px;\n}\n#default-btn-1d12505c050998fa7df3a74279216175:not(:hover) {\n  border-width: 3px;\n  border-color: #293084 !important;\n  color: #293084;\n  background: none !important;\n  padding: 18px 10px 18px 10px;\n}\n#default-btn-1d12505c050998fa7df3a74279216175:not(:hover) * {\n  color: #293084;\n}\n#default-btn-1d12505c050998fa7df3a74279216175:hover {\n  border-width: 0px;\n  color: #ffffff;\n  background: #293084 !important;\n  padding: 21px 13px 21px 13px;\n}\n#default-btn-1d12505c050998fa7df3a74279216175:hover * {\n  color: #ffffff;\n}\n#default-btn-1d12505c050998fa7df3a74279216175.ico-right-side > i {\n  margin-right: 0px;\n  margin-left: 15px;\n}\n#default-btn-1d12505c050998fa7df3a74279216175 > i {\n  margin-right: 15px;\n}<\/style><div class=\"btn-align-center\"><a href=\"https:\/\/dotorbus.com\/ca\/pressupost\/\" class=\"default-btn-shortcode dt-btn link-hover-off ico-right-side full-width-btn btn-flat \" id=\"default-btn-1d12505c050998fa7df3a74279216175\" title=\"Sol\u00b7licita pressupost\"><span>Sol\u00b7licita pressupost<\/span><i class=\"fas fa-comments-dollar\"><\/i><\/a><\/div>[\/vc_column][\/vc_row]<\/p>\n<\/div>","protected":false},"excerpt":{"rendered":"<p>[vc_row equal_height=&#8221;yes&#8221; content_placement=&#8221;middle&#8221; bg_type=&#8221;bg_color&#8221; bg_override=&#8221;ex-full&#8221; type=&#8221;vc_default&#8221; bg_color_value=&#8221;#f4f4f4&#8243;][vc_column width=&#8221;1\/2&#8243; css=&#8221;.vc_custom_1663245331457{margin-left: -60% !important;padding-top: 45% !important;padding-bottom: 45% !important;background-image: url(https:\/\/dotorbus.com\/wp-content\/uploads\/team-gf80b2faf7_1920.jpg?id=3036) !important;background-position: center !important;background-repeat: no-repeat !important;background-size: cover !important;}&#8221;][\/vc_column][vc_column width=&#8221;1\/2&#8243; css=&#8221;.vc_custom_1649068548482{padding-top: 90px !important;padding-right: 30px !important;padding-bottom: 90px !important;padding-left: 60px !important;}&#8221;][vc_column_text]Dotor t\u00e9 una \u00e0mplia experi\u00e8ncia en la planificaci\u00f3 dels despla\u00e7aments de nombroses Entitats Esportives. [\/vc_column_text][\/vc_column][\/vc_row][vc_row equal_height=&#8221;yes&#8221; content_placement=&#8221;middle&#8221; type=&#8221;vc_default&#8221;][vc_column width=&#8221;1\/2&#8243; css=&#8221;.vc_custom_1649068586866{padding-top: 90px !important;padding-right: 60px&hellip;<\/p>\n","protected":false},"author":1,"featured_media":3034,"parent":0,"menu_order":0,"comment_status":"closed","ping_status":"open","template":"","meta":{"footnotes":""},"class_list":["post-1423","page","type-page","status-publish","has-post-thumbnail","hentry","description-off"],"yoast_head":"<!-- This site is optimized with the Yoast SEO plugin v26.3 - https:\/\/yoast.com\/wordpress\/plugins\/seo\/ -->\n<title>Entitats esportives - Dotorbus<\/title>\n<meta name=\"robots\" content=\"index, follow, max-snippet:-1, max-image-preview:large, max-video-preview:-1\" \/>\n<link rel=\"canonical\" href=\"https:\/\/dotorbus.com\/ca\/entitats-esportives\/\" \/>\n<meta property=\"og:locale\" content=\"ca_ES\" \/>\n<meta property=\"og:type\" content=\"article\" \/>\n<meta property=\"og:title\" content=\"Entitats esportives - Dotorbus\" \/>\n<meta property=\"og:description\" content=\"[vc_row equal_height=&#8221;yes&#8221; content_placement=&#8221;middle&#8221; bg_type=&#8221;bg_color&#8221; bg_override=&#8221;ex-full&#8221; type=&#8221;vc_default&#8221; bg_color_value=&#8221;#f4f4f4&#8243;][vc_column width=&#8221;1\/2&#8243; css=&#8221;.vc_custom_1663245331457{margin-left: -60% !important;padding-top: 45% !important;padding-bottom: 45% !important;background-image: url(https:\/\/dotorbus.com\/wp-content\/uploads\/team-gf80b2faf7_1920.jpg?id=3036) !important;background-position: center !important;background-repeat: no-repeat !important;background-size: cover !important;}&#8221;][\/vc_column][vc_column width=&#8221;1\/2&#8243; css=&#8221;.vc_custom_1649068548482{padding-top: 90px !important;padding-right: 30px !important;padding-bottom: 90px !important;padding-left: 60px !important;}&#8221;][vc_column_text]Dotor t\u00e9 una \u00e0mplia experi\u00e8ncia en la planificaci\u00f3 dels despla\u00e7aments de nombroses Entitats Esportives. [\/vc_column_text][\/vc_column][\/vc_row][vc_row equal_height=&#8221;yes&#8221; content_placement=&#8221;middle&#8221; type=&#8221;vc_default&#8221;][vc_column width=&#8221;1\/2&#8243; css=&#8221;.vc_custom_1649068586866{padding-top: 90px !important;padding-right: 60px&hellip;\" \/>\n<meta property=\"og:url\" content=\"https:\/\/dotorbus.com\/ca\/entitats-esportives\/\" \/>\n<meta property=\"og:site_name\" content=\"Dotorbus\" \/>\n<meta property=\"article:modified_time\" content=\"2022-10-07T11:05:12+00:00\" \/>\n<script type=\"application\/ld+json\" class=\"yoast-schema-graph\">{\"@context\":\"https:\/\/schema.org\",\"@graph\":[{\"@type\":\"WebPage\",\"@id\":\"https:\/\/dotorbus.com\/ca\/entitats-esportives\/\",\"url\":\"https:\/\/dotorbus.com\/ca\/entitats-esportives\/\",\"name\":\"Entitats esportives - Dotorbus\",\"isPartOf\":{\"@id\":\"https:\/\/dotorbus.com\/ca\/#website\"},\"primaryImageOfPage\":{\"@id\":\"https:\/\/dotorbus.com\/ca\/entitats-esportives\/#primaryimage\"},\"image\":{\"@id\":\"https:\/\/dotorbus.com\/ca\/entitats-esportives\/#primaryimage\"},\"thumbnailUrl\":\"https:\/\/dotorbus.com\/wp-content\/uploads\/Destacada-3.jpg\",\"datePublished\":\"2015-03-25T12:44:15+00:00\",\"dateModified\":\"2022-10-07T11:05:12+00:00\",\"breadcrumb\":{\"@id\":\"https:\/\/dotorbus.com\/ca\/entitats-esportives\/#breadcrumb\"},\"inLanguage\":\"ca\",\"potentialAction\":[{\"@type\":\"ReadAction\",\"target\":[\"https:\/\/dotorbus.com\/ca\/entitats-esportives\/\"]}]},{\"@type\":\"ImageObject\",\"inLanguage\":\"ca\",\"@id\":\"https:\/\/dotorbus.com\/ca\/entitats-esportives\/#primaryimage\",\"url\":\"https:\/\/dotorbus.com\/wp-content\/uploads\/Destacada-3.jpg\",\"contentUrl\":\"https:\/\/dotorbus.com\/wp-content\/uploads\/Destacada-3.jpg\",\"width\":1903,\"height\":700},{\"@type\":\"BreadcrumbList\",\"@id\":\"https:\/\/dotorbus.com\/ca\/entitats-esportives\/#breadcrumb\",\"itemListElement\":[{\"@type\":\"ListItem\",\"position\":1,\"name\":\"Portada\",\"item\":\"https:\/\/dotorbus.com\/ca\/\"},{\"@type\":\"ListItem\",\"position\":2,\"name\":\"Entitats esportives i culturals\"}]},{\"@type\":\"WebSite\",\"@id\":\"https:\/\/dotorbus.com\/ca\/#website\",\"url\":\"https:\/\/dotorbus.com\/ca\/\",\"name\":\"Dotorbus\",\"description\":\"Coach &amp; Car Services\",\"publisher\":{\"@id\":\"https:\/\/dotorbus.com\/ca\/#organization\"},\"potentialAction\":[{\"@type\":\"SearchAction\",\"target\":{\"@type\":\"EntryPoint\",\"urlTemplate\":\"https:\/\/dotorbus.com\/ca\/?s={search_term_string}\"},\"query-input\":{\"@type\":\"PropertyValueSpecification\",\"valueRequired\":true,\"valueName\":\"search_term_string\"}}],\"inLanguage\":\"ca\"},{\"@type\":\"Organization\",\"@id\":\"https:\/\/dotorbus.com\/ca\/#organization\",\"name\":\"Dotorbus\",\"url\":\"https:\/\/dotorbus.com\/ca\/\",\"logo\":{\"@type\":\"ImageObject\",\"inLanguage\":\"ca\",\"@id\":\"https:\/\/dotorbus.com\/ca\/#\/schema\/logo\/image\/\",\"url\":\"https:\/\/dotorbus.com\/wp-content\/uploads\/autocars-dotor-logo.png\",\"contentUrl\":\"https:\/\/dotorbus.com\/wp-content\/uploads\/autocars-dotor-logo.png\",\"width\":308,\"height\":80,\"caption\":\"Dotorbus\"},\"image\":{\"@id\":\"https:\/\/dotorbus.com\/ca\/#\/schema\/logo\/image\/\"}}]}<\/script>\n<!-- \/ Yoast SEO plugin. -->","yoast_head_json":{"title":"Entitats esportives - Dotorbus","robots":{"index":"index","follow":"follow","max-snippet":"max-snippet:-1","max-image-preview":"max-image-preview:large","max-video-preview":"max-video-preview:-1"},"canonical":"https:\/\/dotorbus.com\/ca\/entitats-esportives\/","og_locale":"ca_ES","og_type":"article","og_title":"Entitats esportives - Dotorbus","og_description":"[vc_row equal_height=&#8221;yes&#8221; content_placement=&#8221;middle&#8221; bg_type=&#8221;bg_color&#8221; bg_override=&#8221;ex-full&#8221; type=&#8221;vc_default&#8221; bg_color_value=&#8221;#f4f4f4&#8243;][vc_column width=&#8221;1\/2&#8243; css=&#8221;.vc_custom_1663245331457{margin-left: -60% !important;padding-top: 45% !important;padding-bottom: 45% !important;background-image: url(https:\/\/dotorbus.com\/wp-content\/uploads\/team-gf80b2faf7_1920.jpg?id=3036) !important;background-position: center !important;background-repeat: no-repeat !important;background-size: cover !important;}&#8221;][\/vc_column][vc_column width=&#8221;1\/2&#8243; css=&#8221;.vc_custom_1649068548482{padding-top: 90px !important;padding-right: 30px !important;padding-bottom: 90px !important;padding-left: 60px !important;}&#8221;][vc_column_text]Dotor t\u00e9 una \u00e0mplia experi\u00e8ncia en la planificaci\u00f3 dels despla\u00e7aments de nombroses Entitats Esportives. [\/vc_column_text][\/vc_column][\/vc_row][vc_row equal_height=&#8221;yes&#8221; content_placement=&#8221;middle&#8221; type=&#8221;vc_default&#8221;][vc_column width=&#8221;1\/2&#8243; css=&#8221;.vc_custom_1649068586866{padding-top: 90px !important;padding-right: 60px&hellip;","og_url":"https:\/\/dotorbus.com\/ca\/entitats-esportives\/","og_site_name":"Dotorbus","article_modified_time":"2022-10-07T11:05:12+00:00","schema":{"@context":"https:\/\/schema.org","@graph":[{"@type":"WebPage","@id":"https:\/\/dotorbus.com\/ca\/entitats-esportives\/","url":"https:\/\/dotorbus.com\/ca\/entitats-esportives\/","name":"Entitats esportives - Dotorbus","isPartOf":{"@id":"https:\/\/dotorbus.com\/ca\/#website"},"primaryImageOfPage":{"@id":"https:\/\/dotorbus.com\/ca\/entitats-esportives\/#primaryimage"},"image":{"@id":"https:\/\/dotorbus.com\/ca\/entitats-esportives\/#primaryimage"},"thumbnailUrl":"https:\/\/dotorbus.com\/wp-content\/uploads\/Destacada-3.jpg","datePublished":"2015-03-25T12:44:15+00:00","dateModified":"2022-10-07T11:05:12+00:00","breadcrumb":{"@id":"https:\/\/dotorbus.com\/ca\/entitats-esportives\/#breadcrumb"},"inLanguage":"ca","potentialAction":[{"@type":"ReadAction","target":["https:\/\/dotorbus.com\/ca\/entitats-esportives\/"]}]},{"@type":"ImageObject","inLanguage":"ca","@id":"https:\/\/dotorbus.com\/ca\/entitats-esportives\/#primaryimage","url":"https:\/\/dotorbus.com\/wp-content\/uploads\/Destacada-3.jpg","contentUrl":"https:\/\/dotorbus.com\/wp-content\/uploads\/Destacada-3.jpg","width":1903,"height":700},{"@type":"BreadcrumbList","@id":"https:\/\/dotorbus.com\/ca\/entitats-esportives\/#breadcrumb","itemListElement":[{"@type":"ListItem","position":1,"name":"Portada","item":"https:\/\/dotorbus.com\/ca\/"},{"@type":"ListItem","position":2,"name":"Entitats esportives i culturals"}]},{"@type":"WebSite","@id":"https:\/\/dotorbus.com\/ca\/#website","url":"https:\/\/dotorbus.com\/ca\/","name":"Dotorbus","description":"Coach &amp; Car Services","publisher":{"@id":"https:\/\/dotorbus.com\/ca\/#organization"},"potentialAction":[{"@type":"SearchAction","target":{"@type":"EntryPoint","urlTemplate":"https:\/\/dotorbus.com\/ca\/?s={search_term_string}"},"query-input":{"@type":"PropertyValueSpecification","valueRequired":true,"valueName":"search_term_string"}}],"inLanguage":"ca"},{"@type":"Organization","@id":"https:\/\/dotorbus.com\/ca\/#organization","name":"Dotorbus","url":"https:\/\/dotorbus.com\/ca\/","logo":{"@type":"ImageObject","inLanguage":"ca","@id":"https:\/\/dotorbus.com\/ca\/#\/schema\/logo\/image\/","url":"https:\/\/dotorbus.com\/wp-content\/uploads\/autocars-dotor-logo.png","contentUrl":"https:\/\/dotorbus.com\/wp-content\/uploads\/autocars-dotor-logo.png","width":308,"height":80,"caption":"Dotorbus"},"image":{"@id":"https:\/\/dotorbus.com\/ca\/#\/schema\/logo\/image\/"}}]}},"_links":{"self":[{"href":"https:\/\/dotorbus.com\/ca\/wp-json\/wp\/v2\/pages\/1423","targetHints":{"allow":["GET"]}}],"collection":[{"href":"https:\/\/dotorbus.com\/ca\/wp-json\/wp\/v2\/pages"}],"about":[{"href":"https:\/\/dotorbus.com\/ca\/wp-json\/wp\/v2\/types\/page"}],"author":[{"embeddable":true,"href":"https:\/\/dotorbus.com\/ca\/wp-json\/wp\/v2\/users\/1"}],"replies":[{"embeddable":true,"href":"https:\/\/dotorbus.com\/ca\/wp-json\/wp\/v2\/comments?post=1423"}],"version-history":[{"count":9,"href":"https:\/\/dotorbus.com\/ca\/wp-json\/wp\/v2\/pages\/1423\/revisions"}],"predecessor-version":[{"id":54659,"href":"https:\/\/dotorbus.com\/ca\/wp-json\/wp\/v2\/pages\/1423\/revisions\/54659"}],"wp:featuredmedia":[{"embeddable":true,"href":"https:\/\/dotorbus.com\/ca\/wp-json\/wp\/v2\/media\/3034"}],"wp:attachment":[{"href":"https:\/\/dotorbus.com\/ca\/wp-json\/wp\/v2\/media?parent=1423"}],"curies":[{"name":"wp","href":"https:\/\/api.w.org\/{rel}","templated":true}]}}