{"id":1414,"date":"2015-12-21T12:00:48","date_gmt":"2015-12-21T12:00:48","guid":{"rendered":"http:\/\/dotorbus.com\/medio-ambiente-2\/"},"modified":"2022-10-06T12:10:45","modified_gmt":"2022-10-06T12:10:45","slug":"sostenibilitat-i-salut","status":"publish","type":"page","link":"https:\/\/dotorbus.com\/ca\/sostenibilitat-i-salut\/","title":{"rendered":"Sostenibilitat i salut"},"content":{"rendered":"<div class=\"wpb-content-wrapper\"><p>[vc_row][vc_column][vc_column_text]<\/p>\n<p class=\"inicio\">Dotor \u00e9s una empresa sensibilitzada que es preocupa pel medi ambient. Per aquesta ra\u00f3 disposem de vehicles adequats a la normativa vigent i adoptem pol\u00edtiques actives per a contribuir en la cura de l&#8217;entorn.<\/p>\n<ul class=\"ambient\">\n<li>Autocars Normativa Euro VI<\/li>\n<li>Reciclatge de paper i escombraries<\/li>\n<li>Materials de neteja *biodegradables<\/li>\n<li>Recollida d&#8217;olis a c\u00e0rrec de *CATOR<\/li>\n<\/ul>\n<p>[\/vc_column_text][\/vc_column][\/vc_row][vc_row equal_height=&#8221;yes&#8221; content_placement=&#8221;middle&#8221; bg_type=&#8221;bg_color&#8221; bg_override=&#8221;ex-full&#8221; type=&#8221;vc_default&#8221; bg_color_value=&#8221;#f4f4f4&#8243;][vc_column width=&#8221;1\/2&#8243; css=&#8221;.vc_custom_1663337814416{margin-left: -60% !important;padding-top: 45% !important;padding-bottom: 45% !important;background-image: url(https:\/\/dotorbus.com\/wp-content\/uploads\/interior-bus56-dotorbus.jpg?id=54120) !important;background-position: center !important;background-repeat: no-repeat !important;background-size: cover !important;}&#8221;][\/vc_column][vc_column width=&#8221;1\/2&#8243; css=&#8221;.vc_custom_1649068548482{padding-top: 90px !important;padding-right: 30px !important;padding-bottom: 90px !important;padding-left: 60px !important;}&#8221;]<div id=\"ultimate-heading-1216a0486705a994\" class=\"uvc-heading ult-adjust-bottom-margin ultimate-heading-1216a0486705a994 uvc-5088 accent-subtitle-color\" data-hspacer=\"no_spacer\"  data-halign=\"left\" style=\"text-align:left\"><div class=\"uvc-heading-spacer no_spacer\" style=\"top\"><\/div><div class=\"uvc-main-heading ult-responsive\"  data-ultimate-target='.uvc-heading.ultimate-heading-1216a0486705a994 h2'  data-responsive-json-new='{\"font-size\":\"desktop:36px;\",\"line-height\":\"desktop:46px;\"}' ><h2 style=\"font-weight:bold;margin-bottom:10px;\">Veg\u00e0<\/h2><\/div><\/div>[vc_column_text]<\/p>\n<p class=\"inicio\" style=\"text-align: justify;\">No utilitzem pells d&#8217;animals als nostres vehicles. Substitu\u00efm els entapissats per materials sint\u00e8tics i sostenibles.<\/p>\n<p>[\/vc_column_text][\/vc_column][\/vc_row][vc_row equal_height=&#8221;yes&#8221; content_placement=&#8221;middle&#8221; type=&#8221;vc_default&#8221;][vc_column width=&#8221;1\/2&#8243; css=&#8221;.vc_custom_1649068586866{padding-top: 90px !important;padding-right: 60px !important;padding-bottom: 90px !important;padding-left: 30px !important;}&#8221;]<div id=\"ultimate-heading-30826a0486705aa33\" class=\"uvc-heading ult-adjust-bottom-margin ultimate-heading-30826a0486705aa33 uvc-7995 accent-subtitle-color\" data-hspacer=\"no_spacer\"  data-halign=\"left\" style=\"text-align:left\"><div class=\"uvc-heading-spacer no_spacer\" style=\"top\"><\/div><div class=\"uvc-main-heading ult-responsive\"  data-ultimate-target='.uvc-heading.ultimate-heading-30826a0486705aa33 h2'  data-responsive-json-new='{\"font-size\":\"desktop:36px;\",\"line-height\":\"desktop:46px;\"}' ><h2 style=\"font-weight:bold;margin-bottom:10px;\">Purificadors d'aire homologats<\/h2><\/div><\/div>[vc_column_text]Amb l&#8217;objectiu de millorar la qualitat d&#8217;aire de l&#8217;interior dels nostres autocars, hem instal\u00b7lat el purificador d&#8217;aire\u00a0<strong>eco3 de Hispacold<\/strong>. Aquest purificador d&#8217;aire disminueix microorganismes, g\u00e8rmens i al\u00b7lerg\u00f2gens i evita males olors.<\/p>\n<p>El purificador d&#8217;aire eco3 ha demostrat la seva efectivitat en els vehicles on s&#8217;ha instal\u00b7lat i ha estat testat cient\u00edficament per la prestigiosa companyia internacional\u00a0<strong>SGS Tecnos<\/strong>, experta en medi ambient.<\/p>\n<h4>Caracter\u00edstiques principals:<\/h4>\n<ul>\n<li>Disminueix bact\u00e8ries, virus, fongs, al\u00b7lerg\u00f2gens i g\u00e8rmens en general.<\/li>\n<li>Disminueix les possibilitats de contagi de malalties.<\/li>\n<li>Disminueix la sensaci\u00f3 de son del conductor.<\/li>\n<li>Augmenta la concentraci\u00f3 d&#8217;oxigen, evitant que es vici\u00ef l&#8217;aire.<\/li>\n<li>Elimina contaminants qu\u00edmics.<\/li>\n<li>Elimina males olors.<\/li>\n<\/ul>\n<p>[\/vc_column_text][\/vc_column][vc_column width=&#8221;1\/2&#8243; css=&#8221;.vc_custom_1663337822072{margin-right: -60% !important;padding-top: 45% !important;padding-bottom: 45% !important;background-image: url(https:\/\/dotorbus.com\/wp-content\/uploads\/IMG-20220202-WA0001.jpg?id=54125) !important;background-position: center !important;background-repeat: no-repeat !important;background-size: cover !important;}&#8221;][\/vc_column][\/vc_row][vc_row equal_height=&#8221;yes&#8221; content_placement=&#8221;middle&#8221; bg_type=&#8221;bg_color&#8221; bg_override=&#8221;ex-full&#8221; type=&#8221;vc_default&#8221; bg_color_value=&#8221;#f4f4f4&#8243;][vc_column width=&#8221;1\/2&#8243; css=&#8221;.vc_custom_1663336464072{margin-left: -60% !important;padding-top: 45% !important;padding-bottom: 45% !important;background-image: url(https:\/\/dotorbus.com\/wp-content\/uploads\/agua-envase-carton-dotorbus.jpg?id=54128) !important;background-position: center !important;background-repeat: no-repeat !important;background-size: cover !important;}&#8221;][\/vc_column][vc_column width=&#8221;1\/2&#8243; css=&#8221;.vc_custom_1649068548482{padding-top: 90px !important;padding-right: 30px !important;padding-bottom: 90px !important;padding-left: 60px !important;}&#8221;]<div id=\"ultimate-heading-62646a0486705aa9b\" class=\"uvc-heading ult-adjust-bottom-margin ultimate-heading-62646a0486705aa9b uvc-1705 accent-subtitle-color\" data-hspacer=\"no_spacer\"  data-halign=\"left\" style=\"text-align:left\"><div class=\"uvc-heading-spacer no_spacer\" style=\"top\"><\/div><div class=\"uvc-main-heading ult-responsive\"  data-ultimate-target='.uvc-heading.ultimate-heading-62646a0486705aa9b h2'  data-responsive-json-new='{\"font-size\":\"desktop:36px;\",\"line-height\":\"desktop:46px;\"}' ><h2 style=\"font-weight:bold;margin-bottom:10px;\">Ampolles d'aigua<\/h2><\/div><\/div>[vc_column_text]Eliminem els envasos de pl\u00e0stic substituint les ampolles d&#8217;aigua envasos sostenibles.[\/vc_column_text][\/vc_column][\/vc_row][vc_row equal_height=&#8221;yes&#8221; content_placement=&#8221;middle&#8221; type=&#8221;vc_default&#8221;][vc_column width=&#8221;1\/2&#8243; css=&#8221;.vc_custom_1649068586866{padding-top: 90px !important;padding-right: 60px !important;padding-bottom: 90px !important;padding-left: 30px !important;}&#8221;]<div id=\"ultimate-heading-74056a0486705aafd\" class=\"uvc-heading ult-adjust-bottom-margin ultimate-heading-74056a0486705aafd uvc-2459 accent-subtitle-color\" data-hspacer=\"no_spacer\"  data-halign=\"left\" style=\"text-align:left\"><div class=\"uvc-heading-spacer no_spacer\" style=\"top\"><\/div><div class=\"uvc-main-heading ult-responsive\"  data-ultimate-target='.uvc-heading.ultimate-heading-74056a0486705aafd h2'  data-responsive-json-new='{\"font-size\":\"desktop:36px;\",\"line-height\":\"desktop:46px;\"}' ><h2 style=\"font-weight:bold;margin-bottom:10px;\">Bosses per al mareig<\/h2><\/div><\/div>[vc_column_text]<\/p>\n<p style=\"text-align: justify;\">Substitu\u00efm les bosses de pl\u00e0stic per al mareig per bosses de material biodegradable.<\/p>\n<p>[\/vc_column_text][\/vc_column][vc_column width=&#8221;1\/2&#8243; css=&#8221;.vc_custom_1663337029137{margin-right: -60% !important;padding-top: 45% !important;padding-bottom: 45% !important;background-image: url(https:\/\/dotorbus.com\/wp-content\/uploads\/bolsas-mareo-compostables-dotorbus.jpg?id=54131) !important;background-position: center !important;background-repeat: no-repeat !important;background-size: cover !important;}&#8221;][\/vc_column][\/vc_row][vc_row equal_height=&#8221;yes&#8221; content_placement=&#8221;middle&#8221; bg_type=&#8221;bg_color&#8221; bg_override=&#8221;ex-full&#8221; type=&#8221;vc_default&#8221;][vc_column width=&#8221;1\/2&#8243; css=&#8221;.vc_custom_1663337739404{margin-left: -60% !important;padding-top: 45% !important;padding-bottom: 45% !important;background-image: url(https:\/\/dotorbus.com\/wp-content\/uploads\/van-vip-16-interior-dotorbus.jpg?id=54134) !important;background-position: center !important;background-repeat: no-repeat !important;background-size: cover !important;}&#8221;][\/vc_column][vc_column width=&#8221;1\/2&#8243; css=&#8221;.vc_custom_1649068548482{padding-top: 90px !important;padding-right: 30px !important;padding-bottom: 90px !important;padding-left: 60px !important;}&#8221;]<div id=\"ultimate-heading-67236a0486705ab58\" class=\"uvc-heading ult-adjust-bottom-margin ultimate-heading-67236a0486705ab58 uvc-8637 accent-subtitle-color\" data-hspacer=\"no_spacer\"  data-halign=\"left\" style=\"text-align:left\"><div class=\"uvc-heading-spacer no_spacer\" style=\"top\"><\/div><div class=\"uvc-main-heading ult-responsive\"  data-ultimate-target='.uvc-heading.ultimate-heading-67236a0486705ab58 h2'  data-responsive-json-new='{\"font-size\":\"desktop:36px;\",\"line-height\":\"desktop:46px;\"}' ><h2 style=\"font-weight:bold;margin-bottom:10px;\">Sense cortines<\/h2><\/div><\/div>[vc_column_text]Eliminem les cortines dels nostres vehicles i apostem per vidres m\u00e9s foscos.[\/vc_column_text][\/vc_column][\/vc_row][vc_row equal_height=&#8221;yes&#8221; content_placement=&#8221;middle&#8221; type=&#8221;vc_default&#8221;][vc_column width=&#8221;1\/2&#8243; css=&#8221;.vc_custom_1649068586866{padding-top: 90px !important;padding-right: 60px !important;padding-bottom: 90px !important;padding-left: 30px !important;}&#8221;]<div id=\"ultimate-heading-23886a0486705abbd\" class=\"uvc-heading ult-adjust-bottom-margin ultimate-heading-23886a0486705abbd uvc-9433 accent-subtitle-color\" data-hspacer=\"no_spacer\"  data-halign=\"left\" style=\"text-align:left\"><div class=\"uvc-heading-spacer no_spacer\" style=\"top\"><\/div><div class=\"uvc-main-heading ult-responsive\"  data-ultimate-target='.uvc-heading.ultimate-heading-23886a0486705abbd h2'  data-responsive-json-new='{\"font-size\":\"desktop:36px;\",\"line-height\":\"desktop:46px;\"}' ><h2 style=\"font-weight:bold;margin-bottom:10px;\">Manteniment i neteja di\u00e0ria<\/h2><\/div><\/div>[vc_column_text]<\/p>\n<p style=\"text-align: justify;\">Netegem di\u00e0riament els nostres vehicles per oferir el m\u00e0xim confort i seguretat als nostres passatgers. Tamb\u00e9 realitzem el manteniment regularment complint la normativa vigent per assegurar el funcionament \u00f2ptim d&#8217;autocars, minibusos i cotxes.<\/p>\n<p>[\/vc_column_text][\/vc_column][vc_column width=&#8221;1\/2&#8243; css=&#8221;.vc_custom_1663337517581{margin-right: -60% !important;padding-top: 45% !important;padding-bottom: 45% !important;background-image: url(https:\/\/dotorbus.com\/wp-content\/uploads\/dotorbus-home-slider.jpg?id=3334) !important;background-position: center !important;background-repeat: no-repeat !important;background-size: cover !important;}&#8221;][\/vc_column][\/vc_row]<\/p>\n<\/div>","protected":false},"excerpt":{"rendered":"<p>[vc_row][vc_column][vc_column_text] Dotor \u00e9s una empresa sensibilitzada que es preocupa pel medi ambient. Per aquesta ra\u00f3 disposem de vehicles adequats a la normativa vigent i adoptem pol\u00edtiques actives per a contribuir en la cura de l&#8217;entorn. Autocars Normativa Euro VI Reciclatge de paper i escombraries Materials de neteja *biodegradables Recollida d&#8217;olis a c\u00e0rrec de *CATOR [\/vc_column_text][\/vc_column][\/vc_row][vc_row&hellip;<\/p>\n","protected":false},"author":1,"featured_media":3349,"parent":0,"menu_order":0,"comment_status":"closed","ping_status":"open","template":"","meta":{"footnotes":""},"class_list":["post-1414","page","type-page","status-publish","has-post-thumbnail","hentry","description-off"],"yoast_head":"<!-- This site is optimized with the Yoast SEO plugin v26.3 - https:\/\/yoast.com\/wordpress\/plugins\/seo\/ -->\n<title>Sostenibilitat i salut - Dotorbus<\/title>\n<meta name=\"robots\" content=\"index, follow, max-snippet:-1, max-image-preview:large, max-video-preview:-1\" \/>\n<link rel=\"canonical\" href=\"https:\/\/dotorbus.com\/ca\/sostenibilitat-i-salut\/\" \/>\n<meta property=\"og:locale\" content=\"ca_ES\" \/>\n<meta property=\"og:type\" content=\"article\" \/>\n<meta property=\"og:title\" content=\"Sostenibilitat i salut - Dotorbus\" \/>\n<meta property=\"og:description\" content=\"[vc_row][vc_column][vc_column_text] Dotor \u00e9s una empresa sensibilitzada que es preocupa pel medi ambient. Per aquesta ra\u00f3 disposem de vehicles adequats a la normativa vigent i adoptem pol\u00edtiques actives per a contribuir en la cura de l&#8217;entorn. Autocars Normativa Euro VI Reciclatge de paper i escombraries Materials de neteja *biodegradables Recollida d&#8217;olis a c\u00e0rrec de *CATOR [\/vc_column_text][\/vc_column][\/vc_row][vc_row&hellip;\" \/>\n<meta property=\"og:url\" content=\"https:\/\/dotorbus.com\/ca\/sostenibilitat-i-salut\/\" \/>\n<meta property=\"og:site_name\" content=\"Dotorbus\" \/>\n<meta property=\"article:modified_time\" content=\"2022-10-06T12:10:45+00:00\" \/>\n<script type=\"application\/ld+json\" class=\"yoast-schema-graph\">{\"@context\":\"https:\/\/schema.org\",\"@graph\":[{\"@type\":\"WebPage\",\"@id\":\"https:\/\/dotorbus.com\/ca\/sostenibilitat-i-salut\/\",\"url\":\"https:\/\/dotorbus.com\/ca\/sostenibilitat-i-salut\/\",\"name\":\"Sostenibilitat i salut - Dotorbus\",\"isPartOf\":{\"@id\":\"https:\/\/dotorbus.com\/ca\/#website\"},\"primaryImageOfPage\":{\"@id\":\"https:\/\/dotorbus.com\/ca\/sostenibilitat-i-salut\/#primaryimage\"},\"image\":{\"@id\":\"https:\/\/dotorbus.com\/ca\/sostenibilitat-i-salut\/#primaryimage\"},\"thumbnailUrl\":\"https:\/\/dotorbus.com\/wp-content\/uploads\/dotorbus-sostenibilidad.jpg\",\"datePublished\":\"2015-12-21T12:00:48+00:00\",\"dateModified\":\"2022-10-06T12:10:45+00:00\",\"breadcrumb\":{\"@id\":\"https:\/\/dotorbus.com\/ca\/sostenibilitat-i-salut\/#breadcrumb\"},\"inLanguage\":\"ca\",\"potentialAction\":[{\"@type\":\"ReadAction\",\"target\":[\"https:\/\/dotorbus.com\/ca\/sostenibilitat-i-salut\/\"]}]},{\"@type\":\"ImageObject\",\"inLanguage\":\"ca\",\"@id\":\"https:\/\/dotorbus.com\/ca\/sostenibilitat-i-salut\/#primaryimage\",\"url\":\"https:\/\/dotorbus.com\/wp-content\/uploads\/dotorbus-sostenibilidad.jpg\",\"contentUrl\":\"https:\/\/dotorbus.com\/wp-content\/uploads\/dotorbus-sostenibilidad.jpg\",\"width\":1920,\"height\":1278},{\"@type\":\"BreadcrumbList\",\"@id\":\"https:\/\/dotorbus.com\/ca\/sostenibilitat-i-salut\/#breadcrumb\",\"itemListElement\":[{\"@type\":\"ListItem\",\"position\":1,\"name\":\"Portada\",\"item\":\"https:\/\/dotorbus.com\/ca\/\"},{\"@type\":\"ListItem\",\"position\":2,\"name\":\"Medi ambient\"}]},{\"@type\":\"WebSite\",\"@id\":\"https:\/\/dotorbus.com\/ca\/#website\",\"url\":\"https:\/\/dotorbus.com\/ca\/\",\"name\":\"Dotorbus\",\"description\":\"Coach &amp; Car Services\",\"publisher\":{\"@id\":\"https:\/\/dotorbus.com\/ca\/#organization\"},\"potentialAction\":[{\"@type\":\"SearchAction\",\"target\":{\"@type\":\"EntryPoint\",\"urlTemplate\":\"https:\/\/dotorbus.com\/ca\/?s={search_term_string}\"},\"query-input\":{\"@type\":\"PropertyValueSpecification\",\"valueRequired\":true,\"valueName\":\"search_term_string\"}}],\"inLanguage\":\"ca\"},{\"@type\":\"Organization\",\"@id\":\"https:\/\/dotorbus.com\/ca\/#organization\",\"name\":\"Dotorbus\",\"url\":\"https:\/\/dotorbus.com\/ca\/\",\"logo\":{\"@type\":\"ImageObject\",\"inLanguage\":\"ca\",\"@id\":\"https:\/\/dotorbus.com\/ca\/#\/schema\/logo\/image\/\",\"url\":\"https:\/\/dotorbus.com\/wp-content\/uploads\/autocars-dotor-logo.png\",\"contentUrl\":\"https:\/\/dotorbus.com\/wp-content\/uploads\/autocars-dotor-logo.png\",\"width\":308,\"height\":80,\"caption\":\"Dotorbus\"},\"image\":{\"@id\":\"https:\/\/dotorbus.com\/ca\/#\/schema\/logo\/image\/\"}}]}<\/script>\n<!-- \/ Yoast SEO plugin. -->","yoast_head_json":{"title":"Sostenibilitat i salut - Dotorbus","robots":{"index":"index","follow":"follow","max-snippet":"max-snippet:-1","max-image-preview":"max-image-preview:large","max-video-preview":"max-video-preview:-1"},"canonical":"https:\/\/dotorbus.com\/ca\/sostenibilitat-i-salut\/","og_locale":"ca_ES","og_type":"article","og_title":"Sostenibilitat i salut - Dotorbus","og_description":"[vc_row][vc_column][vc_column_text] Dotor \u00e9s una empresa sensibilitzada que es preocupa pel medi ambient. Per aquesta ra\u00f3 disposem de vehicles adequats a la normativa vigent i adoptem pol\u00edtiques actives per a contribuir en la cura de l&#8217;entorn. Autocars Normativa Euro VI Reciclatge de paper i escombraries Materials de neteja *biodegradables Recollida d&#8217;olis a c\u00e0rrec de *CATOR [\/vc_column_text][\/vc_column][\/vc_row][vc_row&hellip;","og_url":"https:\/\/dotorbus.com\/ca\/sostenibilitat-i-salut\/","og_site_name":"Dotorbus","article_modified_time":"2022-10-06T12:10:45+00:00","schema":{"@context":"https:\/\/schema.org","@graph":[{"@type":"WebPage","@id":"https:\/\/dotorbus.com\/ca\/sostenibilitat-i-salut\/","url":"https:\/\/dotorbus.com\/ca\/sostenibilitat-i-salut\/","name":"Sostenibilitat i salut - Dotorbus","isPartOf":{"@id":"https:\/\/dotorbus.com\/ca\/#website"},"primaryImageOfPage":{"@id":"https:\/\/dotorbus.com\/ca\/sostenibilitat-i-salut\/#primaryimage"},"image":{"@id":"https:\/\/dotorbus.com\/ca\/sostenibilitat-i-salut\/#primaryimage"},"thumbnailUrl":"https:\/\/dotorbus.com\/wp-content\/uploads\/dotorbus-sostenibilidad.jpg","datePublished":"2015-12-21T12:00:48+00:00","dateModified":"2022-10-06T12:10:45+00:00","breadcrumb":{"@id":"https:\/\/dotorbus.com\/ca\/sostenibilitat-i-salut\/#breadcrumb"},"inLanguage":"ca","potentialAction":[{"@type":"ReadAction","target":["https:\/\/dotorbus.com\/ca\/sostenibilitat-i-salut\/"]}]},{"@type":"ImageObject","inLanguage":"ca","@id":"https:\/\/dotorbus.com\/ca\/sostenibilitat-i-salut\/#primaryimage","url":"https:\/\/dotorbus.com\/wp-content\/uploads\/dotorbus-sostenibilidad.jpg","contentUrl":"https:\/\/dotorbus.com\/wp-content\/uploads\/dotorbus-sostenibilidad.jpg","width":1920,"height":1278},{"@type":"BreadcrumbList","@id":"https:\/\/dotorbus.com\/ca\/sostenibilitat-i-salut\/#breadcrumb","itemListElement":[{"@type":"ListItem","position":1,"name":"Portada","item":"https:\/\/dotorbus.com\/ca\/"},{"@type":"ListItem","position":2,"name":"Medi ambient"}]},{"@type":"WebSite","@id":"https:\/\/dotorbus.com\/ca\/#website","url":"https:\/\/dotorbus.com\/ca\/","name":"Dotorbus","description":"Coach &amp; Car Services","publisher":{"@id":"https:\/\/dotorbus.com\/ca\/#organization"},"potentialAction":[{"@type":"SearchAction","target":{"@type":"EntryPoint","urlTemplate":"https:\/\/dotorbus.com\/ca\/?s={search_term_string}"},"query-input":{"@type":"PropertyValueSpecification","valueRequired":true,"valueName":"search_term_string"}}],"inLanguage":"ca"},{"@type":"Organization","@id":"https:\/\/dotorbus.com\/ca\/#organization","name":"Dotorbus","url":"https:\/\/dotorbus.com\/ca\/","logo":{"@type":"ImageObject","inLanguage":"ca","@id":"https:\/\/dotorbus.com\/ca\/#\/schema\/logo\/image\/","url":"https:\/\/dotorbus.com\/wp-content\/uploads\/autocars-dotor-logo.png","contentUrl":"https:\/\/dotorbus.com\/wp-content\/uploads\/autocars-dotor-logo.png","width":308,"height":80,"caption":"Dotorbus"},"image":{"@id":"https:\/\/dotorbus.com\/ca\/#\/schema\/logo\/image\/"}}]}},"_links":{"self":[{"href":"https:\/\/dotorbus.com\/ca\/wp-json\/wp\/v2\/pages\/1414","targetHints":{"allow":["GET"]}}],"collection":[{"href":"https:\/\/dotorbus.com\/ca\/wp-json\/wp\/v2\/pages"}],"about":[{"href":"https:\/\/dotorbus.com\/ca\/wp-json\/wp\/v2\/types\/page"}],"author":[{"embeddable":true,"href":"https:\/\/dotorbus.com\/ca\/wp-json\/wp\/v2\/users\/1"}],"replies":[{"embeddable":true,"href":"https:\/\/dotorbus.com\/ca\/wp-json\/wp\/v2\/comments?post=1414"}],"version-history":[{"count":4,"href":"https:\/\/dotorbus.com\/ca\/wp-json\/wp\/v2\/pages\/1414\/revisions"}],"predecessor-version":[{"id":54615,"href":"https:\/\/dotorbus.com\/ca\/wp-json\/wp\/v2\/pages\/1414\/revisions\/54615"}],"wp:featuredmedia":[{"embeddable":true,"href":"https:\/\/dotorbus.com\/ca\/wp-json\/wp\/v2\/media\/3349"}],"wp:attachment":[{"href":"https:\/\/dotorbus.com\/ca\/wp-json\/wp\/v2\/media?parent=1414"}],"curies":[{"name":"wp","href":"https:\/\/api.w.org\/{rel}","templated":true}]}}